{"id":1334,"date":"2018-05-31T13:44:01","date_gmt":"2018-05-31T11:44:01","guid":{"rendered":"http:\/\/diteico.com\/?page_id=1334"},"modified":"2023-03-15T12:54:01","modified_gmt":"2023-03-15T10:54:01","slug":"aviso-legal","status":"publish","type":"page","link":"https:\/\/diteico.com\/ca\/aviso-legal\/","title":{"rendered":"Av\u00eds Legal"},"content":{"rendered":"<div data-elementor-type=\"wp-post\" data-elementor-id=\"1334\" class=\"elementor elementor-1334\" data-elementor-post-type=\"page\">\n\t\t\t\t\t\t<section class=\"elementor-section elementor-top-section elementor-element elementor-element-18d992e elementor-section-boxed elementor-section-height-default elementor-section-height-default\" data-id=\"18d992e\" data-element_type=\"section\" data-e-type=\"section\" data-settings=\"{&quot;jet_parallax_layout_list&quot;:[]}\">\n\t\t\t\t\t\t<div class=\"elementor-container elementor-column-gap-default\">\n\t\t\t\t\t<div class=\"elementor-column elementor-col-100 elementor-top-column elementor-element elementor-element-c7dd091\" data-id=\"c7dd091\" data-element_type=\"column\" data-e-type=\"column\">\n\t\t\t<div class=\"elementor-widget-wrap elementor-element-populated\">\n\t\t\t\t\t\t<div class=\"elementor-element elementor-element-0f5ce3a elementor-widget elementor-widget-text-editor\" data-id=\"0f5ce3a\" data-element_type=\"widget\" data-e-type=\"widget\" data-widget_type=\"text-editor.default\">\n\t\t\t\t<div class=\"elementor-widget-container\">\n\t\t\t\t\t\t\t\t\t<p>Amb la finalitat de donar compliment a l&#039;article 10 de la Llei 34\/2002 de Serveis de la Societat de la Informaci\u00f3 i del Comer\u00e7 Electr\u00f2nic, informem els usuaris de les nostres dades:<\/p><p>Denominaci\u00f3 Social: Diteico, SL<br \/>Domicili Social: Pol. Ind. Sud. C\/de l&#039;Orfeo Catal\u00e0, 9. 08440, Cardedeu (Barcelona).<br \/>NIF: B58554395<br \/>Adre\u00e7a de correu electr\u00f2nic: <a href=\"mailto:info@diteico.com\">info@diteico.com<\/a><br \/>Tel\u00e8fon: 93 871 33 04<br \/>Lloc Web: <a href=\"https:\/\/diteico.com\/ca\/\">www.diteico.com<\/a><\/p><p><strong>OBJECTE<\/strong><\/p><p>Aquest Av\u00eds Legal t\u00e9 com a objectiu informar tots els usuaris sobre la configuraci\u00f3 i condicions d&#039;\u00fas del Lloc Web (www.diteico.com) de Diteico, SL D&#039;aquesta manera, Diteico, SL compleix amb les obligacions previstes a la Llei 34\/ 2002, de Serveis de la Societat de la Informaci\u00f3 i del Comer\u00e7 Electr\u00f2nic (LSSICE).<\/p><p>A trav\u00e9s del nostre Lloc Web posem a disposici\u00f3 dels usuaris tota la informaci\u00f3 necess\u00e0ria perqu\u00e8 coneguin els productes que oferim.<\/p><p>Aquest Av\u00eds Legal est\u00e0 subjecte a revisi\u00f3 cont\u00ednua per part de Diteico, SL, modificant-se sempre que resulti necessari per tal d&#039;adaptar-ho a l&#039;actualitat legislativa de cada moment oa qualsevol variaci\u00f3 al nostre Lloc Web. Per aix\u00f2, us recomanem revisar peri\u00f2dicament aquest document per mantenir-vos informats sobre qualsevol novetat relacionada amb la configuraci\u00f3 i \u00fas del Lloc Web.<\/p><p><strong>ACCEPTACI\u00d3 DE L&#039;USUARI<\/strong><\/p><p>L&#039;acc\u00e9s i l&#039;\u00fas del nostre lloc web us atribueix la condici\u00f3 d&#039;usuari. Des d&#039;aquest acc\u00e9s i\/o \u00fas, es considera que l&#039;usuari accepta de manera absoluta i sense reserves les normes i les condicions d&#039;\u00fas previstes en aquest Av\u00eds Legal. Si l&#039;usuari decideix no acceptar qualsevol de les normes o condicions esmentades, o manifesta algun tipus de reserva, cal abstenir-se d&#039;accedir i\/o utilitzar el nostre Lloc Web.<\/p><p><strong>CONDICIONS D&#039;ACC\u00c9S I \u00daS DEL LLOC WEB<\/strong><\/p><p>Car\u00e0cter gratu\u00eft d&#039;acc\u00e9s al Lloc Web<\/p><p>L&#039;acc\u00e9s i \u00fas del Lloc Web de Diteico, SL t\u00e9 car\u00e0cter gratu\u00eft per a tots els usuaris. En cas que els productes i serveis oferts a trav\u00e9s del Lloc Web estiguessin sotmesos al pagament d&#039;algun preu, els usuaris seran pr\u00e8viament i degudament informats a trav\u00e9s del Lloc Web per a la seva acceptaci\u00f3 en els termes econ\u00f2mics que corresponguin a cada moment.<\/p><p>Obligaci\u00f3 de fer un \u00fas correcte del Lloc Web<\/p><p>L&#039;usuari es compromet a utilitzar el Lloc Web d&#039;acord amb les disposicions del present Av\u00eds Legal i condicions d&#039;\u00fas, i s&#039;ha d&#039;abstenir de realitzar les accions seg\u00fcents:<\/p><p>dur a terme activitats contr\u00e0ries a la Llei vigent, moral, als bons costums oa l&#039;ordre p\u00fablic establert, o amb finalitats il\u00b7l\u00edcites, prohibides o lesives de drets i interessos de Diteico, SL o de tercers (en especial, drets de propietat intel\u00b7lectual, industrial o an\u00e0legs).<br \/>utilitzar el Lloc Web o part del mateix en altres llocs web privats o comercials, aix\u00ed com establir hiperenlla\u00e7os o hipervincles al Lloc Web oa algun dels seus continguts (llevat d&#039;autoritzaci\u00f3 expressa i per escrit de Diteico, SL).<br \/>falsejar la identitat de l&#039;usuari o suplantar la d&#039;un tercer, aix\u00ed com facilitar dades falses en l&#039;emplenament de formularis i altres documents de naturalesa an\u00e0loga. Ser\u00e0 responsabilitat de l&#039;usuari mantenir tota la informaci\u00f3 facilitada a Diteico, SL permanentment actualitzada, a m\u00e9s a m\u00e9s \u00e9s l&#039;\u00fanic responsable de les manifestacions falses o inexactes que realitzi i dels prejudicis que pogu\u00e9s causar a Diteico, SL oa tercers per aix\u00f2.<br \/>utilitzar codis maliciosos o programes inform\u00e0tics que puguin interrompre, obstaculitzar, inutilitzar o directament danyar el Lloc Web, els seus continguts o serveis i els equips, sistemes i xarxes que els donen suport.<\/p><p>Els continguts i serveis oferts a trav\u00e9s del Lloc Web estan destinats a ser utilitzats per persones grans. \u00danicament es permet l&#039;acc\u00e9s i \u00fas del Lloc Web per part de menors d&#039;edat si aquests darrers compten amb l&#039;autoritzaci\u00f3 pr\u00e8via dels seus pares, tutors o representants legals, els quals seran responsables de tots els actes realitzats a trav\u00e9s del Lloc Web pels menors a c\u00e0rrec.<\/p><p>Diteico, SL es reserva el dret a denegar discrecionalment a qualsevol usuari l&#039;acc\u00e9s al Lloc Web, els seus continguts i serveis, si hi ha indicis que els ha utilitzat o els utilitzar\u00e0 infringint les disposicions del present Av\u00eds Legal i condicions d&#039;\u00fas. Diteico, SL conservar\u00e0 tots els altres drets addicionals que li puguin correspondre davant l&#039;usuari, en especial els referents a l&#039;inici de procediments judicials penals o civils.<\/p><p><strong>RESPONSABILITATS<\/strong><\/p><p>L&#039;usuari utilitza el Lloc Web pel seu propi compte i risc. Mitjan\u00e7ant el seu acc\u00e9s, l&#039;usuari s&#039;obliga a utilitzar el Lloc Web conforme a la Llei i les disposicions del present Av\u00eds Legal, responent davant de Diteico, SL i davant de tercers de qualsevol dany o perjudici que pogu\u00e9s causar-se com a conseq\u00fc\u00e8ncia de l&#039;incompliment d&#039;aquesta obligaci\u00f3 .<\/p><p>Diteico, SL proporciona als seus usuaris l&#039;acc\u00e9s a aquest Lloc Web, els seus continguts i serveis amb un nivell de compet\u00e8ncia i dilig\u00e8ncia raonable. En aquest sentit, aquest Lloc Web ha estat revisat i provat perqu\u00e8 funcioni correctament els 365 dies de l&#039;any, 24 hores al dia. A m\u00e9s, el Lloc Web utilitza cookies per dur a terme determinades funcions que s\u00f3n considerades imprescindibles per al seu correcte funcionament i visualitzaci\u00f3. Per obtenir m\u00e9s informaci\u00f3 sobre les galetes que gestiona Diteico, SL, l&#039;usuari pot accedir a la nostra Pol\u00edtica de Cookies.<\/p><p>No obstant aix\u00f2, Diteico, SL no pot oferir garanties ni fer-se responsable dels danys i perjudicis de qualsevol naturalesa que es puguin derivar de:<\/p><p>la manca de disponibilitat o efectiu funcionament del Lloc Web, dels seus serveis i continguts, a causa de causes alienes al control de Diteico, SL<br \/>accions necess\u00e0ries per dur a terme operacions de millora, manteniment o an\u00e0logues del Lloc Web.<br \/>fallades o desconnexions a les xarxes de telecomunicacions que interrompin el servei, aix\u00ed com altres circumst\u00e0ncies esdevingudes per cas fortu\u00eft o for\u00e7a major.<br \/>continguts publicitaris o ofertes que pogu\u00e9s albergar el Lloc Web, sent els anunciants o ofertants els \u00fanics responsables d&#039;assegurar que el material rem\u00e9s per a la seva inclusi\u00f3 al Lloc Web compleix amb la normativa legal aplicable. Diteico, SL no ser\u00e0 responsable de qualsevol error, inexactitud o irregularitat que puguin presentar aquests continguts.<br \/>informaci\u00f3 publicada al Lloc Web, sempre que aquesta informaci\u00f3 hagi estat manipulada o introdu\u00efda per un tercer ali\u00e8.<br \/>errors de seguretat que puguin causar-se al sistema inform\u00e0tic de l&#039;usuari (hardware i software), com a conseq\u00fc\u00e8ncia de la pres\u00e8ncia de virus al dispositiu de l&#039;usuari utilitzat per a la connexi\u00f3 al Lloc Web.<br \/>un \u00fas del Lloc Web, dels seus serveis i continguts, il\u00b7l\u00edcit, negligent, fraudulent o contrari al present Av\u00eds Legal i condicions d\u00fas.<br \/>l&#039;incompliment o la manca de licitud, qualitat, fiabilitat, utilitat i disponibilitat dels productes o serveis prestats per tercers i posats a disposici\u00f3 dels usuaris a trav\u00e9s del Lloc Web.<\/p><p>El Lloc Web pot contenir enlla\u00e7os a altres llocs web i incorporar informaci\u00f3 o serveis de tercers, per facilitar l&#039;acc\u00e9s de l&#039;usuari a informaci\u00f3 d&#039;empreses col\u00b7laboradores. Diteico, SL no exerceix cap control sobre aquests i no es responsabilitza del seu contingut ni funcionament. Diteico, SL \u00fanicament ofereix a l&#039;usuari aquests enlla\u00e7os i informaci\u00f3 o serveis per a la seva comoditat, sent responsabilitat del mateix llegir i acceptar les condicions d&#039;\u00fas i pol\u00edtiques de privadesa publicats als llocs web o aplicacions vinculats.<\/p><p><strong>PROTECCI\u00d3 DE DADES PERSONALS<\/strong><\/p><p>Diteico, SL en qualitat de titular i responsable del present Lloc Web, informa a tots els usuaris que hagin facilitat o tinguin intenci\u00f3 de facilitar les seves dades personals, que aquestes seran tractades per Diteico, SL d&#039;acord amb la normativa legal de refer\u00e8ncia en mat\u00e8ria de protecci\u00f3 de dades, \u00e9s a dir, el Reglament (UE) 2016\/679 del Parlament Europeu i del Consell de 27 d&#039;abril del 2016 i la Llei Org\u00e0nica 3\/2018, del 5 de desembre.<\/p><p>A aquest efecte, les dades personals dels usuaris seran tractades de conformitat amb els principis de licitud, lleialtat, transpar\u00e8ncia, limitaci\u00f3 de la finalitat, minimitzaci\u00f3 de dades, exactitud, integritat i confidencialitat, respectant alhora la resta de les obligacions i garanties establertes a la normativa legal esmentada.<\/p><p>Per obtenir m\u00e9s informaci\u00f3 sobre com gestionem les dades personals dels nostres usuaris, consulteu la nostra Pol\u00edtica de Privadesa.<\/p><p><strong>PROPIETAT INDUSTRIAL I INTEL\u00b7LECTUAL<\/strong><\/p><p>La totalitat dels continguts del Lloc Web (textos, fotografies, gr\u00e0fics, imatges, tecnologia, programari, links, continguts audiovisuals, disseny gr\u00e0fic, codi font, etc.), aix\u00ed com les marques i altres signes distintius s\u00f3n propietat de Diteico, SL o de tercers, sent aquests els titulars dels corresponents drets de propietat intel\u00b7lectual i industrial, no adquirint l&#039;usuari cap facultat sobre ells pel mer acc\u00e9s i \u00fas del Lloc Web.<\/p><p>Queda prohibida la utilitzaci\u00f3, reproducci\u00f3, distribuci\u00f3, comunicaci\u00f3 p\u00fablica i transformaci\u00f3 dels continguts del Lloc Web de qualsevol manera per part de l&#039;usuari, excepte en els casos contemplats legalment o expressament autoritzats per Diteico, SL En aquest sentit, se n&#039;exceptua l&#039;explotaci\u00f3 dels continguts que sigui expressament autoritzada per Diteico, SL als seus clients o prove\u00efdors en virtut del corresponent contracte, aix\u00ed com l&#039;\u00fas personal i privat dels continguts d&#039;acc\u00e9s lliure i gratu\u00eft existents al Lloc Web.<\/p><p>Qualsevol \u00fas dels continguts del Lloc Web que incompleixi la obligaci\u00f3 anterior, es considerar\u00e0 un incompliment greu dels drets de propietat intel\u00b7lectual o industrial de Diteico, SL o de tercers, podent ser denunciat i perseguit per tots els mitjans legals.<\/p><p>Per tal de poder realitzar qualsevol tipus d&#039;observaci\u00f3 respecte a possibles vulneracions dels drets de propietat intel\u00b7lectual o industrial de Diteico, SL o dels seus titulars leg\u00edtims, ho pot fer a trav\u00e9s de l&#039;adre\u00e7a de correu electr\u00f2nic info@diteico.com.<\/p><p><strong>LLEI APLICABLE I JURISDICCI\u00d3<\/strong><\/p><p>Aquest Av\u00eds Legal es regeix per la legislaci\u00f3 espanyola, sent competents els jutjats i tribunals de Barcelona per con\u00e8ixer de totes les q\u00fcestions que se suscitin sobre la seva interpretaci\u00f3, aplicaci\u00f3 i compliment. L&#039;usuari, en virtut de l&#039;acceptaci\u00f3 de les previsions recollides en aquest Av\u00eds legal, renuncia expressament a qualsevol fur diferent que per aplicaci\u00f3 de la Llei vigent li pugui correspondre.<\/p><p>No obstant aix\u00f2, si l&#039;usuari presenta la condici\u00f3 de consumidor, les disposicions de l&#039;Av\u00eds Legal estaran igualment subjectes a la legislaci\u00f3 local aplicable corresponent, i se sotmetr\u00e0 conseq\u00fcentment qualsevol controv\u00e8rsia als tribunals competents del domicili de l&#039;usuari.<\/p>\t\t\t\t\t\t\t\t<\/div>\n\t\t\t\t<\/div>\n\t\t\t\t\t<\/div>\n\t\t<\/div>\n\t\t\t\t\t<\/div>\n\t\t<\/section>\n\t\t\t\t<\/div>","protected":false},"excerpt":{"rendered":"<p>Amb la finalitat de donar compliment a l&#039;article 10 de la Llei 34\/2002 de Serveis de la Societat de la Informaci\u00f3 i del Comer\u00e7 Electr\u00f2nic, informem els usuaris de les nostres dades: Denominaci\u00f3 Social: Diteico, SLDomicili Social: Pol. Ind. Sud. C\/de l&#039;Orfeo Catal\u00e0, 9. 08440, Cardedeu (Barcelona).NIF: B58554395Direcci\u00f3 de correu electr\u00f2nic: info@diteico.comTel\u00e8fon: 93 871 33 \u2026 <a title=\"Av\u00eds Legal\" class=\"read-more\" href=\"https:\/\/diteico.com\/ca\/aviso-legal\/\" aria-label=\"M\u00e9s informaci\u00f3 sobre Av\u00eds Legal\">Read more<\/a><\/p>","protected":false},"author":3,"featured_media":0,"parent":0,"menu_order":999,"comment_status":"closed","ping_status":"closed","template":"","meta":{"_acf_changed":false,"footnotes":""},"class_list":["post-1334","page","type-page","status-publish"],"acf":[],"yoast_head":"<!-- This site is optimized with the Yoast SEO plugin v27.0 - https:\/\/yoast.com\/product\/yoast-seo-wordpress\/ -->\n<title>Aviso Legal - Diteico S.L.<\/title>\n<meta name=\"description\" content=\"Distribuidor Oficial en Espa\u00f1a de Actuadores El\u00e9ctricos, Actuadores Neum\u00e1ticos, Reductores, Acomplamientos y Accesorios de las marcas J+J y CH-air.\" \/>\n<meta name=\"robots\" content=\"index, follow, max-snippet:-1, max-image-preview:large, max-video-preview:-1\" \/>\n<link rel=\"canonical\" href=\"https:\/\/diteico.com\/ca\/aviso-legal\/\" \/>\n<meta property=\"og:locale\" content=\"ca_ES\" \/>\n<meta property=\"og:type\" content=\"article\" \/>\n<meta property=\"og:title\" content=\"Aviso Legal - Diteico S.L.\" \/>\n<meta property=\"og:description\" content=\"Distribuidor Oficial en Espa\u00f1a de Actuadores El\u00e9ctricos, Actuadores Neum\u00e1ticos, Reductores, Acomplamientos y Accesorios de las marcas J+J y CH-air.\" \/>\n<meta property=\"og:url\" content=\"https:\/\/diteico.com\/ca\/aviso-legal\/\" \/>\n<meta property=\"og:site_name\" content=\"Diteico S.L.\" \/>\n<meta property=\"article:modified_time\" content=\"2023-03-15T10:54:01+00:00\" \/>\n<meta name=\"twitter:card\" content=\"summary_large_image\" \/>\n<meta name=\"twitter:label1\" content=\"Temps estimat de lectura\" \/>\n\t<meta name=\"twitter:data1\" content=\"8 minuts\" \/>\n<script type=\"application\/ld+json\" class=\"yoast-schema-graph\">{\"@context\":\"https:\/\/schema.org\",\"@graph\":[{\"@type\":\"WebPage\",\"@id\":\"https:\/\/diteico.com\/aviso-legal\/\",\"url\":\"https:\/\/diteico.com\/aviso-legal\/\",\"name\":\"Aviso Legal - Diteico S.L.\",\"isPartOf\":{\"@id\":\"https:\/\/diteico.com\/#website\"},\"datePublished\":\"2018-05-31T11:44:01+00:00\",\"dateModified\":\"2023-03-15T10:54:01+00:00\",\"description\":\"Distribuidor Oficial en Espa\u00f1a de Actuadores El\u00e9ctricos, Actuadores Neum\u00e1ticos, Reductores, Acomplamientos y Accesorios de las marcas J+J y CH-air.\",\"breadcrumb\":{\"@id\":\"https:\/\/diteico.com\/aviso-legal\/#breadcrumb\"},\"inLanguage\":\"ca\",\"potentialAction\":[{\"@type\":\"ReadAction\",\"target\":[\"https:\/\/diteico.com\/aviso-legal\/\"]}]},{\"@type\":\"BreadcrumbList\",\"@id\":\"https:\/\/diteico.com\/aviso-legal\/#breadcrumb\",\"itemListElement\":[{\"@type\":\"ListItem\",\"position\":1,\"name\":\"Portada\",\"item\":\"https:\/\/diteico.com\/\"},{\"@type\":\"ListItem\",\"position\":2,\"name\":\"Aviso Legal\"}]},{\"@type\":\"WebSite\",\"@id\":\"https:\/\/diteico.com\/#website\",\"url\":\"https:\/\/diteico.com\/\",\"name\":\"Diteico S.L.\",\"description\":\"Actuadores El\u00e9ctricos, Actuadores Pneum\u00e1ticos, Reductores, Acomplamientos y Accesorios.\",\"potentialAction\":[{\"@type\":\"SearchAction\",\"target\":{\"@type\":\"EntryPoint\",\"urlTemplate\":\"https:\/\/diteico.com\/?s={search_term_string}\"},\"query-input\":{\"@type\":\"PropertyValueSpecification\",\"valueRequired\":true,\"valueName\":\"search_term_string\"}}],\"inLanguage\":\"ca\"}]}<\/script>\n<!-- \/ Yoast SEO plugin. -->","yoast_head_json":{"title":"Av\u00eds Legal - Diteico SL","description":"Distribu\u00efdor Oficial a Espanya d&#039;Actuadors El\u00e8ctrics, Actuadors Pneum\u00e0tics, Reductors, Complaments i Accessoris de les marques J+J i CH-air.","robots":{"index":"index","follow":"follow","max-snippet":"max-snippet:-1","max-image-preview":"max-image-preview:large","max-video-preview":"max-video-preview:-1"},"canonical":"https:\/\/diteico.com\/ca\/aviso-legal\/","og_locale":"ca_ES","og_type":"article","og_title":"Aviso Legal - Diteico S.L.","og_description":"Distribuidor Oficial en Espa\u00f1a de Actuadores El\u00e9ctricos, Actuadores Neum\u00e1ticos, Reductores, Acomplamientos y Accesorios de las marcas J+J y CH-air.","og_url":"https:\/\/diteico.com\/ca\/aviso-legal\/","og_site_name":"Diteico S.L.","article_modified_time":"2023-03-15T10:54:01+00:00","twitter_card":"summary_large_image","twitter_misc":{"Temps estimat de lectura":"8 minuts"},"schema":{"@context":"https:\/\/schema.org","@graph":[{"@type":"WebPage","@id":"https:\/\/diteico.com\/aviso-legal\/","url":"https:\/\/diteico.com\/aviso-legal\/","name":"Av\u00eds Legal - Diteico SL","isPartOf":{"@id":"https:\/\/diteico.com\/#website"},"datePublished":"2018-05-31T11:44:01+00:00","dateModified":"2023-03-15T10:54:01+00:00","description":"Distribu\u00efdor Oficial a Espanya d&#039;Actuadors El\u00e8ctrics, Actuadors Pneum\u00e0tics, Reductors, Complaments i Accessoris de les marques J+J i CH-air.","breadcrumb":{"@id":"https:\/\/diteico.com\/aviso-legal\/#breadcrumb"},"inLanguage":"ca","potentialAction":[{"@type":"ReadAction","target":["https:\/\/diteico.com\/aviso-legal\/"]}]},{"@type":"BreadcrumbList","@id":"https:\/\/diteico.com\/aviso-legal\/#breadcrumb","itemListElement":[{"@type":"ListItem","position":1,"name":"Portada","item":"https:\/\/diteico.com\/"},{"@type":"ListItem","position":2,"name":"Aviso Legal"}]},{"@type":"WebSite","@id":"https:\/\/diteico.com\/#website","url":"https:\/\/diteico.com\/","name":"Diteico SL","description":"Actuadors El\u00e8ctrics, Actuadors Pneum\u00e0tics, Reductors, Acomplaments i Accessoris.","potentialAction":[{"@type":"SearchAction","target":{"@type":"EntryPoint","urlTemplate":"https:\/\/diteico.com\/?s={search_term_string}"},"query-input":{"@type":"PropertyValueSpecification","valueRequired":true,"valueName":"search_term_string"}}],"inLanguage":"ca"}]}},"_links":{"self":[{"href":"https:\/\/diteico.com\/ca\/wp-json\/wp\/v2\/pages\/1334","targetHints":{"allow":["GET"]}}],"collection":[{"href":"https:\/\/diteico.com\/ca\/wp-json\/wp\/v2\/pages"}],"about":[{"href":"https:\/\/diteico.com\/ca\/wp-json\/wp\/v2\/types\/page"}],"author":[{"embeddable":true,"href":"https:\/\/diteico.com\/ca\/wp-json\/wp\/v2\/users\/3"}],"replies":[{"embeddable":true,"href":"https:\/\/diteico.com\/ca\/wp-json\/wp\/v2\/comments?post=1334"}],"version-history":[{"count":19,"href":"https:\/\/diteico.com\/ca\/wp-json\/wp\/v2\/pages\/1334\/revisions"}],"predecessor-version":[{"id":4653,"href":"https:\/\/diteico.com\/ca\/wp-json\/wp\/v2\/pages\/1334\/revisions\/4653"}],"wp:attachment":[{"href":"https:\/\/diteico.com\/ca\/wp-json\/wp\/v2\/media?parent=1334"}],"curies":[{"name":"wp","href":"https:\/\/api.w.org\/{rel}","templated":true}]}}