{"id":3416,"date":"2021-10-25T10:30:05","date_gmt":"2021-10-25T08:30:05","guid":{"rendered":"https:\/\/diteico.com\/?page_id=3416"},"modified":"2023-11-29T18:07:06","modified_gmt":"2023-11-29T16:07:06","slug":"politica-de-cookies","status":"publish","type":"page","link":"https:\/\/diteico.com\/ca\/politica-de-cookies\/","title":{"rendered":"Pol\u00edtica de galetes"},"content":{"rendered":"<div data-elementor-type=\"wp-page\" data-elementor-id=\"3416\" class=\"elementor elementor-3416\" data-elementor-post-type=\"page\">\n\t\t\t\t\t\t<section class=\"elementor-section elementor-top-section elementor-element elementor-element-aa6cb12 elementor-section-boxed elementor-section-height-default elementor-section-height-default\" data-id=\"aa6cb12\" data-element_type=\"section\" data-e-type=\"section\" data-settings=\"{&quot;jet_parallax_layout_list&quot;:[]}\">\n\t\t\t\t\t\t<div class=\"elementor-container elementor-column-gap-default\">\n\t\t\t\t\t<div class=\"elementor-column elementor-col-100 elementor-top-column elementor-element elementor-element-1be7e64\" data-id=\"1be7e64\" data-element_type=\"column\" data-e-type=\"column\">\n\t\t\t<div class=\"elementor-widget-wrap elementor-element-populated\">\n\t\t\t\t\t\t<div class=\"elementor-element elementor-element-7966719 elementor-widget elementor-widget-text-editor\" data-id=\"7966719\" data-element_type=\"widget\" data-e-type=\"widget\" data-widget_type=\"text-editor.default\">\n\t\t\t\t<div class=\"elementor-widget-container\">\n\t\t\t\t\t\t\t\t\t<p>DITEICO, SL, titular d&#039;aquest Lloc Web <a href=\"https:\/\/diteico.com\/ca\/\">www.diteico.com<\/a>, utilitza cookies pr\u00f2pies i de tercers per a diferents finalitats. DITEICO, SL recorre a l&#039;\u00fas de cookies als efectes de complir les exig\u00e8ncies legals previstes a la Llei 34\/2002, d&#039;11 de juliol, de serveis de la societat de la informaci\u00f3 i de comer\u00e7 electr\u00f2nic (LSSI).<\/p><p>Aquesta Pol\u00edtica de Cookies t\u00e9 per objecte informar-vos de manera clara, precisa i completa sobre les cookies que utilitzem, la informaci\u00f3 que recopilem a trav\u00e9s d&#039;aquestes i per a quines finalitats s&#039;utilitza aquesta informaci\u00f3 tal com estableix l&#039;article 22.2 de la LSSI.<\/p><p><strong>QU\u00c8 S\u00d3N LES COOKIES I QUINA \u00c9S LA SEVA FINALITAT?<\/strong><\/p><p>Una galeta \u00e9s un arxiu que s&#039;emmagatzema a l&#039;ordinador, tauleta, smartphone o qualsevol altre dispositiu de l&#039;usuari, amb la finalitat de demanar i emmagatzemar informaci\u00f3 sobre l&#039;\u00fas, per part d&#039;aquest \u00faltim, del Lloc Web (article 22.2 LSSI) .<\/p><p><strong>QUI \u00c9S EL RESPONSABLE?<\/strong><\/p><p>Les cookies utilitzades a la p\u00e0gina web s\u00f3n tractades per DITEICO, SL o tercers amb les seves finalitats i el per\u00edode de conservaci\u00f3, establerts a l&#039;apartat quart de la present pol\u00edtica de cookies.<\/p><p><strong>QUIN TIPUS DE COOKIES EXISTEIXEN?<\/strong><\/p><p>A continuaci\u00f3, s&#039;exposa una classificaci\u00f3 de les cookies que existeixen i poden arribar a ser utilitzades al nostre Lloc Web, tenint en compte que una mateixa galeta pot estar inclosa a m\u00e9s d&#039;una categoria.<br \/>Segons l&#039;entitat que les gestiona<\/p><p><span style=\"text-decoration: underline;\">Cookies pr\u00f2pies:<\/span> aquelles que s&#039;envien al vostre equip des dels nostres propis equips o dominis i des del qual prestem el servei que ens demana.<\/p><p><span style=\"text-decoration: underline;\">Cookies de tercers:<\/span> aquelles que s&#039;envien al vostre equip des d&#039;un equip o domini que no \u00e9s gestionat per nosaltres, sin\u00f3 per una altra entitat col\u00b7laboradora.<\/p><p>Segons el termini de temps que romanen actives<\/p><p><span style=\"text-decoration: underline;\">Cookies de sessi\u00f3:<\/span> s\u00f3n aquelles dissenyades per a demanar i emmagatzemar dades mentre el<br \/>usuari accedeix a una p\u00e0gina web. Se solen fer servir per emmagatzemar informaci\u00f3 que nom\u00e9s interessa conservar per a la prestaci\u00f3 del servei sol\u00b7licitat per l&#039;usuari en una sola ocasi\u00f3 (per exemple, una llista de productes adquirits) i desapareixen en acabar la sessi\u00f3.<\/p><p><span style=\"text-decoration: underline;\">Cookies persistents:<\/span> s\u00f3n aquelles en qu\u00e8 les dades segueixen emmagatzemades al terminal i poden ser accedides i tractades durant un per\u00edode definit pel responsable de la galeta, i que pot anar d&#039;uns minuts a diversos anys.<\/p><p><strong>Segons la finalitat<\/strong><\/p><p><span style=\"text-decoration: underline;\">Galetes t\u00e8cniques:<\/span> s\u00f3n aquelles que permeten la navegaci\u00f3 a trav\u00e9s del Lloc Web, incloent-hi aquelles utilitzades per a la gesti\u00f3 del Lloc Web i l&#039;habilitaci\u00f3 de les seves funcions i serveis (p. ex.: controlar el tr\u00e0nsit i la comunicaci\u00f3 de dades, identificar la sessi\u00f3, accedir a parts d&#039;acc\u00e9s restringit, recordar els elements que integren una comanda, fer el proc\u00e9s de compra d&#039;una comanda, gestionar el pagament, etc.). Aquestes galetes estaran exceptuades del compliment de les obligacions establertes a l&#039;article 22.2 de la LSSI quan permetin prestar el servei sol\u00b7licitat per l&#039;usuari. No obstant aix\u00f2, si aquestes galetes s&#039;utilitzen per a finalitats no exemptes, quedaran subjectes a aquestes obligacions.<\/p><p><span style=\"text-decoration: underline;\">Cookies de personalitzaci\u00f3:<\/span> s\u00f3n aquelles que permeten recordar informaci\u00f3 perqu\u00e8 pugueu accedir al Lloc Web amb determinades caracter\u00edstiques que poden diferenciar la vostra experi\u00e8ncia de la d&#039;altres usuaris (p.ex.: l&#039;idioma, el nombre de resultats a mostrar quan l&#039;usuari realitza una cerca, l&#039;aspecte o contingut del servei en funci\u00f3 del tipus de navegador a trav\u00e9s del qual lusuari accedeix al servei o de la regi\u00f3 des de la qual accedeix al servei, etc.). Si \u00e9s el mateix usuari qui escull aquestes caracter\u00edstiques (per exemple, seleccionant l&#039;idioma del lloc web clicant sobre la icona de la bandera que correspon), les galetes estaran exceptuades de les obligacions de l&#039;article 22.2 de la LSSI per considerar-se un servei expressament sol\u00b7licitat per l&#039;usuari, sempre que les galetes obeeixin a la finalitat seleccionada.<\/p><p><span style=\"text-decoration: underline;\">Galetes d&#039;an\u00e0lisi o mesurament:<\/span> s\u00f3n aquelles que permeten al responsable de les mateixes el seguiment i an\u00e0lisi del comportament dels usuaris, inclosa la quantificaci\u00f3 dels impactes dels anuncis. La informaci\u00f3 recollida mitjan\u00e7ant aquest tipus de galetes s&#039;utilitza en el mesurament de l&#039;activitat del Lloc Web per introduir millores en funci\u00f3 de l&#039;an\u00e0lisi de les dades d&#039;\u00fas que fan els usuaris.<br \/>Cookies de publicitat comportamental: s\u00f3n aquelles que emmagatzemen informaci\u00f3 del comportament dels usuaris obtinguda a trav\u00e9s de l&#039;observaci\u00f3 continuada dels seus h\u00e0bits de navegaci\u00f3, cosa que permet desenvolupar un perfil espec\u00edfic per mostrar publicitat en funci\u00f3 del mateix.<\/p><p><strong>QUINES COOKIES UTILITZEM AL NOSTRE LLOC WEB?<\/strong><\/p><p>DITEICO, SL utilitza les cookies seg\u00fcents:<\/p><table class=\"default\"><tbody><tr><th style=\"text-align: center;\"><strong>Tipus de Cookie<\/strong><\/th><th style=\"text-align: center;\"><strong>Nom de galeta<\/strong><\/th><th style=\"text-align: center;\"><strong>Descripci\u00f3<\/strong><\/th><th style=\"text-align: center;\"><strong>Propietat<\/strong><\/th><th style=\"text-align: center;\"><strong>Durada<\/strong><\/th><\/tr><tr><td style=\"text-align: center;\">Anal\u00edtica<\/td><td style=\"text-align: center;\">Google Analytics<\/td><td style=\"text-align: center;\">Estad\u00edstica del tr\u00e0nsit web<\/td><td style=\"text-align: center;\">Google<\/td><td style=\"text-align: center;\">2 anys<\/td><\/tr><\/tbody><\/table><p><strong>DURANT QUANT TEMPS CONSERVAREM LA INFORMACI\u00d3?<\/strong><\/p><p>En compliment de l&#039;art. 13.2 del Reglament (UE) 2016\/679, mantindrem la informaci\u00f3 recollida a trav\u00e9s de les cookies durant el temps imprescindible per complir amb les finalitats indicades a cada galeta.<br \/>En relaci\u00f3 amb les cookies de tercers, els terminis de conservaci\u00f3 podran ser consultats a les respectives <a href=\"https:\/\/diteico.com\/ca\/politica-de-privacidad\/\">Pol\u00edtiques de Privadesa<\/a> i de Cookies que consten a la taula anterior.<\/p><p><strong>COM CONFIGURAR O DESHABILITAR LES COOKIES?<\/strong><\/p><p>La legitimaci\u00f3 de DITEICO, SL per a l&#039;\u00fas de cookies est\u00e0 basada en el consentiment expr\u00e9s que se us demana, d&#039;acord amb l&#039;article 6.1.a) del Reglament (UE) 2016\/679.<\/p><p>El consentiment que ens ha prestat \u00e9s aplicable a les galetes del present Lloc Web <a href=\"https:\/\/diteico.com\/ca\/\">www.diteico.com<\/a> i dels llocs web dels tercers amb qu\u00e8 col\u00b7laborem, especificats a l&#039;apartat \u201cquines cookies utilitzem al nostre lloc web?\u201d de la present Pol\u00edtica.<\/p><p>Recordeu que en qualsevol moment podeu modificar o retirar el vostre consentiment a trav\u00e9s del banner situat a la part inferior del nostre Lloc Web (Gestiona el vostre consentiment).<\/p><p>Podeu restringir, bloquejar o esborrar les cookies instal\u00b7lades al vostre equip mitjan\u00e7ant la configuraci\u00f3 de les opcions del vostre navegador d&#039;Internet:<\/p><p>Google Chrome: <a href=\"https:\/\/support.google.com\/accounts\/answer\/61416?co=GENIE.Platform=Desktop&amp;hl=es#\" target=\"_blank\" rel=\"noopener\">https:\/\/support.google.com\/accounts\/answer\/61416?co=GENIE.Platform=Desktop&amp;hl=es#<\/a><br \/>Mozilla Firefox: <a href=\"https:\/\/support.mozilla.org\/es\/kb\/habilitar-y-deshabilitar-cookies-sitios-web-rastrear-preferencias\" target=\"_blank\" rel=\"noopener\">https:\/\/support.mozilla.org\/es\/kb\/habilitar-y-deshabilitar-cookies-sitios-web-rastrear-preferencias<\/a><br \/>Internet Explorer: <a href=\"https:\/\/support.microsoft.com\/es-es\/topic\/eliminar-y-administrar-cookies-168dab11-0753-043d-7c16-ede5947fc64d\" target=\"_blank\" rel=\"noopener\">https:\/\/support.microsoft.com\/es-es\/topic\/eliminar-y-administrar-cookies-168dab11-0753-043d-7c16-ede5947fc64d<\/a><br \/>Safari: <a href=\"https:\/\/support.apple.com\/es-es\/guide\/safari\/sfri11471\/mac\" target=\"_blank\" rel=\"noopener\">https:\/\/support.apple.com\/es-es\/guide\/safari\/sfri11471\/mac<\/a><\/p><p><strong>INFORMACI\u00d3 ADDICIONAL<\/strong><\/p><p>Per a totes aquelles q\u00fcestions referides a la privadesa i protecci\u00f3 de dades, pots consultar la nostra <a href=\"https:\/\/diteico.com\/ca\/politica-de-privacidad\/\">pol\u00edtica de privadesa<\/a>.<\/p><p>Aquesta Pol\u00edtica de Cookies compleix les directrius establertes pel Comit\u00e8 Europeu de Protecci\u00f3 de Dades adaptades a la Guia de Cookies de l&#039;AEPD, ser\u00e0 objecte de modificaci\u00f3 sempre que sigui necessari per tal d&#039;adaptar-la a l&#039;actualitat legislativa de cada moment oa qualsevol variaci\u00f3 en el tipus de cookies utilitzades al Lloc Web. Per aix\u00f2, us recomanem revisar aquesta Pol\u00edtica cada vegada que accediu al nostre Lloc Web amb l&#039;objectiu de mantenir-vos informats sobre com i per a qu\u00e8 fem servir les cookies.<\/p>\t\t\t\t\t\t\t\t<\/div>\n\t\t\t\t<\/div>\n\t\t\t\t\t<\/div>\n\t\t<\/div>\n\t\t\t\t\t<\/div>\n\t\t<\/section>\n\t\t\t\t<\/div>","protected":false},"excerpt":{"rendered":"<p>DITEICO, SL, titular d&#039;aquest Lloc Web www.diteico.com, utilitza cookies pr\u00f2pies i de tercers per a diferents finalitats. DITEICO, SL recorre a l&#039;\u00fas de cookies als efectes de complir les exig\u00e8ncies legals previstes a la Llei 34\/2002, d&#039;11 de juliol, de serveis de la societat de la informaci\u00f3 i de comer\u00e7 electr\u00f2nic (LSSI). \u2026 <a title=\"Pol\u00edtica de galetes\" class=\"read-more\" href=\"https:\/\/diteico.com\/ca\/politica-de-cookies\/\" aria-label=\"M\u00e9s informaci\u00f3 sobre Pol\u00edtica de Cookies\">Read more<\/a><\/p>","protected":false},"author":3,"featured_media":0,"parent":0,"menu_order":999,"comment_status":"closed","ping_status":"closed","template":"","meta":{"_acf_changed":false,"footnotes":""},"class_list":["post-3416","page","type-page","status-publish"],"acf":[],"yoast_head":"<!-- This site is optimized with the Yoast SEO plugin v27.0 - https:\/\/yoast.com\/product\/yoast-seo-wordpress\/ -->\n<title>Pol\u00edtica de Cookies - Diteico S.L.<\/title>\n<meta name=\"description\" content=\"Distribuidor Oficial en Espa\u00f1a de Actuadores El\u00e9ctricos, Actuadores Neum\u00e1ticos, Reductores, Acomplamientos y Accesorios de las marcas J+J y CH-air.\" \/>\n<meta name=\"robots\" content=\"index, follow, max-snippet:-1, max-image-preview:large, max-video-preview:-1\" \/>\n<link rel=\"canonical\" href=\"https:\/\/diteico.com\/ca\/politica-de-cookies\/\" \/>\n<meta property=\"og:locale\" content=\"ca_ES\" \/>\n<meta property=\"og:type\" content=\"article\" \/>\n<meta property=\"og:title\" content=\"Pol\u00edtica de Cookies - Diteico S.L.\" \/>\n<meta property=\"og:description\" content=\"Distribuidor Oficial en Espa\u00f1a de Actuadores El\u00e9ctricos, Actuadores Neum\u00e1ticos, Reductores, Acomplamientos y Accesorios de las marcas J+J y CH-air.\" \/>\n<meta property=\"og:url\" content=\"https:\/\/diteico.com\/ca\/politica-de-cookies\/\" \/>\n<meta property=\"og:site_name\" content=\"Diteico S.L.\" \/>\n<meta property=\"article:modified_time\" content=\"2023-11-29T16:07:06+00:00\" \/>\n<meta name=\"twitter:card\" content=\"summary_large_image\" \/>\n<meta name=\"twitter:label1\" content=\"Temps estimat de lectura\" \/>\n\t<meta name=\"twitter:data1\" content=\"5 minuts\" \/>\n<script type=\"application\/ld+json\" class=\"yoast-schema-graph\">{\"@context\":\"https:\/\/schema.org\",\"@graph\":[{\"@type\":\"WebPage\",\"@id\":\"https:\/\/diteico.com\/politica-de-cookies\/\",\"url\":\"https:\/\/diteico.com\/politica-de-cookies\/\",\"name\":\"Pol\u00edtica de Cookies - Diteico S.L.\",\"isPartOf\":{\"@id\":\"https:\/\/diteico.com\/#website\"},\"datePublished\":\"2021-10-25T08:30:05+00:00\",\"dateModified\":\"2023-11-29T16:07:06+00:00\",\"description\":\"Distribuidor Oficial en Espa\u00f1a de Actuadores El\u00e9ctricos, Actuadores Neum\u00e1ticos, Reductores, Acomplamientos y Accesorios de las marcas J+J y CH-air.\",\"breadcrumb\":{\"@id\":\"https:\/\/diteico.com\/politica-de-cookies\/#breadcrumb\"},\"inLanguage\":\"ca\",\"potentialAction\":[{\"@type\":\"ReadAction\",\"target\":[\"https:\/\/diteico.com\/politica-de-cookies\/\"]}]},{\"@type\":\"BreadcrumbList\",\"@id\":\"https:\/\/diteico.com\/politica-de-cookies\/#breadcrumb\",\"itemListElement\":[{\"@type\":\"ListItem\",\"position\":1,\"name\":\"Portada\",\"item\":\"https:\/\/diteico.com\/\"},{\"@type\":\"ListItem\",\"position\":2,\"name\":\"Pol\u00edtica de Cookies\"}]},{\"@type\":\"WebSite\",\"@id\":\"https:\/\/diteico.com\/#website\",\"url\":\"https:\/\/diteico.com\/\",\"name\":\"Diteico S.L.\",\"description\":\"Actuadores El\u00e9ctricos, Actuadores Pneum\u00e1ticos, Reductores, Acomplamientos y Accesorios.\",\"potentialAction\":[{\"@type\":\"SearchAction\",\"target\":{\"@type\":\"EntryPoint\",\"urlTemplate\":\"https:\/\/diteico.com\/?s={search_term_string}\"},\"query-input\":{\"@type\":\"PropertyValueSpecification\",\"valueRequired\":true,\"valueName\":\"search_term_string\"}}],\"inLanguage\":\"ca\"}]}<\/script>\n<!-- \/ Yoast SEO plugin. -->","yoast_head_json":{"title":"Pol\u00edtica de Cookies - Diteico SL","description":"Distribu\u00efdor Oficial a Espanya d&#039;Actuadors El\u00e8ctrics, Actuadors Pneum\u00e0tics, Reductors, Complaments i Accessoris de les marques J+J i CH-air.","robots":{"index":"index","follow":"follow","max-snippet":"max-snippet:-1","max-image-preview":"max-image-preview:large","max-video-preview":"max-video-preview:-1"},"canonical":"https:\/\/diteico.com\/ca\/politica-de-cookies\/","og_locale":"ca_ES","og_type":"article","og_title":"Pol\u00edtica de Cookies - Diteico S.L.","og_description":"Distribuidor Oficial en Espa\u00f1a de Actuadores El\u00e9ctricos, Actuadores Neum\u00e1ticos, Reductores, Acomplamientos y Accesorios de las marcas J+J y CH-air.","og_url":"https:\/\/diteico.com\/ca\/politica-de-cookies\/","og_site_name":"Diteico S.L.","article_modified_time":"2023-11-29T16:07:06+00:00","twitter_card":"summary_large_image","twitter_misc":{"Temps estimat de lectura":"5 minuts"},"schema":{"@context":"https:\/\/schema.org","@graph":[{"@type":"WebPage","@id":"https:\/\/diteico.com\/politica-de-cookies\/","url":"https:\/\/diteico.com\/politica-de-cookies\/","name":"Pol\u00edtica de Cookies - Diteico SL","isPartOf":{"@id":"https:\/\/diteico.com\/#website"},"datePublished":"2021-10-25T08:30:05+00:00","dateModified":"2023-11-29T16:07:06+00:00","description":"Distribu\u00efdor Oficial a Espanya d&#039;Actuadors El\u00e8ctrics, Actuadors Pneum\u00e0tics, Reductors, Complaments i Accessoris de les marques J+J i CH-air.","breadcrumb":{"@id":"https:\/\/diteico.com\/politica-de-cookies\/#breadcrumb"},"inLanguage":"ca","potentialAction":[{"@type":"ReadAction","target":["https:\/\/diteico.com\/politica-de-cookies\/"]}]},{"@type":"BreadcrumbList","@id":"https:\/\/diteico.com\/politica-de-cookies\/#breadcrumb","itemListElement":[{"@type":"ListItem","position":1,"name":"Portada","item":"https:\/\/diteico.com\/"},{"@type":"ListItem","position":2,"name":"Pol\u00edtica de Cookies"}]},{"@type":"WebSite","@id":"https:\/\/diteico.com\/#website","url":"https:\/\/diteico.com\/","name":"Diteico SL","description":"Actuadors El\u00e8ctrics, Actuadors Pneum\u00e0tics, Reductors, Acomplaments i Accessoris.","potentialAction":[{"@type":"SearchAction","target":{"@type":"EntryPoint","urlTemplate":"https:\/\/diteico.com\/?s={search_term_string}"},"query-input":{"@type":"PropertyValueSpecification","valueRequired":true,"valueName":"search_term_string"}}],"inLanguage":"ca"}]}},"_links":{"self":[{"href":"https:\/\/diteico.com\/ca\/wp-json\/wp\/v2\/pages\/3416","targetHints":{"allow":["GET"]}}],"collection":[{"href":"https:\/\/diteico.com\/ca\/wp-json\/wp\/v2\/pages"}],"about":[{"href":"https:\/\/diteico.com\/ca\/wp-json\/wp\/v2\/types\/page"}],"author":[{"embeddable":true,"href":"https:\/\/diteico.com\/ca\/wp-json\/wp\/v2\/users\/3"}],"replies":[{"embeddable":true,"href":"https:\/\/diteico.com\/ca\/wp-json\/wp\/v2\/comments?post=3416"}],"version-history":[{"count":20,"href":"https:\/\/diteico.com\/ca\/wp-json\/wp\/v2\/pages\/3416\/revisions"}],"predecessor-version":[{"id":6785,"href":"https:\/\/diteico.com\/ca\/wp-json\/wp\/v2\/pages\/3416\/revisions\/6785"}],"wp:attachment":[{"href":"https:\/\/diteico.com\/ca\/wp-json\/wp\/v2\/media?parent=3416"}],"curies":[{"name":"wp","href":"https:\/\/api.w.org\/{rel}","templated":true}]}}