{"id":3556,"date":"2021-10-25T16:52:28","date_gmt":"2021-10-25T14:52:28","guid":{"rendered":"https:\/\/diteico.com\/?page_id=3556"},"modified":"2023-07-10T09:31:35","modified_gmt":"2023-07-10T07:31:35","slug":"reductores-desembragables","status":"publish","type":"page","link":"https:\/\/diteico.com\/ca\/productos\/accesorios-neumaticos\/reductores-desembragables\/","title":{"rendered":"Reductors Desembragables"},"content":{"rendered":"<div data-elementor-type=\"wp-page\" data-elementor-id=\"3556\" class=\"elementor elementor-3556\" data-elementor-post-type=\"page\">\n\t\t\t\t\t\t<section class=\"elementor-section elementor-inner-section elementor-element elementor-element-3578b51b elementor-section-height-min-height elementor-section-boxed elementor-section-height-default\" data-id=\"3578b51b\" data-element_type=\"section\" data-e-type=\"section\" data-settings=\"{&quot;jet_parallax_layout_list&quot;:[]}\">\n\t\t\t\t\t\t<div class=\"elementor-container elementor-column-gap-default\">\n\t\t\t\t\t<div class=\"elementor-column elementor-col-100 elementor-inner-column elementor-element elementor-element-41fc74e5\" data-id=\"41fc74e5\" data-element_type=\"column\" data-e-type=\"column\">\n\t\t\t<div class=\"elementor-widget-wrap elementor-element-populated\">\n\t\t\t\t\t\t<div class=\"elementor-element elementor-element-3dc2d130 elementor-icon-list--layout-inline elementor-align-end elementor-list-item-link-full_width elementor-widget elementor-widget-icon-list\" data-id=\"3dc2d130\" data-element_type=\"widget\" data-e-type=\"widget\" data-widget_type=\"icon-list.default\">\n\t\t\t\t<div class=\"elementor-widget-container\">\n\t\t\t\t\t\t\t<ul class=\"elementor-icon-list-items elementor-inline-items\">\n\t\t\t\t\t\t\t<li class=\"elementor-icon-list-item elementor-inline-item\">\n\t\t\t\t\t\t\t\t\t\t\t<a href=\"https:\/\/diteico.com\/ca\/productos\/\">\n\n\t\t\t\t\t\t\t\t\t\t\t<span class=\"elementor-icon-list-text\">Productes<\/span>\n\t\t\t\t\t\t\t\t\t\t\t<\/a>\n\t\t\t\t\t\t\t\t\t<\/li>\n\t\t\t\t\t\t\t\t<li class=\"elementor-icon-list-item elementor-inline-item\">\n\t\t\t\t\t\t\t\t\t\t\t<a href=\"https:\/\/diteico.com\/ca\/productos\/actuadores-neumaticos\/\">\n\n\t\t\t\t\t\t\t\t\t\t\t\t<span class=\"elementor-icon-list-icon\">\n\t\t\t\t\t\t\t<i aria-hidden=\"true\" class=\"fas fa-angle-right\"><\/i>\t\t\t\t\t\t<\/span>\n\t\t\t\t\t\t\t\t\t\t<span class=\"elementor-icon-list-text\">actuadors pneum\u00e0tics<\/span>\n\t\t\t\t\t\t\t\t\t\t\t<\/a>\n\t\t\t\t\t\t\t\t\t<\/li>\n\t\t\t\t\t\t\t\t<li class=\"elementor-icon-list-item elementor-inline-item\">\n\t\t\t\t\t\t\t\t\t\t\t<a href=\"https:\/\/diteico.com\/ca\/productos\/accesorios-neumaticos\/\">\n\n\t\t\t\t\t\t\t\t\t\t\t\t<span class=\"elementor-icon-list-icon\">\n\t\t\t\t\t\t\t<i aria-hidden=\"true\" class=\"fas fa-angle-right\"><\/i>\t\t\t\t\t\t<\/span>\n\t\t\t\t\t\t\t\t\t\t<span class=\"elementor-icon-list-text\">accessoris<\/span>\n\t\t\t\t\t\t\t\t\t\t\t<\/a>\n\t\t\t\t\t\t\t\t\t<\/li>\n\t\t\t\t\t\t\t\t<li class=\"elementor-icon-list-item elementor-inline-item\">\n\t\t\t\t\t\t\t\t\t\t\t<span class=\"elementor-icon-list-icon\">\n\t\t\t\t\t\t\t<i aria-hidden=\"true\" class=\"fas fa-angle-right\"><\/i>\t\t\t\t\t\t<\/span>\n\t\t\t\t\t\t\t\t\t\t<span class=\"elementor-icon-list-text\">reductors desembragables<\/span>\n\t\t\t\t\t\t\t\t\t<\/li>\n\t\t\t\t\t\t<\/ul>\n\t\t\t\t\t\t<\/div>\n\t\t\t\t<\/div>\n\t\t\t\t\t<\/div>\n\t\t<\/div>\n\t\t\t\t\t<\/div>\n\t\t<\/section>\n\t\t\t\t<section class=\"elementor-section elementor-top-section elementor-element elementor-element-46249c8f elementor-section-boxed elementor-section-height-default elementor-section-height-default\" data-id=\"46249c8f\" data-element_type=\"section\" data-e-type=\"section\" data-settings=\"{&quot;jet_parallax_layout_list&quot;:[]}\">\n\t\t\t\t\t\t<div class=\"elementor-container elementor-column-gap-default\">\n\t\t\t\t\t<div class=\"elementor-column elementor-col-100 elementor-top-column elementor-element elementor-element-436e8bda\" data-id=\"436e8bda\" data-element_type=\"column\" data-e-type=\"column\">\n\t\t\t<div class=\"elementor-widget-wrap elementor-element-populated\">\n\t\t\t\t\t\t<section class=\"elementor-section elementor-inner-section elementor-element elementor-element-34ea0c44 elementor-section-height-min-height elementor-section-boxed elementor-section-height-default\" data-id=\"34ea0c44\" data-element_type=\"section\" data-e-type=\"section\" data-settings=\"{&quot;jet_parallax_layout_list&quot;:[]}\">\n\t\t\t\t\t\t<div class=\"elementor-container elementor-column-gap-default\">\n\t\t\t\t\t<div class=\"elementor-column elementor-col-100 elementor-inner-column elementor-element elementor-element-74870e4\" data-id=\"74870e4\" data-element_type=\"column\" data-e-type=\"column\">\n\t\t\t<div class=\"elementor-widget-wrap elementor-element-populated\">\n\t\t\t\t\t\t<div class=\"elementor-element elementor-element-2d3f0f81 hover-titulo-productos elementor-widget elementor-widget-heading\" data-id=\"2d3f0f81\" data-element_type=\"widget\" data-e-type=\"widget\" data-widget_type=\"heading.default\">\n\t\t\t\t<div class=\"elementor-widget-container\">\n\t\t\t\t\t<h2 class=\"elementor-heading-title elementor-size-default\"><a href=\"#\">reductors desembragables<\/a><\/h2>\t\t\t\t<\/div>\n\t\t\t\t<\/div>\n\t\t\t\t\t<\/div>\n\t\t<\/div>\n\t\t\t\t\t<\/div>\n\t\t<\/section>\n\t\t\t\t\t<\/div>\n\t\t<\/div>\n\t\t\t\t\t<\/div>\n\t\t<\/section>\n\t\t\t\t<section class=\"elementor-section elementor-top-section elementor-element elementor-element-b2dd638 elementor-section-boxed elementor-section-height-default elementor-section-height-default\" data-id=\"b2dd638\" data-element_type=\"section\" data-e-type=\"section\" data-settings=\"{&quot;jet_parallax_layout_list&quot;:[]}\">\n\t\t\t\t\t\t<div class=\"elementor-container elementor-column-gap-default\">\n\t\t\t\t\t<div class=\"elementor-column elementor-col-100 elementor-top-column elementor-element elementor-element-5962bdb3\" data-id=\"5962bdb3\" data-element_type=\"column\" data-e-type=\"column\">\n\t\t\t<div class=\"elementor-widget-wrap elementor-element-populated\">\n\t\t\t\t\t\t<section class=\"elementor-section elementor-inner-section elementor-element elementor-element-681b9043 elementor-section-boxed elementor-section-height-default elementor-section-height-default\" data-id=\"681b9043\" data-element_type=\"section\" data-e-type=\"section\" data-settings=\"{&quot;jet_parallax_layout_list&quot;:[]}\">\n\t\t\t\t\t\t<div class=\"elementor-container elementor-column-gap-default\">\n\t\t\t\t\t<div class=\"elementor-column elementor-col-66 elementor-inner-column elementor-element elementor-element-1628432b\" data-id=\"1628432b\" data-element_type=\"column\" data-e-type=\"column\">\n\t\t\t<div class=\"elementor-widget-wrap elementor-element-populated\">\n\t\t\t\t\t\t<div class=\"elementor-element elementor-element-2f5f3718 elementor-widget elementor-widget-heading\" data-id=\"2f5f3718\" data-element_type=\"widget\" data-e-type=\"widget\" data-widget_type=\"heading.default\">\n\t\t\t\t<div class=\"elementor-widget-container\">\n\t\t\t\t\t<h2 class=\"elementor-heading-title elementor-size-default\">RMD<\/h2>\t\t\t\t<\/div>\n\t\t\t\t<\/div>\n\t\t\t\t<div class=\"elementor-element elementor-element-600909d1 elementor-widget elementor-widget-text-editor\" data-id=\"600909d1\" data-element_type=\"widget\" data-e-type=\"widget\" data-widget_type=\"text-editor.default\">\n\t\t\t\t<div class=\"elementor-widget-container\">\n\t\t\t\t\t\t\t\t\t<p><span style=\"font-weight: bold;\">Reductor desembragable RMD<\/span><br \/>SKU: 172.400<\/p>\t\t\t\t\t\t\t\t<\/div>\n\t\t\t\t<\/div>\n\t\t\t\t\t<\/div>\n\t\t<\/div>\n\t\t\t\t<div class=\"elementor-column elementor-col-16 elementor-inner-column elementor-element elementor-element-146ceb9b\" data-id=\"146ceb9b\" data-element_type=\"column\" data-e-type=\"column\">\n\t\t\t<div class=\"elementor-widget-wrap elementor-element-populated\">\n\t\t\t\t\t\t<div class=\"elementor-element elementor-element-5fb783b4 elementor-widget elementor-widget-image\" data-id=\"5fb783b4\" data-element_type=\"widget\" data-e-type=\"widget\" data-widget_type=\"image.default\">\n\t\t\t\t<div class=\"elementor-widget-container\">\n\t\t\t\t\t\t\t\t\t\t\t\t\t\t\t<img fetchpriority=\"high\" decoding=\"async\" width=\"1024\" height=\"680\" src=\"https:\/\/diteico.com\/wp-content\/uploads\/reductor-desembragable-frontal-scaled-1-1024x680.jpg\" class=\"attachment-large size-large wp-image-3558\" alt=\"\" srcset=\"https:\/\/diteico.com\/wp-content\/uploads\/reductor-desembragable-frontal-scaled-1-1024x680.jpg 1024w, https:\/\/diteico.com\/wp-content\/uploads\/reductor-desembragable-frontal-scaled-1-300x199.jpg 300w, https:\/\/diteico.com\/wp-content\/uploads\/reductor-desembragable-frontal-scaled-1-768x510.jpg 768w, https:\/\/diteico.com\/wp-content\/uploads\/reductor-desembragable-frontal-scaled-1-1536x1021.jpg 1536w, https:\/\/diteico.com\/wp-content\/uploads\/reductor-desembragable-frontal-scaled-1-2048x1361.jpg 2048w, https:\/\/diteico.com\/wp-content\/uploads\/reductor-desembragable-frontal-scaled-1-482x320.jpg 482w\" sizes=\"(max-width: 1024px) 100vw, 1024px\" \/>\t\t\t\t\t\t\t\t\t\t\t\t\t\t\t<\/div>\n\t\t\t\t<\/div>\n\t\t\t\t\t<\/div>\n\t\t<\/div>\n\t\t\t\t<div class=\"elementor-column elementor-col-16 elementor-inner-column elementor-element elementor-element-47db62c2\" data-id=\"47db62c2\" data-element_type=\"column\" data-e-type=\"column\">\n\t\t\t<div class=\"elementor-widget-wrap elementor-element-populated\">\n\t\t\t\t\t\t<div class=\"elementor-element elementor-element-7d2dd6c elementor-widget elementor-widget-button\" data-id=\"7d2dd6c\" data-element_type=\"widget\" data-e-type=\"widget\" data-widget_type=\"button.default\">\n\t\t\t\t<div class=\"elementor-widget-container\">\n\t\t\t\t\t\t\t\t\t<div class=\"elementor-button-wrapper\">\n\t\t\t\t\t<a class=\"elementor-button elementor-button-link elementor-size-sm\" href=\"https:\/\/diteico.com\/wp-content\/uploads\/RMD.pdf\" target=\"_blank\">\n\t\t\t\t\t\t<span class=\"elementor-button-content-wrapper\">\n\t\t\t\t\t\t\t\t\t<span class=\"elementor-button-text\">Cat\u00e0leg<\/span>\n\t\t\t\t\t<\/span>\n\t\t\t\t\t<\/a>\n\t\t\t\t<\/div>\n\t\t\t\t\t\t\t\t<\/div>\n\t\t\t\t<\/div>\n\t\t\t\t\t<\/div>\n\t\t<\/div>\n\t\t\t\t\t<\/div>\n\t\t<\/section>\n\t\t\t\t\t<\/div>\n\t\t<\/div>\n\t\t\t\t\t<\/div>\n\t\t<\/section>\n\t\t\t\t<\/div>","protected":false},"excerpt":{"rendered":"<p>Productes actuadors pneum\u00e0tics accessoris reductors desembragables reductors desembragables RMD Reductor desembragable RMDSKU: 172400 Cat\u00e0leg<\/p>","protected":false},"author":3,"featured_media":0,"parent":3526,"menu_order":0,"comment_status":"closed","ping_status":"closed","template":"elementor_header_footer","meta":{"_acf_changed":false,"footnotes":""},"class_list":["post-3556","page","type-page","status-publish"],"acf":[],"yoast_head":"<!-- This site is optimized with the Yoast SEO plugin v27.0 - https:\/\/yoast.com\/product\/yoast-seo-wordpress\/ -->\n<title>Reductores Desembragables - Diteico S.L.<\/title>\n<meta name=\"description\" content=\"Distribuidor Oficial en Espa\u00f1a de Actuadores El\u00e9ctricos, Actuadores Neum\u00e1ticos, Reductores, Acomplamientos y Accesorios de las marcas J+J y CH-air.\" \/>\n<meta name=\"robots\" content=\"index, follow, max-snippet:-1, max-image-preview:large, max-video-preview:-1\" \/>\n<link rel=\"canonical\" href=\"https:\/\/diteico.com\/ca\/productos\/accesorios-neumaticos\/reductores-desembragables\/\" \/>\n<meta property=\"og:locale\" content=\"ca_ES\" \/>\n<meta property=\"og:type\" content=\"article\" \/>\n<meta property=\"og:title\" content=\"Reductores Desembragables - Diteico S.L.\" \/>\n<meta property=\"og:description\" content=\"Distribuidor Oficial en Espa\u00f1a de Actuadores El\u00e9ctricos, Actuadores Neum\u00e1ticos, Reductores, Acomplamientos y Accesorios de las marcas J+J y CH-air.\" \/>\n<meta property=\"og:url\" content=\"https:\/\/diteico.com\/ca\/productos\/accesorios-neumaticos\/reductores-desembragables\/\" \/>\n<meta property=\"og:site_name\" content=\"Diteico S.L.\" \/>\n<meta property=\"article:modified_time\" content=\"2023-07-10T07:31:35+00:00\" \/>\n<meta property=\"og:image\" content=\"https:\/\/diteico.com\/wp-content\/uploads\/reductor-desembragable-frontal-scaled-1-1024x680.jpg\" \/>\n<meta name=\"twitter:card\" content=\"summary_large_image\" \/>\n<meta name=\"twitter:label1\" content=\"Temps estimat de lectura\" \/>\n\t<meta name=\"twitter:data1\" content=\"1 minut\" \/>\n<script type=\"application\/ld+json\" class=\"yoast-schema-graph\">{\"@context\":\"https:\/\/schema.org\",\"@graph\":[{\"@type\":\"WebPage\",\"@id\":\"https:\/\/diteico.com\/productos\/accesorios-neumaticos\/reductores-desembragables\/\",\"url\":\"https:\/\/diteico.com\/productos\/accesorios-neumaticos\/reductores-desembragables\/\",\"name\":\"Reductores Desembragables - Diteico S.L.\",\"isPartOf\":{\"@id\":\"https:\/\/diteico.com\/#website\"},\"primaryImageOfPage\":{\"@id\":\"https:\/\/diteico.com\/productos\/accesorios-neumaticos\/reductores-desembragables\/#primaryimage\"},\"image\":{\"@id\":\"https:\/\/diteico.com\/productos\/accesorios-neumaticos\/reductores-desembragables\/#primaryimage\"},\"thumbnailUrl\":\"https:\/\/diteico.com\/wp-content\/uploads\/reductor-desembragable-frontal-scaled-1-1024x680.jpg\",\"datePublished\":\"2021-10-25T14:52:28+00:00\",\"dateModified\":\"2023-07-10T07:31:35+00:00\",\"description\":\"Distribuidor Oficial en Espa\u00f1a de Actuadores El\u00e9ctricos, Actuadores Neum\u00e1ticos, Reductores, Acomplamientos y Accesorios de las marcas J+J y CH-air.\",\"breadcrumb\":{\"@id\":\"https:\/\/diteico.com\/productos\/accesorios-neumaticos\/reductores-desembragables\/#breadcrumb\"},\"inLanguage\":\"ca\",\"potentialAction\":[{\"@type\":\"ReadAction\",\"target\":[\"https:\/\/diteico.com\/productos\/accesorios-neumaticos\/reductores-desembragables\/\"]}]},{\"@type\":\"ImageObject\",\"inLanguage\":\"ca\",\"@id\":\"https:\/\/diteico.com\/productos\/accesorios-neumaticos\/reductores-desembragables\/#primaryimage\",\"url\":\"https:\/\/diteico.com\/wp-content\/uploads\/reductor-desembragable-frontal-scaled-1-1024x680.jpg\",\"contentUrl\":\"https:\/\/diteico.com\/wp-content\/uploads\/reductor-desembragable-frontal-scaled-1-1024x680.jpg\"},{\"@type\":\"BreadcrumbList\",\"@id\":\"https:\/\/diteico.com\/productos\/accesorios-neumaticos\/reductores-desembragables\/#breadcrumb\",\"itemListElement\":[{\"@type\":\"ListItem\",\"position\":1,\"name\":\"Portada\",\"item\":\"https:\/\/diteico.com\/\"},{\"@type\":\"ListItem\",\"position\":2,\"name\":\"Productos\",\"item\":\"https:\/\/diteico.com\/productos\/\"},{\"@type\":\"ListItem\",\"position\":3,\"name\":\"Accesorios Neum\u00e1ticos\",\"item\":\"https:\/\/diteico.com\/productos\/accesorios-neumaticos\/\"},{\"@type\":\"ListItem\",\"position\":4,\"name\":\"Reductores Desembragables\"}]},{\"@type\":\"WebSite\",\"@id\":\"https:\/\/diteico.com\/#website\",\"url\":\"https:\/\/diteico.com\/\",\"name\":\"Diteico S.L.\",\"description\":\"Actuadores El\u00e9ctricos, Actuadores Pneum\u00e1ticos, Reductores, Acomplamientos y Accesorios.\",\"potentialAction\":[{\"@type\":\"SearchAction\",\"target\":{\"@type\":\"EntryPoint\",\"urlTemplate\":\"https:\/\/diteico.com\/?s={search_term_string}\"},\"query-input\":{\"@type\":\"PropertyValueSpecification\",\"valueRequired\":true,\"valueName\":\"search_term_string\"}}],\"inLanguage\":\"ca\"}]}<\/script>\n<!-- \/ Yoast SEO plugin. -->","yoast_head_json":{"title":"Reductors Desembragables - Diteico SL","description":"Distribu\u00efdor Oficial a Espanya d&#039;Actuadors El\u00e8ctrics, Actuadors Pneum\u00e0tics, Reductors, Complaments i Accessoris de les marques J+J i CH-air.","robots":{"index":"index","follow":"follow","max-snippet":"max-snippet:-1","max-image-preview":"max-image-preview:large","max-video-preview":"max-video-preview:-1"},"canonical":"https:\/\/diteico.com\/ca\/productos\/accesorios-neumaticos\/reductores-desembragables\/","og_locale":"ca_ES","og_type":"article","og_title":"Reductores Desembragables - Diteico S.L.","og_description":"Distribuidor Oficial en Espa\u00f1a de Actuadores El\u00e9ctricos, Actuadores Neum\u00e1ticos, Reductores, Acomplamientos y Accesorios de las marcas J+J y CH-air.","og_url":"https:\/\/diteico.com\/ca\/productos\/accesorios-neumaticos\/reductores-desembragables\/","og_site_name":"Diteico S.L.","article_modified_time":"2023-07-10T07:31:35+00:00","og_image":[{"url":"https:\/\/diteico.com\/wp-content\/uploads\/reductor-desembragable-frontal-scaled-1-1024x680.jpg","type":"","width":"","height":""}],"twitter_card":"summary_large_image","twitter_misc":{"Temps estimat de lectura":"1 minut"},"schema":{"@context":"https:\/\/schema.org","@graph":[{"@type":"WebPage","@id":"https:\/\/diteico.com\/productos\/accesorios-neumaticos\/reductores-desembragables\/","url":"https:\/\/diteico.com\/productos\/accesorios-neumaticos\/reductores-desembragables\/","name":"Reductors Desembragables - Diteico SL","isPartOf":{"@id":"https:\/\/diteico.com\/#website"},"primaryImageOfPage":{"@id":"https:\/\/diteico.com\/productos\/accesorios-neumaticos\/reductores-desembragables\/#primaryimage"},"image":{"@id":"https:\/\/diteico.com\/productos\/accesorios-neumaticos\/reductores-desembragables\/#primaryimage"},"thumbnailUrl":"https:\/\/diteico.com\/wp-content\/uploads\/reductor-desembragable-frontal-scaled-1-1024x680.jpg","datePublished":"2021-10-25T14:52:28+00:00","dateModified":"2023-07-10T07:31:35+00:00","description":"Distribu\u00efdor Oficial a Espanya d&#039;Actuadors El\u00e8ctrics, Actuadors Pneum\u00e0tics, Reductors, Complaments i Accessoris de les marques J+J i CH-air.","breadcrumb":{"@id":"https:\/\/diteico.com\/productos\/accesorios-neumaticos\/reductores-desembragables\/#breadcrumb"},"inLanguage":"ca","potentialAction":[{"@type":"ReadAction","target":["https:\/\/diteico.com\/productos\/accesorios-neumaticos\/reductores-desembragables\/"]}]},{"@type":"ImageObject","inLanguage":"ca","@id":"https:\/\/diteico.com\/productos\/accesorios-neumaticos\/reductores-desembragables\/#primaryimage","url":"https:\/\/diteico.com\/wp-content\/uploads\/reductor-desembragable-frontal-scaled-1-1024x680.jpg","contentUrl":"https:\/\/diteico.com\/wp-content\/uploads\/reductor-desembragable-frontal-scaled-1-1024x680.jpg"},{"@type":"BreadcrumbList","@id":"https:\/\/diteico.com\/productos\/accesorios-neumaticos\/reductores-desembragables\/#breadcrumb","itemListElement":[{"@type":"ListItem","position":1,"name":"Portada","item":"https:\/\/diteico.com\/"},{"@type":"ListItem","position":2,"name":"Productos","item":"https:\/\/diteico.com\/productos\/"},{"@type":"ListItem","position":3,"name":"Accesorios Neum\u00e1ticos","item":"https:\/\/diteico.com\/productos\/accesorios-neumaticos\/"},{"@type":"ListItem","position":4,"name":"Reductores Desembragables"}]},{"@type":"WebSite","@id":"https:\/\/diteico.com\/#website","url":"https:\/\/diteico.com\/","name":"Diteico SL","description":"Actuadors El\u00e8ctrics, Actuadors Pneum\u00e0tics, Reductors, Acomplaments i Accessoris.","potentialAction":[{"@type":"SearchAction","target":{"@type":"EntryPoint","urlTemplate":"https:\/\/diteico.com\/?s={search_term_string}"},"query-input":{"@type":"PropertyValueSpecification","valueRequired":true,"valueName":"search_term_string"}}],"inLanguage":"ca"}]}},"_links":{"self":[{"href":"https:\/\/diteico.com\/ca\/wp-json\/wp\/v2\/pages\/3556","targetHints":{"allow":["GET"]}}],"collection":[{"href":"https:\/\/diteico.com\/ca\/wp-json\/wp\/v2\/pages"}],"about":[{"href":"https:\/\/diteico.com\/ca\/wp-json\/wp\/v2\/types\/page"}],"author":[{"embeddable":true,"href":"https:\/\/diteico.com\/ca\/wp-json\/wp\/v2\/users\/3"}],"replies":[{"embeddable":true,"href":"https:\/\/diteico.com\/ca\/wp-json\/wp\/v2\/comments?post=3556"}],"version-history":[{"count":10,"href":"https:\/\/diteico.com\/ca\/wp-json\/wp\/v2\/pages\/3556\/revisions"}],"predecessor-version":[{"id":6593,"href":"https:\/\/diteico.com\/ca\/wp-json\/wp\/v2\/pages\/3556\/revisions\/6593"}],"up":[{"embeddable":true,"href":"https:\/\/diteico.com\/ca\/wp-json\/wp\/v2\/pages\/3526"}],"wp:attachment":[{"href":"https:\/\/diteico.com\/ca\/wp-json\/wp\/v2\/media?parent=3556"}],"curies":[{"name":"wp","href":"https:\/\/api.w.org\/{rel}","templated":true}]}}