{"id":3600,"date":"2021-10-25T17:07:46","date_gmt":"2021-10-25T15:07:46","guid":{"rendered":"https:\/\/diteico.com\/?page_id=3600"},"modified":"2023-05-15T19:20:01","modified_gmt":"2023-05-15T17:20:01","slug":"aumentador-de-presion","status":"publish","type":"page","link":"https:\/\/diteico.com\/ca\/productos\/accesorios-neumaticos\/aumentador-de-presion\/","title":{"rendered":"Augmentador de pressi\u00f3"},"content":{"rendered":"<div data-elementor-type=\"wp-page\" data-elementor-id=\"3600\" class=\"elementor elementor-3600\" data-elementor-post-type=\"page\">\n\t\t\t\t\t\t<section class=\"elementor-section elementor-inner-section elementor-element elementor-element-4e1879f elementor-section-height-min-height elementor-section-boxed elementor-section-height-default\" data-id=\"4e1879f\" data-element_type=\"section\" data-e-type=\"section\" data-settings=\"{&quot;jet_parallax_layout_list&quot;:[]}\">\n\t\t\t\t\t\t<div class=\"elementor-container elementor-column-gap-default\">\n\t\t\t\t\t<div class=\"elementor-column elementor-col-100 elementor-inner-column elementor-element elementor-element-4691cb6f\" data-id=\"4691cb6f\" data-element_type=\"column\" data-e-type=\"column\">\n\t\t\t<div class=\"elementor-widget-wrap elementor-element-populated\">\n\t\t\t\t\t\t<div class=\"elementor-element elementor-element-579ab6bb elementor-icon-list--layout-inline elementor-align-end elementor-list-item-link-full_width elementor-widget elementor-widget-icon-list\" data-id=\"579ab6bb\" data-element_type=\"widget\" data-e-type=\"widget\" data-widget_type=\"icon-list.default\">\n\t\t\t\t<div class=\"elementor-widget-container\">\n\t\t\t\t\t\t\t<ul class=\"elementor-icon-list-items elementor-inline-items\">\n\t\t\t\t\t\t\t<li class=\"elementor-icon-list-item elementor-inline-item\">\n\t\t\t\t\t\t\t\t\t\t\t<a href=\"https:\/\/diteico.com\/ca\/productos\/\">\n\n\t\t\t\t\t\t\t\t\t\t\t<span class=\"elementor-icon-list-text\">Productes<\/span>\n\t\t\t\t\t\t\t\t\t\t\t<\/a>\n\t\t\t\t\t\t\t\t\t<\/li>\n\t\t\t\t\t\t\t\t<li class=\"elementor-icon-list-item elementor-inline-item\">\n\t\t\t\t\t\t\t\t\t\t\t<a href=\"https:\/\/diteico.com\/ca\/productos\/actuadores-neumaticos\/\">\n\n\t\t\t\t\t\t\t\t\t\t\t\t<span class=\"elementor-icon-list-icon\">\n\t\t\t\t\t\t\t<i aria-hidden=\"true\" class=\"fas fa-angle-right\"><\/i>\t\t\t\t\t\t<\/span>\n\t\t\t\t\t\t\t\t\t\t<span class=\"elementor-icon-list-text\">actuadors pneum\u00e0tics<\/span>\n\t\t\t\t\t\t\t\t\t\t\t<\/a>\n\t\t\t\t\t\t\t\t\t<\/li>\n\t\t\t\t\t\t\t\t<li class=\"elementor-icon-list-item elementor-inline-item\">\n\t\t\t\t\t\t\t\t\t\t\t<a href=\"https:\/\/diteico.com\/ca\/productos\/accesorios-neumaticos\/\">\n\n\t\t\t\t\t\t\t\t\t\t\t\t<span class=\"elementor-icon-list-icon\">\n\t\t\t\t\t\t\t<i aria-hidden=\"true\" class=\"fas fa-angle-right\"><\/i>\t\t\t\t\t\t<\/span>\n\t\t\t\t\t\t\t\t\t\t<span class=\"elementor-icon-list-text\">accessoris<\/span>\n\t\t\t\t\t\t\t\t\t\t\t<\/a>\n\t\t\t\t\t\t\t\t\t<\/li>\n\t\t\t\t\t\t\t\t<li class=\"elementor-icon-list-item elementor-inline-item\">\n\t\t\t\t\t\t\t\t\t\t\t<span class=\"elementor-icon-list-icon\">\n\t\t\t\t\t\t\t<i aria-hidden=\"true\" class=\"fas fa-angle-right\"><\/i>\t\t\t\t\t\t<\/span>\n\t\t\t\t\t\t\t\t\t\t<span class=\"elementor-icon-list-text\">Augmentador de Pressi\u00f3<\/span>\n\t\t\t\t\t\t\t\t\t<\/li>\n\t\t\t\t\t\t<\/ul>\n\t\t\t\t\t\t<\/div>\n\t\t\t\t<\/div>\n\t\t\t\t\t<\/div>\n\t\t<\/div>\n\t\t\t\t\t<\/div>\n\t\t<\/section>\n\t\t\t\t<section class=\"elementor-section elementor-top-section elementor-element elementor-element-2034f870 elementor-section-boxed elementor-section-height-default elementor-section-height-default\" data-id=\"2034f870\" data-element_type=\"section\" data-e-type=\"section\" data-settings=\"{&quot;jet_parallax_layout_list&quot;:[]}\">\n\t\t\t\t\t\t<div class=\"elementor-container elementor-column-gap-default\">\n\t\t\t\t\t<div class=\"elementor-column elementor-col-100 elementor-top-column elementor-element elementor-element-69697cc1\" data-id=\"69697cc1\" data-element_type=\"column\" data-e-type=\"column\">\n\t\t\t<div class=\"elementor-widget-wrap elementor-element-populated\">\n\t\t\t\t\t\t<section class=\"elementor-section elementor-inner-section elementor-element elementor-element-6d442261 elementor-section-height-min-height elementor-section-boxed elementor-section-height-default\" data-id=\"6d442261\" data-element_type=\"section\" data-e-type=\"section\" data-settings=\"{&quot;jet_parallax_layout_list&quot;:[]}\">\n\t\t\t\t\t\t<div class=\"elementor-container elementor-column-gap-default\">\n\t\t\t\t\t<div class=\"elementor-column elementor-col-100 elementor-inner-column elementor-element elementor-element-363478a5\" data-id=\"363478a5\" data-element_type=\"column\" data-e-type=\"column\">\n\t\t\t<div class=\"elementor-widget-wrap elementor-element-populated\">\n\t\t\t\t\t\t<div class=\"elementor-element elementor-element-a1e104 hover-titulo-productos elementor-widget elementor-widget-heading\" data-id=\"a1e104\" data-element_type=\"widget\" data-e-type=\"widget\" data-widget_type=\"heading.default\">\n\t\t\t\t<div class=\"elementor-widget-container\">\n\t\t\t\t\t<h1 class=\"elementor-heading-title elementor-size-default\"><a href=\"#\">Augmentador de Pressi\u00f3<\/a><\/h1>\t\t\t\t<\/div>\n\t\t\t\t<\/div>\n\t\t\t\t\t<\/div>\n\t\t<\/div>\n\t\t\t\t\t<\/div>\n\t\t<\/section>\n\t\t\t\t\t<\/div>\n\t\t<\/div>\n\t\t\t\t\t<\/div>\n\t\t<\/section>\n\t\t\t\t<section class=\"elementor-section elementor-top-section elementor-element elementor-element-3a156d1d elementor-section-boxed elementor-section-height-default elementor-section-height-default\" data-id=\"3a156d1d\" data-element_type=\"section\" data-e-type=\"section\" data-settings=\"{&quot;jet_parallax_layout_list&quot;:[]}\">\n\t\t\t\t\t\t<div class=\"elementor-container elementor-column-gap-default\">\n\t\t\t\t\t<div class=\"elementor-column elementor-col-100 elementor-top-column elementor-element elementor-element-63f72c3e\" data-id=\"63f72c3e\" data-element_type=\"column\" data-e-type=\"column\">\n\t\t\t<div class=\"elementor-widget-wrap elementor-element-populated\">\n\t\t\t\t\t\t<section class=\"elementor-section elementor-inner-section elementor-element elementor-element-58f03a5 elementor-section-boxed elementor-section-height-default elementor-section-height-default\" data-id=\"58f03a5\" data-element_type=\"section\" data-e-type=\"section\" data-settings=\"{&quot;jet_parallax_layout_list&quot;:[]}\">\n\t\t\t\t\t\t<div class=\"elementor-container elementor-column-gap-default\">\n\t\t\t\t\t<div class=\"elementor-column elementor-col-25 elementor-inner-column elementor-element elementor-element-7ed82bb4\" data-id=\"7ed82bb4\" data-element_type=\"column\" data-e-type=\"column\">\n\t\t\t<div class=\"elementor-widget-wrap elementor-element-populated\">\n\t\t\t\t\t\t<div class=\"elementor-element elementor-element-25ae54df elementor-widget elementor-widget-heading\" data-id=\"25ae54df\" data-element_type=\"widget\" data-e-type=\"widget\" data-widget_type=\"heading.default\">\n\t\t\t\t<div class=\"elementor-widget-container\">\n\t\t\t\t\t<h2 class=\"elementor-heading-title elementor-size-default\">YT-300<\/h2>\t\t\t\t<\/div>\n\t\t\t\t<\/div>\n\t\t\t\t<div class=\"elementor-element elementor-element-743a297d elementor-widget elementor-widget-text-editor\" data-id=\"743a297d\" data-element_type=\"widget\" data-e-type=\"widget\" data-widget_type=\"text-editor.default\">\n\t\t\t\t<div class=\"elementor-widget-container\">\n\t\t\t\t\t\t\t\t\t<p><strong>Augmentador de pressi\u00f3 YT-300<\/strong><br \/>SKU: 172502<\/p>\t\t\t\t\t\t\t\t<\/div>\n\t\t\t\t<\/div>\n\t\t\t\t\t<\/div>\n\t\t<\/div>\n\t\t\t\t<div class=\"elementor-column elementor-col-50 elementor-inner-column elementor-element elementor-element-f17bfeb\" data-id=\"f17bfeb\" data-element_type=\"column\" data-e-type=\"column\">\n\t\t\t<div class=\"elementor-widget-wrap elementor-element-populated\">\n\t\t\t\t\t\t<div class=\"elementor-element elementor-element-60099e8e elementor-widget elementor-widget-image\" data-id=\"60099e8e\" data-element_type=\"widget\" data-e-type=\"widget\" data-widget_type=\"image.default\">\n\t\t\t\t<div class=\"elementor-widget-container\">\n\t\t\t\t\t\t\t\t\t\t\t\t\t\t\t<img fetchpriority=\"high\" decoding=\"async\" width=\"1024\" height=\"918\" src=\"https:\/\/diteico.com\/wp-content\/uploads\/YT-300-1024x918.jpg\" class=\"attachment-large size-large wp-image-3602\" alt=\"\" srcset=\"https:\/\/diteico.com\/wp-content\/uploads\/YT-300-1024x918.jpg 1024w, https:\/\/diteico.com\/wp-content\/uploads\/YT-300-300x269.jpg 300w, https:\/\/diteico.com\/wp-content\/uploads\/YT-300-768x689.jpg 768w, https:\/\/diteico.com\/wp-content\/uploads\/YT-300-1536x1377.jpg 1536w, https:\/\/diteico.com\/wp-content\/uploads\/YT-300-482x432.jpg 482w, https:\/\/diteico.com\/wp-content\/uploads\/YT-300.jpg 2043w\" sizes=\"(max-width: 1024px) 100vw, 1024px\" \/>\t\t\t\t\t\t\t\t\t\t\t\t\t\t\t<\/div>\n\t\t\t\t<\/div>\n\t\t\t\t\t<\/div>\n\t\t<\/div>\n\t\t\t\t<div class=\"elementor-column elementor-col-25 elementor-inner-column elementor-element elementor-element-4f0ec119\" data-id=\"4f0ec119\" data-element_type=\"column\" data-e-type=\"column\">\n\t\t\t<div class=\"elementor-widget-wrap\">\n\t\t\t\t\t\t\t<\/div>\n\t\t<\/div>\n\t\t\t\t\t<\/div>\n\t\t<\/section>\n\t\t\t\t\t<\/div>\n\t\t<\/div>\n\t\t\t\t\t<\/div>\n\t\t<\/section>\n\t\t\t\t<section class=\"elementor-section elementor-top-section elementor-element elementor-element-a5f4cff elementor-hidden-desktop elementor-hidden-tablet elementor-hidden-mobile elementor-section-boxed elementor-section-height-default elementor-section-height-default\" data-id=\"a5f4cff\" data-element_type=\"section\" data-e-type=\"section\" data-settings=\"{&quot;jet_parallax_layout_list&quot;:[]}\">\n\t\t\t\t\t\t<div class=\"elementor-container elementor-column-gap-default\">\n\t\t\t\t\t<div class=\"elementor-column elementor-col-100 elementor-top-column elementor-element elementor-element-5c5ea4f\" data-id=\"5c5ea4f\" data-element_type=\"column\" data-e-type=\"column\">\n\t\t\t<div class=\"elementor-widget-wrap elementor-element-populated\">\n\t\t\t\t\t\t<div class=\"elementor-element elementor-element-a750f76 elementor-widget elementor-widget-heading\" data-id=\"a750f76\" data-element_type=\"widget\" data-e-type=\"widget\" data-widget_type=\"heading.default\">\n\t\t\t\t<div class=\"elementor-widget-container\">\n\t\t\t\t\t<h2 class=\"elementor-heading-title elementor-size-default\">Gamma d&#039;aumetadors de pressi\u00f3<\/h2>\t\t\t\t<\/div>\n\t\t\t\t<\/div>\n\t\t\t\t<div class=\"elementor-element elementor-element-424861f elementor-widget elementor-widget-heading\" data-id=\"424861f\" data-element_type=\"widget\" data-e-type=\"widget\" data-widget_type=\"heading.default\">\n\t\t\t\t<div class=\"elementor-widget-container\">\n\t\t\t\t\t<h3 class=\"elementor-heading-title elementor-size-default\">Model YT-300<\/h3>\t\t\t\t<\/div>\n\t\t\t\t<\/div>\n\t\t\t\t<div class=\"elementor-element elementor-element-5665457 elementor-widget elementor-widget-heading\" data-id=\"5665457\" data-element_type=\"widget\" data-e-type=\"widget\" data-widget_type=\"heading.default\">\n\t\t\t\t<div class=\"elementor-widget-container\">\n\t\t\t\t\t<h4 class=\"elementor-heading-title elementor-size-default\">SKU: 172502<\/h4>\t\t\t\t<\/div>\n\t\t\t\t<\/div>\n\t\t\t\t<div class=\"elementor-element elementor-element-30a803d elementor-widget elementor-widget-button\" data-id=\"30a803d\" data-element_type=\"widget\" data-e-type=\"widget\" data-widget_type=\"button.default\">\n\t\t\t\t<div class=\"elementor-widget-container\">\n\t\t\t\t\t\t\t\t\t<div class=\"elementor-button-wrapper\">\n\t\t\t\t\t<a class=\"elementor-button elementor-button-link elementor-size-sm\" href=\"https:\/\/www.google.com\/search?q=instalar+aumentador+de+presion\" c=\"\" target=\"_blank\" rel=\"noopener\">\n\t\t\t\t\t\t<span class=\"elementor-button-content-wrapper\">\n\t\t\t\t\t\t\t\t\t<span class=\"elementor-button-text\">Com instal\u00b7lar augmentador de pressi\u00f3<\/span>\n\t\t\t\t\t<\/span>\n\t\t\t\t\t<\/a>\n\t\t\t\t<\/div>\n\t\t\t\t\t\t\t\t<\/div>\n\t\t\t\t<\/div>\n\t\t\t\t<div class=\"elementor-element elementor-element-15eb5ea elementor-widget elementor-widget-text-editor\" data-id=\"15eb5ea\" data-element_type=\"widget\" data-e-type=\"widget\" data-widget_type=\"text-editor.default\">\n\t\t\t\t<div class=\"elementor-widget-container\">\n\t\t\t\t\t\t\t\t\tL&#039;augment de la pressi\u00f3 \u00e9s un concepte clau en molts aspectes de la vida i la tecnologia moderna. Ja sigui a nivell industrial, m\u00e8dic o fins i tot a les nostres activitats di\u00e0ries, l&#039;augment de pressi\u00f3 pot tenir un paper crucial. En aquest text, explorarem el concepte d&#039;augment de pressi\u00f3 i els seus beneficis en diferents camps. En primer lloc, \u00e9s important comprendre qu\u00e8 \u00e9s exactament un augmentador de pressi\u00f3. En termes simples, \u00e9s un dispositiu o sistema que s&#039;utilitza per augmentar la pressi\u00f3 d&#039;un fluid, com l&#039;aigua o l&#039;aire. Els augmentadors de pressi\u00f3 s&#039;utilitzen en diverses aplicacions, des de la ind\u00fastria manufacturera fins a la medicina i la investigaci\u00f3 cient\u00edfica. Un dels beneficis m\u00e9s destacats dels augmentadors de pressi\u00f3 \u00e9s la capacitat per millorar l&#039;efici\u00e8ncia en molts processos industrials. Per exemple, a la ind\u00fastria manufacturera, l&#039;augment de pressi\u00f3 s&#039;utilitza per millorar la capacitat de les m\u00e0quines de tall, soldadura i conformat. En augmentar la pressi\u00f3 del fluid utilitzat en aquestes m\u00e0quines, s&#039;aconsegueix un rendiment \u00f2ptim i una productivitat m\u00e9s gran. Aix\u00f2 alhora redueix els temps de producci\u00f3 i els costos operatius, cosa que beneficia tant els fabricants com els consumidors finals. A l&#039;\u00e0mbit m\u00e8dic, els augmentadors de pressi\u00f3 s\u00f3n vitals en molts procediments quir\u00fargics i terap\u00e8utics. Per exemple, en la cirurgia laparosc\u00f2pica, s&#039;utilitzen augmentadors de pressi\u00f3 per crear un ambient de treball \u00f2ptim dins de l&#039;abdomen, cosa que facilita la realitzaci\u00f3 de procediments complexos amb m\u00e9s precisi\u00f3 i seguretat. A m\u00e9s, a la ter\u00e0pia de pressi\u00f3 positiva cont\u00ednua a les vies respirat\u00f2ries (CPAP), els augmentadors de pressi\u00f3 ajuden a mantenir obertes les vies respirat\u00f2ries dels pacients que pateixen apnea del son, millorant aix\u00ed la seva qualitat de vida i benestar general. Una altra \u00e0rea on els augmentadors de pressi\u00f3 s\u00f3n de gran utilitat \u00e9s la investigaci\u00f3 cient\u00edfica. A la f\u00edsica d&#039;altes energies i l&#039;enginyeria de materials, per exemple, s&#039;utilitzen augmentadors de pressi\u00f3 per generar condicions extremes que permeten l&#039;estudi de fen\u00f2mens complexos i la creaci\u00f3 de materials innovadors. Els augmentadors de pressi\u00f3 tamb\u00e9 s&#039;utilitzen en la investigaci\u00f3 espacial per simular les condicions de pressi\u00f3 a qu\u00e8 estan exposats els equips i els astronautes a l&#039;espai. A m\u00e9s a m\u00e9s d&#039;aquests beneficis espec\u00edfics, els augmentadors de pressi\u00f3 tamb\u00e9 contribueixen a la conservaci\u00f3 de recursos i la sostenibilitat. En millorar l&#039;efici\u00e8ncia dels processos industrials, es redueixen les deixalles i s&#039;optimitza l&#039;\u00fas de primeres mat\u00e8ries. A m\u00e9s, l\u00fas daugmentadors de pressi\u00f3 en aplicacions com lenergia hidroel\u00e8ctrica i la dessalinitzaci\u00f3 de laigua ajuda a aprofitar de manera m\u00e9s eficient els recursos naturals ia reduir la depend\u00e8ncia de fonts denergia no renovables. En resum, els augmentadors de pressi\u00f3 tenen un paper fonamental en una \u00e0mplia gamma d&#039;ind\u00fastries i aplicacions. La seva capacitat per augmentar la pressi\u00f3 dels fluids t\u00e9 nombrosos beneficis, com millorar l&#039;efici\u00e8ncia en els processos industrials, facilitar procediments m\u00e8dics\t\t\t\t\t\t\t\t<\/div>\n\t\t\t\t<\/div>\n\t\t\t\t<div class=\"elementor-element elementor-element-5a964c9 elementor-widget elementor-widget-image\" data-id=\"5a964c9\" data-element_type=\"widget\" data-e-type=\"widget\" data-widget_type=\"image.default\">\n\t\t\t\t<div class=\"elementor-widget-container\">\n\t\t\t\t\t\t\t\t\t\t\t\t\t\t\t<img decoding=\"async\" width=\"1024\" height=\"918\" src=\"https:\/\/diteico.com\/wp-content\/uploads\/2017\/07\/YT-300-1024x918.jpg\" class=\"attachment-large size-large wp-image-682\" alt=\"augmentador de pressi\u00f3\" srcset=\"https:\/\/diteico.com\/wp-content\/uploads\/2017\/07\/YT-300-1024x918.jpg 1024w, https:\/\/diteico.com\/wp-content\/uploads\/2017\/07\/YT-300-482x432.jpg 482w, https:\/\/diteico.com\/wp-content\/uploads\/2017\/07\/YT-300-300x269.jpg 300w, https:\/\/diteico.com\/wp-content\/uploads\/2017\/07\/YT-300-768x689.jpg 768w, https:\/\/diteico.com\/wp-content\/uploads\/2017\/07\/YT-300.jpg 2043w\" sizes=\"(max-width: 1024px) 100vw, 1024px\" \/>\t\t\t\t\t\t\t\t\t\t\t\t\t\t\t<\/div>\n\t\t\t\t<\/div>\n\t\t\t\t\t<\/div>\n\t\t<\/div>\n\t\t\t\t\t<\/div>\n\t\t<\/section>\n\t\t\t\t<\/div>","protected":false},"excerpt":{"rendered":"<p>Productes actuadors pneum\u00e0tics accessoris Augmentador de Pressi\u00f3 Augmentador de Pressi\u00f3 YT-300 Augmentador de pressi\u00f3 YT-300SKU: 172502 Gamma d&#039;aumetadors de pressi\u00f3 Model YT-300 SKU: 172502 Com instal\u00b7lar augmentador de pressi\u00f3 L&#039;augment de pressi\u00f3 \u00e9s un concepte clau la vida i la tecnologia moderna. Ja sigui en l&#039;\u00e0mbit industrial, m\u00e8dic\u2026 <a title=\"Augmentador de pressi\u00f3\" class=\"read-more\" href=\"https:\/\/diteico.com\/ca\/productos\/accesorios-neumaticos\/aumentador-de-presion\/\" aria-label=\"M\u00e9s informaci\u00f3 sobre Augmentador de pressi\u00f3\">Read more<\/a><\/p>","protected":false},"author":3,"featured_media":0,"parent":3526,"menu_order":0,"comment_status":"closed","ping_status":"closed","template":"elementor_header_footer","meta":{"_acf_changed":false,"footnotes":""},"class_list":["post-3600","page","type-page","status-publish"],"acf":[],"yoast_head":"<!-- This site is optimized with the Yoast SEO plugin v27.0 - https:\/\/yoast.com\/product\/yoast-seo-wordpress\/ -->\n<title>Aumentador de presi\u00f3n - Diteico S.L.<\/title>\n<meta name=\"description\" content=\"Distribuidor Oficial en Espa\u00f1a de Actuadores El\u00e9ctricos, Actuadores Neum\u00e1ticos, Reductores, Acomplamientos y Accesorios de las marcas J+J y CH-air.\" \/>\n<meta name=\"robots\" content=\"index, follow, max-snippet:-1, max-image-preview:large, max-video-preview:-1\" \/>\n<link rel=\"canonical\" href=\"https:\/\/diteico.com\/ca\/productos\/accesorios-neumaticos\/aumentador-de-presion\/\" \/>\n<meta property=\"og:locale\" content=\"ca_ES\" \/>\n<meta property=\"og:type\" content=\"article\" \/>\n<meta property=\"og:title\" content=\"Aumentador de presi\u00f3n - Diteico S.L.\" \/>\n<meta property=\"og:description\" content=\"Distribuidor Oficial en Espa\u00f1a de Actuadores El\u00e9ctricos, Actuadores Neum\u00e1ticos, Reductores, Acomplamientos y Accesorios de las marcas J+J y CH-air.\" \/>\n<meta property=\"og:url\" content=\"https:\/\/diteico.com\/ca\/productos\/accesorios-neumaticos\/aumentador-de-presion\/\" \/>\n<meta property=\"og:site_name\" content=\"Diteico S.L.\" \/>\n<meta property=\"article:modified_time\" content=\"2023-05-15T17:20:01+00:00\" \/>\n<meta property=\"og:image\" content=\"https:\/\/diteico.com\/wp-content\/uploads\/YT-300-1024x918.jpg\" \/>\n<meta name=\"twitter:card\" content=\"summary_large_image\" \/>\n<meta name=\"twitter:label1\" content=\"Temps estimat de lectura\" \/>\n\t<meta name=\"twitter:data1\" content=\"3 minuts\" \/>\n<script type=\"application\/ld+json\" class=\"yoast-schema-graph\">{\"@context\":\"https:\/\/schema.org\",\"@graph\":[{\"@type\":\"WebPage\",\"@id\":\"https:\/\/diteico.com\/productos\/accesorios-neumaticos\/aumentador-de-presion\/\",\"url\":\"https:\/\/diteico.com\/productos\/accesorios-neumaticos\/aumentador-de-presion\/\",\"name\":\"Aumentador de presi\u00f3n - Diteico S.L.\",\"isPartOf\":{\"@id\":\"https:\/\/diteico.com\/#website\"},\"primaryImageOfPage\":{\"@id\":\"https:\/\/diteico.com\/productos\/accesorios-neumaticos\/aumentador-de-presion\/#primaryimage\"},\"image\":{\"@id\":\"https:\/\/diteico.com\/productos\/accesorios-neumaticos\/aumentador-de-presion\/#primaryimage\"},\"thumbnailUrl\":\"https:\/\/diteico.com\/wp-content\/uploads\/YT-300-1024x918.jpg\",\"datePublished\":\"2021-10-25T15:07:46+00:00\",\"dateModified\":\"2023-05-15T17:20:01+00:00\",\"description\":\"Distribuidor Oficial en Espa\u00f1a de Actuadores El\u00e9ctricos, Actuadores Neum\u00e1ticos, Reductores, Acomplamientos y Accesorios de las marcas J+J y CH-air.\",\"breadcrumb\":{\"@id\":\"https:\/\/diteico.com\/productos\/accesorios-neumaticos\/aumentador-de-presion\/#breadcrumb\"},\"inLanguage\":\"ca\",\"potentialAction\":[{\"@type\":\"ReadAction\",\"target\":[\"https:\/\/diteico.com\/productos\/accesorios-neumaticos\/aumentador-de-presion\/\"]}]},{\"@type\":\"ImageObject\",\"inLanguage\":\"ca\",\"@id\":\"https:\/\/diteico.com\/productos\/accesorios-neumaticos\/aumentador-de-presion\/#primaryimage\",\"url\":\"https:\/\/diteico.com\/wp-content\/uploads\/YT-300-1024x918.jpg\",\"contentUrl\":\"https:\/\/diteico.com\/wp-content\/uploads\/YT-300-1024x918.jpg\"},{\"@type\":\"BreadcrumbList\",\"@id\":\"https:\/\/diteico.com\/productos\/accesorios-neumaticos\/aumentador-de-presion\/#breadcrumb\",\"itemListElement\":[{\"@type\":\"ListItem\",\"position\":1,\"name\":\"Portada\",\"item\":\"https:\/\/diteico.com\/\"},{\"@type\":\"ListItem\",\"position\":2,\"name\":\"Productos\",\"item\":\"https:\/\/diteico.com\/productos\/\"},{\"@type\":\"ListItem\",\"position\":3,\"name\":\"Accesorios Neum\u00e1ticos\",\"item\":\"https:\/\/diteico.com\/productos\/accesorios-neumaticos\/\"},{\"@type\":\"ListItem\",\"position\":4,\"name\":\"Aumentador de presi\u00f3n\"}]},{\"@type\":\"WebSite\",\"@id\":\"https:\/\/diteico.com\/#website\",\"url\":\"https:\/\/diteico.com\/\",\"name\":\"Diteico S.L.\",\"description\":\"Actuadores El\u00e9ctricos, Actuadores Pneum\u00e1ticos, Reductores, Acomplamientos y Accesorios.\",\"potentialAction\":[{\"@type\":\"SearchAction\",\"target\":{\"@type\":\"EntryPoint\",\"urlTemplate\":\"https:\/\/diteico.com\/?s={search_term_string}\"},\"query-input\":{\"@type\":\"PropertyValueSpecification\",\"valueRequired\":true,\"valueName\":\"search_term_string\"}}],\"inLanguage\":\"ca\"}]}<\/script>\n<!-- \/ Yoast SEO plugin. -->","yoast_head_json":{"title":"Augmentador de pressi\u00f3 - Diteico SL","description":"Distribu\u00efdor Oficial a Espanya d&#039;Actuadors El\u00e8ctrics, Actuadors Pneum\u00e0tics, Reductors, Complaments i Accessoris de les marques J+J i CH-air.","robots":{"index":"index","follow":"follow","max-snippet":"max-snippet:-1","max-image-preview":"max-image-preview:large","max-video-preview":"max-video-preview:-1"},"canonical":"https:\/\/diteico.com\/ca\/productos\/accesorios-neumaticos\/aumentador-de-presion\/","og_locale":"ca_ES","og_type":"article","og_title":"Aumentador de presi\u00f3n - Diteico S.L.","og_description":"Distribuidor Oficial en Espa\u00f1a de Actuadores El\u00e9ctricos, Actuadores Neum\u00e1ticos, Reductores, Acomplamientos y Accesorios de las marcas J+J y CH-air.","og_url":"https:\/\/diteico.com\/ca\/productos\/accesorios-neumaticos\/aumentador-de-presion\/","og_site_name":"Diteico S.L.","article_modified_time":"2023-05-15T17:20:01+00:00","og_image":[{"url":"https:\/\/diteico.com\/wp-content\/uploads\/YT-300-1024x918.jpg","type":"","width":"","height":""}],"twitter_card":"summary_large_image","twitter_misc":{"Temps estimat de lectura":"3 minuts"},"schema":{"@context":"https:\/\/schema.org","@graph":[{"@type":"WebPage","@id":"https:\/\/diteico.com\/productos\/accesorios-neumaticos\/aumentador-de-presion\/","url":"https:\/\/diteico.com\/productos\/accesorios-neumaticos\/aumentador-de-presion\/","name":"Augmentador de pressi\u00f3 - Diteico SL","isPartOf":{"@id":"https:\/\/diteico.com\/#website"},"primaryImageOfPage":{"@id":"https:\/\/diteico.com\/productos\/accesorios-neumaticos\/aumentador-de-presion\/#primaryimage"},"image":{"@id":"https:\/\/diteico.com\/productos\/accesorios-neumaticos\/aumentador-de-presion\/#primaryimage"},"thumbnailUrl":"https:\/\/diteico.com\/wp-content\/uploads\/YT-300-1024x918.jpg","datePublished":"2021-10-25T15:07:46+00:00","dateModified":"2023-05-15T17:20:01+00:00","description":"Distribu\u00efdor Oficial a Espanya d&#039;Actuadors El\u00e8ctrics, Actuadors Pneum\u00e0tics, Reductors, Complaments i Accessoris de les marques J+J i CH-air.","breadcrumb":{"@id":"https:\/\/diteico.com\/productos\/accesorios-neumaticos\/aumentador-de-presion\/#breadcrumb"},"inLanguage":"ca","potentialAction":[{"@type":"ReadAction","target":["https:\/\/diteico.com\/productos\/accesorios-neumaticos\/aumentador-de-presion\/"]}]},{"@type":"ImageObject","inLanguage":"ca","@id":"https:\/\/diteico.com\/productos\/accesorios-neumaticos\/aumentador-de-presion\/#primaryimage","url":"https:\/\/diteico.com\/wp-content\/uploads\/YT-300-1024x918.jpg","contentUrl":"https:\/\/diteico.com\/wp-content\/uploads\/YT-300-1024x918.jpg"},{"@type":"BreadcrumbList","@id":"https:\/\/diteico.com\/productos\/accesorios-neumaticos\/aumentador-de-presion\/#breadcrumb","itemListElement":[{"@type":"ListItem","position":1,"name":"Portada","item":"https:\/\/diteico.com\/"},{"@type":"ListItem","position":2,"name":"Productos","item":"https:\/\/diteico.com\/productos\/"},{"@type":"ListItem","position":3,"name":"Accesorios Neum\u00e1ticos","item":"https:\/\/diteico.com\/productos\/accesorios-neumaticos\/"},{"@type":"ListItem","position":4,"name":"Aumentador de presi\u00f3n"}]},{"@type":"WebSite","@id":"https:\/\/diteico.com\/#website","url":"https:\/\/diteico.com\/","name":"Diteico SL","description":"Actuadors El\u00e8ctrics, Actuadors Pneum\u00e0tics, Reductors, Acomplaments i Accessoris.","potentialAction":[{"@type":"SearchAction","target":{"@type":"EntryPoint","urlTemplate":"https:\/\/diteico.com\/?s={search_term_string}"},"query-input":{"@type":"PropertyValueSpecification","valueRequired":true,"valueName":"search_term_string"}}],"inLanguage":"ca"}]}},"_links":{"self":[{"href":"https:\/\/diteico.com\/ca\/wp-json\/wp\/v2\/pages\/3600","targetHints":{"allow":["GET"]}}],"collection":[{"href":"https:\/\/diteico.com\/ca\/wp-json\/wp\/v2\/pages"}],"about":[{"href":"https:\/\/diteico.com\/ca\/wp-json\/wp\/v2\/types\/page"}],"author":[{"embeddable":true,"href":"https:\/\/diteico.com\/ca\/wp-json\/wp\/v2\/users\/3"}],"replies":[{"embeddable":true,"href":"https:\/\/diteico.com\/ca\/wp-json\/wp\/v2\/comments?post=3600"}],"version-history":[{"count":14,"href":"https:\/\/diteico.com\/ca\/wp-json\/wp\/v2\/pages\/3600\/revisions"}],"predecessor-version":[{"id":6463,"href":"https:\/\/diteico.com\/ca\/wp-json\/wp\/v2\/pages\/3600\/revisions\/6463"}],"up":[{"embeddable":true,"href":"https:\/\/diteico.com\/ca\/wp-json\/wp\/v2\/pages\/3526"}],"wp:attachment":[{"href":"https:\/\/diteico.com\/ca\/wp-json\/wp\/v2\/media?parent=3600"}],"curies":[{"name":"wp","href":"https:\/\/api.w.org\/{rel}","templated":true}]}}