{"id":1057,"date":"2017-08-21T11:09:02","date_gmt":"2017-08-21T09:09:02","guid":{"rendered":"http:\/\/diteico.com\/producto\/ttf\/"},"modified":"2017-08-30T15:21:24","modified_gmt":"2017-08-30T13:21:24","slug":"ttf","status":"publish","type":"product","link":"https:\/\/diteico.com\/ca\/serie\/ttf\/","title":{"rendered":"TTF"},"content":{"rendered":"","protected":false},"excerpt":{"rendered":"<p>L&#039;actuador pneum\u00e0tic TTF de la S\u00e9rie A compta amb un cos fabricat amb Anodinado dur i tapa d&#039;Epoxy Poli\u00e9ster. Tot seguit es detallen les especificacions t\u00e8cniques de l&#039;actuador TTF<\/p>","protected":false},"featured_media":607,"template":"","meta":{"_acf_changed":false},"product_brand":[],"product_cat":[70,46],"product_tag":[51],"class_list":{"0":"post-1057","1":"product","2":"type-product","3":"status-publish","4":"has-post-thumbnail","6":"product_cat-actuadores","7":"product_cat-actuadores-neumaticos","8":"product_tag-teflonado","9":"sales-flash-overlay","10":"woocommerce-text-align-center","11":"woocommerce-image-align-center","12":"do-quantity-buttons","13":"wc-has-gallery","15":"first","16":"instock","17":"product-type-simple"},"acf":[],"yoast_head":"<!-- This site is optimized with the Yoast SEO plugin v27.0 - https:\/\/yoast.com\/product\/yoast-seo-wordpress\/ -->\n<title>Actuador Neum\u00e1tico TTF - Diteico SL - Distribuidor Oficial en Espa\u00f1a<\/title>\n<meta name=\"description\" content=\"Distribuidor Oficial en Espa\u00f1a de Actuadores El\u00e9ctricos, Actuadores Neum\u00e1ticos, Reductores, Acomplamientos y Accesorios de las marcas J+J y CH-air.\" \/>\n<meta name=\"robots\" content=\"index, follow, max-snippet:-1, max-image-preview:large, max-video-preview:-1\" \/>\n<link rel=\"canonical\" href=\"https:\/\/diteico.com\/ca\/serie\/ttf\/\" \/>\n<meta property=\"og:locale\" content=\"ca_ES\" \/>\n<meta property=\"og:type\" content=\"article\" \/>\n<meta property=\"og:title\" content=\"Actuador Neum\u00e1tico TTF - Diteico SL - Distribuidor Oficial en Espa\u00f1a\" \/>\n<meta property=\"og:description\" content=\"Distribuidor Oficial en Espa\u00f1a de Actuadores El\u00e9ctricos, Actuadores Neum\u00e1ticos, Reductores, Acomplamientos y Accesorios de las marcas J+J y CH-air.\" \/>\n<meta property=\"og:url\" content=\"https:\/\/diteico.com\/ca\/serie\/ttf\/\" \/>\n<meta property=\"og:site_name\" content=\"Diteico S.L.\" \/>\n<meta property=\"article:modified_time\" content=\"2017-08-30T13:21:24+00:00\" \/>\n<meta property=\"og:image\" content=\"https:\/\/diteico.com\/wp-content\/uploads\/2017\/07\/TTF-frontal-scaled.jpg\" \/>\n\t<meta property=\"og:image:width\" content=\"2560\" \/>\n\t<meta property=\"og:image:height\" content=\"1701\" \/>\n\t<meta property=\"og:image:type\" content=\"image\/jpeg\" \/>\n<meta name=\"twitter:card\" content=\"summary_large_image\" \/>\n<script type=\"application\/ld+json\" class=\"yoast-schema-graph\">{\"@context\":\"https:\/\/schema.org\",\"@graph\":[{\"@type\":\"WebPage\",\"@id\":\"https:\/\/diteico.com\/en\/serie\/ttf\/\",\"url\":\"https:\/\/diteico.com\/en\/serie\/ttf\/\",\"name\":\"Actuador Neum\u00e1tico TTF - Diteico SL - Distribuidor Oficial en Espa\u00f1a\",\"isPartOf\":{\"@id\":\"https:\/\/diteico.com\/#website\"},\"primaryImageOfPage\":{\"@id\":\"https:\/\/diteico.com\/en\/serie\/ttf\/#primaryimage\"},\"image\":{\"@id\":\"https:\/\/diteico.com\/en\/serie\/ttf\/#primaryimage\"},\"thumbnailUrl\":\"https:\/\/diteico.com\/wp-content\/uploads\/2017\/07\/TTF-frontal-scaled.jpg\",\"datePublished\":\"2017-08-21T09:09:02+00:00\",\"dateModified\":\"2017-08-30T13:21:24+00:00\",\"description\":\"Distribuidor Oficial en Espa\u00f1a de Actuadores El\u00e9ctricos, Actuadores Neum\u00e1ticos, Reductores, Acomplamientos y Accesorios de las marcas J+J y CH-air.\",\"breadcrumb\":{\"@id\":\"https:\/\/diteico.com\/en\/serie\/ttf\/#breadcrumb\"},\"inLanguage\":\"ca\",\"potentialAction\":[{\"@type\":\"ReadAction\",\"target\":[\"https:\/\/diteico.com\/en\/serie\/ttf\/\"]}]},{\"@type\":\"ImageObject\",\"inLanguage\":\"ca\",\"@id\":\"https:\/\/diteico.com\/en\/serie\/ttf\/#primaryimage\",\"url\":\"https:\/\/diteico.com\/wp-content\/uploads\/2017\/07\/TTF-frontal-scaled.jpg\",\"contentUrl\":\"https:\/\/diteico.com\/wp-content\/uploads\/2017\/07\/TTF-frontal-scaled.jpg\",\"width\":2560,\"height\":1701,\"caption\":\"J+J Actuadores Pneum\u00e1ticos Actuadores TTF frontal\"},{\"@type\":\"BreadcrumbList\",\"@id\":\"https:\/\/diteico.com\/en\/serie\/ttf\/#breadcrumb\",\"itemListElement\":[{\"@type\":\"ListItem\",\"position\":1,\"name\":\"Portada\",\"item\":\"https:\/\/diteico.com\/\"},{\"@type\":\"ListItem\",\"position\":2,\"name\":\"Tienda\",\"item\":\"https:\/\/diteico.com\/tienda\/\"},{\"@type\":\"ListItem\",\"position\":3,\"name\":\"TTF\"}]},{\"@type\":\"WebSite\",\"@id\":\"https:\/\/diteico.com\/#website\",\"url\":\"https:\/\/diteico.com\/\",\"name\":\"Diteico S.L.\",\"description\":\"Actuadores El\u00e9ctricos, Actuadores Pneum\u00e1ticos, Reductores, Acomplamientos y Accesorios.\",\"potentialAction\":[{\"@type\":\"SearchAction\",\"target\":{\"@type\":\"EntryPoint\",\"urlTemplate\":\"https:\/\/diteico.com\/?s={search_term_string}\"},\"query-input\":{\"@type\":\"PropertyValueSpecification\",\"valueRequired\":true,\"valueName\":\"search_term_string\"}}],\"inLanguage\":\"ca\"}]}<\/script>\n<!-- \/ Yoast SEO plugin. -->","yoast_head_json":{"title":"Actuador Pneum\u00e0tic TTF - Diteico SL - Distribu\u00efdor Oficial a Espanya","description":"Distribu\u00efdor Oficial a Espanya d&#039;Actuadors El\u00e8ctrics, Actuadors Pneum\u00e0tics, Reductors, Complaments i Accessoris de les marques J+J i CH-air.","robots":{"index":"index","follow":"follow","max-snippet":"max-snippet:-1","max-image-preview":"max-image-preview:large","max-video-preview":"max-video-preview:-1"},"canonical":"https:\/\/diteico.com\/ca\/serie\/ttf\/","og_locale":"ca_ES","og_type":"article","og_title":"Actuador Neum\u00e1tico TTF - Diteico SL - Distribuidor Oficial en Espa\u00f1a","og_description":"Distribuidor Oficial en Espa\u00f1a de Actuadores El\u00e9ctricos, Actuadores Neum\u00e1ticos, Reductores, Acomplamientos y Accesorios de las marcas J+J y CH-air.","og_url":"https:\/\/diteico.com\/ca\/serie\/ttf\/","og_site_name":"Diteico S.L.","article_modified_time":"2017-08-30T13:21:24+00:00","og_image":[{"width":2560,"height":1701,"url":"https:\/\/diteico.com\/wp-content\/uploads\/2017\/07\/TTF-frontal-scaled.jpg","type":"image\/jpeg"}],"twitter_card":"summary_large_image","schema":{"@context":"https:\/\/schema.org","@graph":[{"@type":"WebPage","@id":"https:\/\/diteico.com\/en\/serie\/ttf\/","url":"https:\/\/diteico.com\/en\/serie\/ttf\/","name":"Actuador Pneum\u00e0tic TTF - Diteico SL - Distribu\u00efdor Oficial a Espanya","isPartOf":{"@id":"https:\/\/diteico.com\/#website"},"primaryImageOfPage":{"@id":"https:\/\/diteico.com\/en\/serie\/ttf\/#primaryimage"},"image":{"@id":"https:\/\/diteico.com\/en\/serie\/ttf\/#primaryimage"},"thumbnailUrl":"https:\/\/diteico.com\/wp-content\/uploads\/2017\/07\/TTF-frontal-scaled.jpg","datePublished":"2017-08-21T09:09:02+00:00","dateModified":"2017-08-30T13:21:24+00:00","description":"Distribu\u00efdor Oficial a Espanya d&#039;Actuadors El\u00e8ctrics, Actuadors Pneum\u00e0tics, Reductors, Complaments i Accessoris de les marques J+J i CH-air.","breadcrumb":{"@id":"https:\/\/diteico.com\/en\/serie\/ttf\/#breadcrumb"},"inLanguage":"ca","potentialAction":[{"@type":"ReadAction","target":["https:\/\/diteico.com\/en\/serie\/ttf\/"]}]},{"@type":"ImageObject","inLanguage":"ca","@id":"https:\/\/diteico.com\/en\/serie\/ttf\/#primaryimage","url":"https:\/\/diteico.com\/wp-content\/uploads\/2017\/07\/TTF-frontal-scaled.jpg","contentUrl":"https:\/\/diteico.com\/wp-content\/uploads\/2017\/07\/TTF-frontal-scaled.jpg","width":2560,"height":1701,"caption":"J+J Actuadores Pneum\u00e1ticos Actuadores TTF frontal"},{"@type":"BreadcrumbList","@id":"https:\/\/diteico.com\/en\/serie\/ttf\/#breadcrumb","itemListElement":[{"@type":"ListItem","position":1,"name":"Portada","item":"https:\/\/diteico.com\/"},{"@type":"ListItem","position":2,"name":"Tienda","item":"https:\/\/diteico.com\/tienda\/"},{"@type":"ListItem","position":3,"name":"TTF"}]},{"@type":"WebSite","@id":"https:\/\/diteico.com\/#website","url":"https:\/\/diteico.com\/","name":"Diteico SL","description":"Actuadors El\u00e8ctrics, Actuadors Pneum\u00e0tics, Reductors, Acomplaments i Accessoris.","potentialAction":[{"@type":"SearchAction","target":{"@type":"EntryPoint","urlTemplate":"https:\/\/diteico.com\/?s={search_term_string}"},"query-input":{"@type":"PropertyValueSpecification","valueRequired":true,"valueName":"search_term_string"}}],"inLanguage":"ca"}]}},"_links":{"self":[{"href":"https:\/\/diteico.com\/ca\/wp-json\/wp\/v2\/product\/1057","targetHints":{"allow":["GET"]}}],"collection":[{"href":"https:\/\/diteico.com\/ca\/wp-json\/wp\/v2\/product"}],"about":[{"href":"https:\/\/diteico.com\/ca\/wp-json\/wp\/v2\/types\/product"}],"version-history":[{"count":0,"href":"https:\/\/diteico.com\/ca\/wp-json\/wp\/v2\/product\/1057\/revisions"}],"wp:featuredmedia":[{"embeddable":true,"href":"https:\/\/diteico.com\/ca\/wp-json\/wp\/v2\/media\/607"}],"wp:attachment":[{"href":"https:\/\/diteico.com\/ca\/wp-json\/wp\/v2\/media?parent=1057"}],"wp:term":[{"taxonomy":"product_brand","embeddable":true,"href":"https:\/\/diteico.com\/ca\/wp-json\/wp\/v2\/product_brand?post=1057"},{"taxonomy":"product_cat","embeddable":true,"href":"https:\/\/diteico.com\/ca\/wp-json\/wp\/v2\/product_cat?post=1057"},{"taxonomy":"product_tag","embeddable":true,"href":"https:\/\/diteico.com\/ca\/wp-json\/wp\/v2\/product_tag?post=1057"}],"curies":[{"name":"wp","href":"https:\/\/api.w.org\/{rel}","templated":true}]}}