{"id":1499,"date":"2019-08-21T16:53:16","date_gmt":"2019-08-21T14:53:16","guid":{"rendered":"http:\/\/diteico.com\/?post_type=product&#038;p=1499"},"modified":"2022-07-22T12:12:13","modified_gmt":"2022-07-22T10:12:13","slug":"j4c-35","status":"publish","type":"product","link":"https:\/\/diteico.com\/ca\/serie\/j4c-35\/","title":{"rendered":"J4C 35"},"content":{"rendered":"","protected":false},"excerpt":{"rendered":"","protected":false},"featured_media":1467,"template":"","meta":{"_acf_changed":false},"product_brand":[],"product_cat":[28,126],"product_tag":[],"class_list":{"0":"post-1499","1":"product","2":"type-product","3":"status-publish","4":"has-post-thumbnail","6":"product_cat-actuadores-electricos-multivoltaje","7":"product_cat-serie-j4c","8":"sales-flash-overlay","9":"woocommerce-text-align-center","10":"woocommerce-image-align-center","11":"do-quantity-buttons","12":"wc-has-gallery","14":"first","15":"instock","16":"shipping-taxable","17":"product-type-simple"},"acf":[],"yoast_head":"<!-- This site is optimized with the Yoast SEO plugin v27.0 - https:\/\/yoast.com\/product\/yoast-seo-wordpress\/ -->\n<title>J4C 35 - Diteico S.L.<\/title>\n<meta name=\"description\" content=\"Distribuidor Oficial en Espa\u00f1a de Actuadores El\u00e9ctricos, Actuadores Neum\u00e1ticos, Reductores, Acomplamientos y Accesorios de las marcas J+J y CH-air.\" \/>\n<meta name=\"robots\" content=\"index, follow, max-snippet:-1, max-image-preview:large, max-video-preview:-1\" \/>\n<link rel=\"canonical\" href=\"https:\/\/diteico.com\/ca\/serie\/j4c-35\/\" \/>\n<meta property=\"og:locale\" content=\"ca_ES\" \/>\n<meta property=\"og:type\" content=\"article\" \/>\n<meta property=\"og:title\" content=\"J4C 35 - Diteico S.L.\" \/>\n<meta property=\"og:description\" content=\"Distribuidor Oficial en Espa\u00f1a de Actuadores El\u00e9ctricos, Actuadores Neum\u00e1ticos, Reductores, Acomplamientos y Accesorios de las marcas J+J y CH-air.\" \/>\n<meta property=\"og:url\" content=\"https:\/\/diteico.com\/ca\/serie\/j4c-35\/\" \/>\n<meta property=\"og:site_name\" content=\"Diteico S.L.\" \/>\n<meta property=\"article:modified_time\" content=\"2022-07-22T10:12:13+00:00\" \/>\n<meta property=\"og:image\" content=\"https:\/\/diteico.com\/wp-content\/uploads\/2019\/08\/J4C-35-1.jpg\" \/>\n\t<meta property=\"og:image:width\" content=\"1652\" \/>\n\t<meta property=\"og:image:height\" content=\"1652\" \/>\n\t<meta property=\"og:image:type\" content=\"image\/jpeg\" \/>\n<meta name=\"twitter:card\" content=\"summary_large_image\" \/>\n<script type=\"application\/ld+json\" class=\"yoast-schema-graph\">{\"@context\":\"https:\/\/schema.org\",\"@graph\":[{\"@type\":\"WebPage\",\"@id\":\"https:\/\/diteico.com\/en\/serie\/j4c-35\/\",\"url\":\"https:\/\/diteico.com\/en\/serie\/j4c-35\/\",\"name\":\"J4C 35 - Diteico S.L.\",\"isPartOf\":{\"@id\":\"https:\/\/diteico.com\/#website\"},\"primaryImageOfPage\":{\"@id\":\"https:\/\/diteico.com\/en\/serie\/j4c-35\/#primaryimage\"},\"image\":{\"@id\":\"https:\/\/diteico.com\/en\/serie\/j4c-35\/#primaryimage\"},\"thumbnailUrl\":\"https:\/\/diteico.com\/wp-content\/uploads\/2019\/08\/J4C-35-1.jpg\",\"datePublished\":\"2019-08-21T14:53:16+00:00\",\"dateModified\":\"2022-07-22T10:12:13+00:00\",\"description\":\"Distribuidor Oficial en Espa\u00f1a de Actuadores El\u00e9ctricos, Actuadores Neum\u00e1ticos, Reductores, Acomplamientos y Accesorios de las marcas J+J y CH-air.\",\"breadcrumb\":{\"@id\":\"https:\/\/diteico.com\/en\/serie\/j4c-35\/#breadcrumb\"},\"inLanguage\":\"ca\",\"potentialAction\":[{\"@type\":\"ReadAction\",\"target\":[\"https:\/\/diteico.com\/en\/serie\/j4c-35\/\"]}]},{\"@type\":\"ImageObject\",\"inLanguage\":\"ca\",\"@id\":\"https:\/\/diteico.com\/en\/serie\/j4c-35\/#primaryimage\",\"url\":\"https:\/\/diteico.com\/wp-content\/uploads\/2019\/08\/J4C-35-1.jpg\",\"contentUrl\":\"https:\/\/diteico.com\/wp-content\/uploads\/2019\/08\/J4C-35-1.jpg\",\"width\":1652,\"height\":1652},{\"@type\":\"BreadcrumbList\",\"@id\":\"https:\/\/diteico.com\/en\/serie\/j4c-35\/#breadcrumb\",\"itemListElement\":[{\"@type\":\"ListItem\",\"position\":1,\"name\":\"Portada\",\"item\":\"https:\/\/diteico.com\/\"},{\"@type\":\"ListItem\",\"position\":2,\"name\":\"Tienda\",\"item\":\"https:\/\/diteico.com\/tienda\/\"},{\"@type\":\"ListItem\",\"position\":3,\"name\":\"J4C 35\"}]},{\"@type\":\"WebSite\",\"@id\":\"https:\/\/diteico.com\/#website\",\"url\":\"https:\/\/diteico.com\/\",\"name\":\"Diteico S.L.\",\"description\":\"Actuadores El\u00e9ctricos, Actuadores Pneum\u00e1ticos, Reductores, Acomplamientos y Accesorios.\",\"potentialAction\":[{\"@type\":\"SearchAction\",\"target\":{\"@type\":\"EntryPoint\",\"urlTemplate\":\"https:\/\/diteico.com\/?s={search_term_string}\"},\"query-input\":{\"@type\":\"PropertyValueSpecification\",\"valueRequired\":true,\"valueName\":\"search_term_string\"}}],\"inLanguage\":\"ca\"}]}<\/script>\n<!-- \/ Yoast SEO plugin. -->","yoast_head_json":{"title":"J4C 35 - Diteico SL","description":"Distribu\u00efdor Oficial a Espanya d&#039;Actuadors El\u00e8ctrics, Actuadors Pneum\u00e0tics, Reductors, Complaments i Accessoris de les marques J+J i CH-air.","robots":{"index":"index","follow":"follow","max-snippet":"max-snippet:-1","max-image-preview":"max-image-preview:large","max-video-preview":"max-video-preview:-1"},"canonical":"https:\/\/diteico.com\/ca\/serie\/j4c-35\/","og_locale":"ca_ES","og_type":"article","og_title":"J4C 35 - Diteico S.L.","og_description":"Distribuidor Oficial en Espa\u00f1a de Actuadores El\u00e9ctricos, Actuadores Neum\u00e1ticos, Reductores, Acomplamientos y Accesorios de las marcas J+J y CH-air.","og_url":"https:\/\/diteico.com\/ca\/serie\/j4c-35\/","og_site_name":"Diteico S.L.","article_modified_time":"2022-07-22T10:12:13+00:00","og_image":[{"width":1652,"height":1652,"url":"https:\/\/diteico.com\/wp-content\/uploads\/2019\/08\/J4C-35-1.jpg","type":"image\/jpeg"}],"twitter_card":"summary_large_image","schema":{"@context":"https:\/\/schema.org","@graph":[{"@type":"WebPage","@id":"https:\/\/diteico.com\/en\/serie\/j4c-35\/","url":"https:\/\/diteico.com\/en\/serie\/j4c-35\/","name":"J4C 35 - Diteico SL","isPartOf":{"@id":"https:\/\/diteico.com\/#website"},"primaryImageOfPage":{"@id":"https:\/\/diteico.com\/en\/serie\/j4c-35\/#primaryimage"},"image":{"@id":"https:\/\/diteico.com\/en\/serie\/j4c-35\/#primaryimage"},"thumbnailUrl":"https:\/\/diteico.com\/wp-content\/uploads\/2019\/08\/J4C-35-1.jpg","datePublished":"2019-08-21T14:53:16+00:00","dateModified":"2022-07-22T10:12:13+00:00","description":"Distribu\u00efdor Oficial a Espanya d&#039;Actuadors El\u00e8ctrics, Actuadors Pneum\u00e0tics, Reductors, Complaments i Accessoris de les marques J+J i CH-air.","breadcrumb":{"@id":"https:\/\/diteico.com\/en\/serie\/j4c-35\/#breadcrumb"},"inLanguage":"ca","potentialAction":[{"@type":"ReadAction","target":["https:\/\/diteico.com\/en\/serie\/j4c-35\/"]}]},{"@type":"ImageObject","inLanguage":"ca","@id":"https:\/\/diteico.com\/en\/serie\/j4c-35\/#primaryimage","url":"https:\/\/diteico.com\/wp-content\/uploads\/2019\/08\/J4C-35-1.jpg","contentUrl":"https:\/\/diteico.com\/wp-content\/uploads\/2019\/08\/J4C-35-1.jpg","width":1652,"height":1652},{"@type":"BreadcrumbList","@id":"https:\/\/diteico.com\/en\/serie\/j4c-35\/#breadcrumb","itemListElement":[{"@type":"ListItem","position":1,"name":"Portada","item":"https:\/\/diteico.com\/"},{"@type":"ListItem","position":2,"name":"Tienda","item":"https:\/\/diteico.com\/tienda\/"},{"@type":"ListItem","position":3,"name":"J4C 35"}]},{"@type":"WebSite","@id":"https:\/\/diteico.com\/#website","url":"https:\/\/diteico.com\/","name":"Diteico SL","description":"Actuadors El\u00e8ctrics, Actuadors Pneum\u00e0tics, Reductors, Acomplaments i Accessoris.","potentialAction":[{"@type":"SearchAction","target":{"@type":"EntryPoint","urlTemplate":"https:\/\/diteico.com\/?s={search_term_string}"},"query-input":{"@type":"PropertyValueSpecification","valueRequired":true,"valueName":"search_term_string"}}],"inLanguage":"ca"}]}},"_links":{"self":[{"href":"https:\/\/diteico.com\/ca\/wp-json\/wp\/v2\/product\/1499","targetHints":{"allow":["GET"]}}],"collection":[{"href":"https:\/\/diteico.com\/ca\/wp-json\/wp\/v2\/product"}],"about":[{"href":"https:\/\/diteico.com\/ca\/wp-json\/wp\/v2\/types\/product"}],"version-history":[{"count":6,"href":"https:\/\/diteico.com\/ca\/wp-json\/wp\/v2\/product\/1499\/revisions"}],"predecessor-version":[{"id":4972,"href":"https:\/\/diteico.com\/ca\/wp-json\/wp\/v2\/product\/1499\/revisions\/4972"}],"wp:featuredmedia":[{"embeddable":true,"href":"https:\/\/diteico.com\/ca\/wp-json\/wp\/v2\/media\/1467"}],"wp:attachment":[{"href":"https:\/\/diteico.com\/ca\/wp-json\/wp\/v2\/media?parent=1499"}],"wp:term":[{"taxonomy":"product_brand","embeddable":true,"href":"https:\/\/diteico.com\/ca\/wp-json\/wp\/v2\/product_brand?post=1499"},{"taxonomy":"product_cat","embeddable":true,"href":"https:\/\/diteico.com\/ca\/wp-json\/wp\/v2\/product_cat?post=1499"},{"taxonomy":"product_tag","embeddable":true,"href":"https:\/\/diteico.com\/ca\/wp-json\/wp\/v2\/product_tag?post=1499"}],"curies":[{"name":"wp","href":"https:\/\/api.w.org\/{rel}","templated":true}]}}