{"id":429,"date":"2017-07-28T12:29:13","date_gmt":"2017-07-28T10:29:13","guid":{"rendered":"http:\/\/diteico.com\/producto\/rc20\/"},"modified":"2022-06-13T14:09:25","modified_gmt":"2022-06-13T12:09:25","slug":"rc20","status":"publish","type":"product","link":"https:\/\/diteico.com\/ca\/serie\/rc20\/","title":{"rendered":"RC20"},"content":{"rendered":"","protected":false},"excerpt":{"rendered":"<p align=\"justify\"><span style=\"font-size: xx-small;\">\u00c9s un actuador el\u00e8ctric de \u00bc de volta b\u00e0sic (ON-OFF). Aquest model de la s\u00e8rie RC t\u00e9 un <strong>parell m\u00e0xim de 25Nm<\/strong> i pot treballar a un sol voltatge (12VDC\/VAC, 24VDC\/VAC, 48VDC\/VAC, 110VDC\/VAC, 240VAC).<br \/>\nDisposa de prestacions comunes a la s\u00e8rie d&#039;actuadors el\u00e8ctrics J3C com, la palanca autom\u00e0tic\/manual <strong>(MDL)<\/strong>, l&#039;indicador visual de posici\u00f3 <strong>(VPI)<\/strong>, comandament manual d&#039;emerg\u00e8ncia <strong>(EMO)<\/strong> i un grau de protecci\u00f3 IP67.<br \/>\n<\/span><\/p>","protected":false},"featured_media":585,"template":"","meta":{"_acf_changed":false},"product_brand":[],"product_cat":[28,32],"product_tag":[],"class_list":{"0":"post-429","1":"product","2":"type-product","3":"status-publish","4":"has-post-thumbnail","6":"product_cat-actuadores-electricos-multivoltaje","7":"product_cat-serie-rc","8":"sales-flash-overlay","9":"woocommerce-text-align-center","10":"woocommerce-image-align-center","11":"do-quantity-buttons","12":"wc-has-gallery","14":"first","15":"instock","16":"product-type-simple"},"acf":[],"yoast_head":"<!-- This site is optimized with the Yoast SEO plugin v27.0 - https:\/\/yoast.com\/product\/yoast-seo-wordpress\/ -->\n<title>Actuador El\u00e9ctrico Multivoltaje RC20 - Diteico - Distribuidor en Espa\u00f1a<\/title>\n<meta name=\"description\" content=\"Distribuidor Oficial en Espa\u00f1a de Actuadores El\u00e9ctricos, Actuadores Neum\u00e1ticos, Reductores, Acomplamientos y Accesorios de las marcas J+J y CH-air.\" \/>\n<meta name=\"robots\" content=\"index, follow, max-snippet:-1, max-image-preview:large, max-video-preview:-1\" \/>\n<link rel=\"canonical\" href=\"https:\/\/diteico.com\/ca\/serie\/rc20\/\" \/>\n<meta property=\"og:locale\" content=\"ca_ES\" \/>\n<meta property=\"og:type\" content=\"article\" \/>\n<meta property=\"og:title\" content=\"Actuador El\u00e9ctrico Multivoltaje RC20 - Diteico - Distribuidor en Espa\u00f1a\" \/>\n<meta property=\"og:description\" content=\"Distribuidor Oficial en Espa\u00f1a de Actuadores El\u00e9ctricos, Actuadores Neum\u00e1ticos, Reductores, Acomplamientos y Accesorios de las marcas J+J y CH-air.\" \/>\n<meta property=\"og:url\" content=\"https:\/\/diteico.com\/ca\/serie\/rc20\/\" \/>\n<meta property=\"og:site_name\" content=\"Diteico S.L.\" \/>\n<meta property=\"article:modified_time\" content=\"2022-06-13T12:09:25+00:00\" \/>\n<meta property=\"og:image\" content=\"https:\/\/diteico.com\/wp-content\/uploads\/2017\/07\/RC20-frontal-scaled.jpg\" \/>\n\t<meta property=\"og:image:width\" content=\"2560\" \/>\n\t<meta property=\"og:image:height\" content=\"1701\" \/>\n\t<meta property=\"og:image:type\" content=\"image\/jpeg\" \/>\n<meta name=\"twitter:card\" content=\"summary_large_image\" \/>\n<script type=\"application\/ld+json\" class=\"yoast-schema-graph\">{\"@context\":\"https:\/\/schema.org\",\"@graph\":[{\"@type\":\"WebPage\",\"@id\":\"https:\/\/diteico.com\/fr\/serie\/rc20\/\",\"url\":\"https:\/\/diteico.com\/fr\/serie\/rc20\/\",\"name\":\"Actuador El\u00e9ctrico Multivoltaje RC20 - Diteico - Distribuidor en Espa\u00f1a\",\"isPartOf\":{\"@id\":\"https:\/\/diteico.com\/#website\"},\"primaryImageOfPage\":{\"@id\":\"https:\/\/diteico.com\/fr\/serie\/rc20\/#primaryimage\"},\"image\":{\"@id\":\"https:\/\/diteico.com\/fr\/serie\/rc20\/#primaryimage\"},\"thumbnailUrl\":\"https:\/\/diteico.com\/wp-content\/uploads\/2017\/07\/RC20-frontal-scaled.jpg\",\"datePublished\":\"2017-07-28T10:29:13+00:00\",\"dateModified\":\"2022-06-13T12:09:25+00:00\",\"description\":\"Distribuidor Oficial en Espa\u00f1a de Actuadores El\u00e9ctricos, Actuadores Neum\u00e1ticos, Reductores, Acomplamientos y Accesorios de las marcas J+J y CH-air.\",\"breadcrumb\":{\"@id\":\"https:\/\/diteico.com\/fr\/serie\/rc20\/#breadcrumb\"},\"inLanguage\":\"ca\",\"potentialAction\":[{\"@type\":\"ReadAction\",\"target\":[\"https:\/\/diteico.com\/fr\/serie\/rc20\/\"]}]},{\"@type\":\"ImageObject\",\"inLanguage\":\"ca\",\"@id\":\"https:\/\/diteico.com\/fr\/serie\/rc20\/#primaryimage\",\"url\":\"https:\/\/diteico.com\/wp-content\/uploads\/2017\/07\/RC20-frontal-scaled.jpg\",\"contentUrl\":\"https:\/\/diteico.com\/wp-content\/uploads\/2017\/07\/RC20-frontal-scaled.jpg\",\"width\":2560,\"height\":1701,\"caption\":\"J+J Actuadores El\u00e9ctricos Multivoltaje S\u00e9rie RC RC20 frontal\"},{\"@type\":\"BreadcrumbList\",\"@id\":\"https:\/\/diteico.com\/fr\/serie\/rc20\/#breadcrumb\",\"itemListElement\":[{\"@type\":\"ListItem\",\"position\":1,\"name\":\"Portada\",\"item\":\"https:\/\/diteico.com\/\"},{\"@type\":\"ListItem\",\"position\":2,\"name\":\"Tienda\",\"item\":\"https:\/\/diteico.com\/tienda\/\"},{\"@type\":\"ListItem\",\"position\":3,\"name\":\"RC20\"}]},{\"@type\":\"WebSite\",\"@id\":\"https:\/\/diteico.com\/#website\",\"url\":\"https:\/\/diteico.com\/\",\"name\":\"Diteico S.L.\",\"description\":\"Actuadores El\u00e9ctricos, Actuadores Pneum\u00e1ticos, Reductores, Acomplamientos y Accesorios.\",\"potentialAction\":[{\"@type\":\"SearchAction\",\"target\":{\"@type\":\"EntryPoint\",\"urlTemplate\":\"https:\/\/diteico.com\/?s={search_term_string}\"},\"query-input\":{\"@type\":\"PropertyValueSpecification\",\"valueRequired\":true,\"valueName\":\"search_term_string\"}}],\"inLanguage\":\"ca\"}]}<\/script>\n<!-- \/ Yoast SEO plugin. -->","yoast_head_json":{"title":"Actuador El\u00e8ctric Multivoltatge RC20 - Diteic - Distribu\u00efdor a Espanya","description":"Distribu\u00efdor Oficial a Espanya d&#039;Actuadors El\u00e8ctrics, Actuadors Pneum\u00e0tics, Reductors, Complaments i Accessoris de les marques J+J i CH-air.","robots":{"index":"index","follow":"follow","max-snippet":"max-snippet:-1","max-image-preview":"max-image-preview:large","max-video-preview":"max-video-preview:-1"},"canonical":"https:\/\/diteico.com\/ca\/serie\/rc20\/","og_locale":"ca_ES","og_type":"article","og_title":"Actuador El\u00e9ctrico Multivoltaje RC20 - Diteico - Distribuidor en Espa\u00f1a","og_description":"Distribuidor Oficial en Espa\u00f1a de Actuadores El\u00e9ctricos, Actuadores Neum\u00e1ticos, Reductores, Acomplamientos y Accesorios de las marcas J+J y CH-air.","og_url":"https:\/\/diteico.com\/ca\/serie\/rc20\/","og_site_name":"Diteico S.L.","article_modified_time":"2022-06-13T12:09:25+00:00","og_image":[{"width":2560,"height":1701,"url":"https:\/\/diteico.com\/wp-content\/uploads\/2017\/07\/RC20-frontal-scaled.jpg","type":"image\/jpeg"}],"twitter_card":"summary_large_image","schema":{"@context":"https:\/\/schema.org","@graph":[{"@type":"WebPage","@id":"https:\/\/diteico.com\/fr\/serie\/rc20\/","url":"https:\/\/diteico.com\/fr\/serie\/rc20\/","name":"Actuador El\u00e8ctric Multivoltatge RC20 - Diteic - Distribu\u00efdor a Espanya","isPartOf":{"@id":"https:\/\/diteico.com\/#website"},"primaryImageOfPage":{"@id":"https:\/\/diteico.com\/fr\/serie\/rc20\/#primaryimage"},"image":{"@id":"https:\/\/diteico.com\/fr\/serie\/rc20\/#primaryimage"},"thumbnailUrl":"https:\/\/diteico.com\/wp-content\/uploads\/2017\/07\/RC20-frontal-scaled.jpg","datePublished":"2017-07-28T10:29:13+00:00","dateModified":"2022-06-13T12:09:25+00:00","description":"Distribu\u00efdor Oficial a Espanya d&#039;Actuadors El\u00e8ctrics, Actuadors Pneum\u00e0tics, Reductors, Complaments i Accessoris de les marques J+J i CH-air.","breadcrumb":{"@id":"https:\/\/diteico.com\/fr\/serie\/rc20\/#breadcrumb"},"inLanguage":"ca","potentialAction":[{"@type":"ReadAction","target":["https:\/\/diteico.com\/fr\/serie\/rc20\/"]}]},{"@type":"ImageObject","inLanguage":"ca","@id":"https:\/\/diteico.com\/fr\/serie\/rc20\/#primaryimage","url":"https:\/\/diteico.com\/wp-content\/uploads\/2017\/07\/RC20-frontal-scaled.jpg","contentUrl":"https:\/\/diteico.com\/wp-content\/uploads\/2017\/07\/RC20-frontal-scaled.jpg","width":2560,"height":1701,"caption":"J+J Actuadores El\u00e9ctricos Multivoltaje S\u00e9rie RC RC20 frontal"},{"@type":"BreadcrumbList","@id":"https:\/\/diteico.com\/fr\/serie\/rc20\/#breadcrumb","itemListElement":[{"@type":"ListItem","position":1,"name":"Portada","item":"https:\/\/diteico.com\/"},{"@type":"ListItem","position":2,"name":"Tienda","item":"https:\/\/diteico.com\/tienda\/"},{"@type":"ListItem","position":3,"name":"RC20"}]},{"@type":"WebSite","@id":"https:\/\/diteico.com\/#website","url":"https:\/\/diteico.com\/","name":"Diteico SL","description":"Actuadors El\u00e8ctrics, Actuadors Pneum\u00e0tics, Reductors, Acomplaments i Accessoris.","potentialAction":[{"@type":"SearchAction","target":{"@type":"EntryPoint","urlTemplate":"https:\/\/diteico.com\/?s={search_term_string}"},"query-input":{"@type":"PropertyValueSpecification","valueRequired":true,"valueName":"search_term_string"}}],"inLanguage":"ca"}]}},"_links":{"self":[{"href":"https:\/\/diteico.com\/ca\/wp-json\/wp\/v2\/product\/429","targetHints":{"allow":["GET"]}}],"collection":[{"href":"https:\/\/diteico.com\/ca\/wp-json\/wp\/v2\/product"}],"about":[{"href":"https:\/\/diteico.com\/ca\/wp-json\/wp\/v2\/types\/product"}],"version-history":[{"count":4,"href":"https:\/\/diteico.com\/ca\/wp-json\/wp\/v2\/product\/429\/revisions"}],"predecessor-version":[{"id":4605,"href":"https:\/\/diteico.com\/ca\/wp-json\/wp\/v2\/product\/429\/revisions\/4605"}],"wp:featuredmedia":[{"embeddable":true,"href":"https:\/\/diteico.com\/ca\/wp-json\/wp\/v2\/media\/585"}],"wp:attachment":[{"href":"https:\/\/diteico.com\/ca\/wp-json\/wp\/v2\/media?parent=429"}],"wp:term":[{"taxonomy":"product_brand","embeddable":true,"href":"https:\/\/diteico.com\/ca\/wp-json\/wp\/v2\/product_brand?post=429"},{"taxonomy":"product_cat","embeddable":true,"href":"https:\/\/diteico.com\/ca\/wp-json\/wp\/v2\/product_cat?post=429"},{"taxonomy":"product_tag","embeddable":true,"href":"https:\/\/diteico.com\/ca\/wp-json\/wp\/v2\/product_tag?post=429"}],"curies":[{"name":"wp","href":"https:\/\/api.w.org\/{rel}","templated":true}]}}