{"id":498,"date":"2017-07-28T16:18:36","date_gmt":"2017-07-28T14:18:36","guid":{"rendered":"http:\/\/diteico.com\/producto\/yt-2350r\/"},"modified":"2017-08-30T15:53:11","modified_gmt":"2017-08-30T13:53:11","slug":"yt-2550r","status":"publish","type":"product","link":"https:\/\/diteico.com\/ca\/serie\/yt-2550r\/","title":{"rendered":"YT-2550R"},"content":{"rendered":"","protected":false},"excerpt":{"rendered":"<p>El posicionador YT-2550R Young Tech est\u00e0 fabricat amb Acer Inoxidable i compta amb resist\u00e8ncia de grau IP67. A continuaci\u00f3 es detallen les especificacions t\u00e8cniques.<\/p>","protected":false},"featured_media":675,"template":"","meta":{"_acf_changed":false},"product_brand":[],"product_cat":[46,74],"product_tag":[],"class_list":{"0":"post-498","1":"product","2":"type-product","3":"status-publish","4":"has-post-thumbnail","6":"product_cat-actuadores-neumaticos","7":"product_cat-posicionadores-actuadores-neumaticos","8":"sales-flash-overlay","9":"woocommerce-text-align-center","10":"woocommerce-image-align-center","11":"do-quantity-buttons","12":"wc-has-gallery","14":"first","15":"instock","16":"product-type-simple"},"acf":[],"yoast_head":"<!-- This site is optimized with the Yoast SEO plugin v27.0 - https:\/\/yoast.com\/product\/yoast-seo-wordpress\/ -->\n<title>Posicionador YT-2550r - Diteico SL - Distribuidor Oficial en Espa\u00f1a<\/title>\n<meta name=\"description\" content=\"Distribuidor Oficial en Espa\u00f1a de Actuadores El\u00e9ctricos, Actuadores Neum\u00e1ticos, Reductores, Acomplamientos y Accesorios de las marcas J+J y CH-air.\" \/>\n<meta name=\"robots\" content=\"index, follow, max-snippet:-1, max-image-preview:large, max-video-preview:-1\" \/>\n<link rel=\"canonical\" href=\"https:\/\/diteico.com\/ca\/serie\/yt-2550r\/\" \/>\n<meta property=\"og:locale\" content=\"ca_ES\" \/>\n<meta property=\"og:type\" content=\"article\" \/>\n<meta property=\"og:title\" content=\"Posicionador YT-2550r - Diteico SL - Distribuidor Oficial en Espa\u00f1a\" \/>\n<meta property=\"og:description\" content=\"Distribuidor Oficial en Espa\u00f1a de Actuadores El\u00e9ctricos, Actuadores Neum\u00e1ticos, Reductores, Acomplamientos y Accesorios de las marcas J+J y CH-air.\" \/>\n<meta property=\"og:url\" content=\"https:\/\/diteico.com\/ca\/serie\/yt-2550r\/\" \/>\n<meta property=\"og:site_name\" content=\"Diteico S.L.\" \/>\n<meta property=\"article:modified_time\" content=\"2017-08-30T13:53:11+00:00\" \/>\n<meta property=\"og:image\" content=\"https:\/\/diteico.com\/wp-content\/uploads\/2017\/07\/YT-2550R.jpg\" \/>\n\t<meta property=\"og:image:width\" content=\"1500\" \/>\n\t<meta property=\"og:image:height\" content=\"1000\" \/>\n\t<meta property=\"og:image:type\" content=\"image\/jpeg\" \/>\n<meta name=\"twitter:card\" content=\"summary_large_image\" \/>\n<script type=\"application\/ld+json\" class=\"yoast-schema-graph\">{\"@context\":\"https:\/\/schema.org\",\"@graph\":[{\"@type\":\"WebPage\",\"@id\":\"https:\/\/diteico.com\/fr\/serie\/yt-2550r\/\",\"url\":\"https:\/\/diteico.com\/fr\/serie\/yt-2550r\/\",\"name\":\"Posicionador YT-2550r - Diteico SL - Distribuidor Oficial en Espa\u00f1a\",\"isPartOf\":{\"@id\":\"https:\/\/diteico.com\/#website\"},\"primaryImageOfPage\":{\"@id\":\"https:\/\/diteico.com\/fr\/serie\/yt-2550r\/#primaryimage\"},\"image\":{\"@id\":\"https:\/\/diteico.com\/fr\/serie\/yt-2550r\/#primaryimage\"},\"thumbnailUrl\":\"https:\/\/diteico.com\/wp-content\/uploads\/2017\/07\/YT-2550R.jpg\",\"datePublished\":\"2017-07-28T14:18:36+00:00\",\"dateModified\":\"2017-08-30T13:53:11+00:00\",\"description\":\"Distribuidor Oficial en Espa\u00f1a de Actuadores El\u00e9ctricos, Actuadores Neum\u00e1ticos, Reductores, Acomplamientos y Accesorios de las marcas J+J y CH-air.\",\"breadcrumb\":{\"@id\":\"https:\/\/diteico.com\/fr\/serie\/yt-2550r\/#breadcrumb\"},\"inLanguage\":\"ca\",\"potentialAction\":[{\"@type\":\"ReadAction\",\"target\":[\"https:\/\/diteico.com\/fr\/serie\/yt-2550r\/\"]}]},{\"@type\":\"ImageObject\",\"inLanguage\":\"ca\",\"@id\":\"https:\/\/diteico.com\/fr\/serie\/yt-2550r\/#primaryimage\",\"url\":\"https:\/\/diteico.com\/wp-content\/uploads\/2017\/07\/YT-2550R.jpg\",\"contentUrl\":\"https:\/\/diteico.com\/wp-content\/uploads\/2017\/07\/YT-2550R.jpg\",\"width\":1500,\"height\":1000,\"caption\":\"J+J Actuadores Pneum\u00e1ticos Posicionadores YT-2550R frontal\"},{\"@type\":\"BreadcrumbList\",\"@id\":\"https:\/\/diteico.com\/fr\/serie\/yt-2550r\/#breadcrumb\",\"itemListElement\":[{\"@type\":\"ListItem\",\"position\":1,\"name\":\"Portada\",\"item\":\"https:\/\/diteico.com\/\"},{\"@type\":\"ListItem\",\"position\":2,\"name\":\"Tienda\",\"item\":\"https:\/\/diteico.com\/tienda\/\"},{\"@type\":\"ListItem\",\"position\":3,\"name\":\"YT-2550R\"}]},{\"@type\":\"WebSite\",\"@id\":\"https:\/\/diteico.com\/#website\",\"url\":\"https:\/\/diteico.com\/\",\"name\":\"Diteico S.L.\",\"description\":\"Actuadores El\u00e9ctricos, Actuadores Pneum\u00e1ticos, Reductores, Acomplamientos y Accesorios.\",\"potentialAction\":[{\"@type\":\"SearchAction\",\"target\":{\"@type\":\"EntryPoint\",\"urlTemplate\":\"https:\/\/diteico.com\/?s={search_term_string}\"},\"query-input\":{\"@type\":\"PropertyValueSpecification\",\"valueRequired\":true,\"valueName\":\"search_term_string\"}}],\"inLanguage\":\"ca\"}]}<\/script>\n<!-- \/ Yoast SEO plugin. -->","yoast_head_json":{"title":"Posicionador YT-2550r - Diteico SL - Distribu\u00efdor Oficial a Espanya","description":"Distribu\u00efdor Oficial a Espanya d&#039;Actuadors El\u00e8ctrics, Actuadors Pneum\u00e0tics, Reductors, Complaments i Accessoris de les marques J+J i CH-air.","robots":{"index":"index","follow":"follow","max-snippet":"max-snippet:-1","max-image-preview":"max-image-preview:large","max-video-preview":"max-video-preview:-1"},"canonical":"https:\/\/diteico.com\/ca\/serie\/yt-2550r\/","og_locale":"ca_ES","og_type":"article","og_title":"Posicionador YT-2550r - Diteico SL - Distribuidor Oficial en Espa\u00f1a","og_description":"Distribuidor Oficial en Espa\u00f1a de Actuadores El\u00e9ctricos, Actuadores Neum\u00e1ticos, Reductores, Acomplamientos y Accesorios de las marcas J+J y CH-air.","og_url":"https:\/\/diteico.com\/ca\/serie\/yt-2550r\/","og_site_name":"Diteico S.L.","article_modified_time":"2017-08-30T13:53:11+00:00","og_image":[{"width":1500,"height":1000,"url":"https:\/\/diteico.com\/wp-content\/uploads\/2017\/07\/YT-2550R.jpg","type":"image\/jpeg"}],"twitter_card":"summary_large_image","schema":{"@context":"https:\/\/schema.org","@graph":[{"@type":"WebPage","@id":"https:\/\/diteico.com\/fr\/serie\/yt-2550r\/","url":"https:\/\/diteico.com\/fr\/serie\/yt-2550r\/","name":"Posicionador YT-2550r - Diteico SL - Distribu\u00efdor Oficial a Espanya","isPartOf":{"@id":"https:\/\/diteico.com\/#website"},"primaryImageOfPage":{"@id":"https:\/\/diteico.com\/fr\/serie\/yt-2550r\/#primaryimage"},"image":{"@id":"https:\/\/diteico.com\/fr\/serie\/yt-2550r\/#primaryimage"},"thumbnailUrl":"https:\/\/diteico.com\/wp-content\/uploads\/2017\/07\/YT-2550R.jpg","datePublished":"2017-07-28T14:18:36+00:00","dateModified":"2017-08-30T13:53:11+00:00","description":"Distribu\u00efdor Oficial a Espanya d&#039;Actuadors El\u00e8ctrics, Actuadors Pneum\u00e0tics, Reductors, Complaments i Accessoris de les marques J+J i CH-air.","breadcrumb":{"@id":"https:\/\/diteico.com\/fr\/serie\/yt-2550r\/#breadcrumb"},"inLanguage":"ca","potentialAction":[{"@type":"ReadAction","target":["https:\/\/diteico.com\/fr\/serie\/yt-2550r\/"]}]},{"@type":"ImageObject","inLanguage":"ca","@id":"https:\/\/diteico.com\/fr\/serie\/yt-2550r\/#primaryimage","url":"https:\/\/diteico.com\/wp-content\/uploads\/2017\/07\/YT-2550R.jpg","contentUrl":"https:\/\/diteico.com\/wp-content\/uploads\/2017\/07\/YT-2550R.jpg","width":1500,"height":1000,"caption":"J+J Actuadores Pneum\u00e1ticos Posicionadores YT-2550R frontal"},{"@type":"BreadcrumbList","@id":"https:\/\/diteico.com\/fr\/serie\/yt-2550r\/#breadcrumb","itemListElement":[{"@type":"ListItem","position":1,"name":"Portada","item":"https:\/\/diteico.com\/"},{"@type":"ListItem","position":2,"name":"Tienda","item":"https:\/\/diteico.com\/tienda\/"},{"@type":"ListItem","position":3,"name":"YT-2550R"}]},{"@type":"WebSite","@id":"https:\/\/diteico.com\/#website","url":"https:\/\/diteico.com\/","name":"Diteico SL","description":"Actuadors El\u00e8ctrics, Actuadors Pneum\u00e0tics, Reductors, Acomplaments i Accessoris.","potentialAction":[{"@type":"SearchAction","target":{"@type":"EntryPoint","urlTemplate":"https:\/\/diteico.com\/?s={search_term_string}"},"query-input":{"@type":"PropertyValueSpecification","valueRequired":true,"valueName":"search_term_string"}}],"inLanguage":"ca"}]}},"_links":{"self":[{"href":"https:\/\/diteico.com\/ca\/wp-json\/wp\/v2\/product\/498","targetHints":{"allow":["GET"]}}],"collection":[{"href":"https:\/\/diteico.com\/ca\/wp-json\/wp\/v2\/product"}],"about":[{"href":"https:\/\/diteico.com\/ca\/wp-json\/wp\/v2\/types\/product"}],"version-history":[{"count":0,"href":"https:\/\/diteico.com\/ca\/wp-json\/wp\/v2\/product\/498\/revisions"}],"wp:featuredmedia":[{"embeddable":true,"href":"https:\/\/diteico.com\/ca\/wp-json\/wp\/v2\/media\/675"}],"wp:attachment":[{"href":"https:\/\/diteico.com\/ca\/wp-json\/wp\/v2\/media?parent=498"}],"wp:term":[{"taxonomy":"product_brand","embeddable":true,"href":"https:\/\/diteico.com\/ca\/wp-json\/wp\/v2\/product_brand?post=498"},{"taxonomy":"product_cat","embeddable":true,"href":"https:\/\/diteico.com\/ca\/wp-json\/wp\/v2\/product_cat?post=498"},{"taxonomy":"product_tag","embeddable":true,"href":"https:\/\/diteico.com\/ca\/wp-json\/wp\/v2\/product_tag?post=498"}],"curies":[{"name":"wp","href":"https:\/\/api.w.org\/{rel}","templated":true}]}}