{"id":3600,"date":"2021-10-25T17:07:46","date_gmt":"2021-10-25T15:07:46","guid":{"rendered":"https:\/\/diteico.com\/?page_id=3600"},"modified":"2023-05-15T19:20:01","modified_gmt":"2023-05-15T17:20:01","slug":"aumentador-de-presion","status":"publish","type":"page","link":"https:\/\/diteico.com\/en\/productos\/accesorios-neumaticos\/aumentador-de-presion\/","title":{"rendered":"Booster"},"content":{"rendered":"<div data-elementor-type=\"wp-page\" data-elementor-id=\"3600\" class=\"elementor elementor-3600\" data-elementor-post-type=\"page\">\n\t\t\t\t\t\t<section class=\"elementor-section elementor-inner-section elementor-element elementor-element-4e1879f elementor-section-height-min-height elementor-section-boxed elementor-section-height-default\" data-id=\"4e1879f\" data-element_type=\"section\" data-e-type=\"section\" data-settings=\"{&quot;jet_parallax_layout_list&quot;:[]}\">\n\t\t\t\t\t\t<div class=\"elementor-container elementor-column-gap-default\">\n\t\t\t\t\t<div class=\"elementor-column elementor-col-100 elementor-inner-column elementor-element elementor-element-4691cb6f\" data-id=\"4691cb6f\" data-element_type=\"column\" data-e-type=\"column\">\n\t\t\t<div class=\"elementor-widget-wrap elementor-element-populated\">\n\t\t\t\t\t\t<div class=\"elementor-element elementor-element-579ab6bb elementor-icon-list--layout-inline elementor-align-end elementor-list-item-link-full_width elementor-widget elementor-widget-icon-list\" data-id=\"579ab6bb\" data-element_type=\"widget\" data-e-type=\"widget\" data-widget_type=\"icon-list.default\">\n\t\t\t\t<div class=\"elementor-widget-container\">\n\t\t\t\t\t\t\t<ul class=\"elementor-icon-list-items elementor-inline-items\">\n\t\t\t\t\t\t\t<li class=\"elementor-icon-list-item elementor-inline-item\">\n\t\t\t\t\t\t\t\t\t\t\t<a href=\"https:\/\/diteico.com\/en\/productos\/\">\n\n\t\t\t\t\t\t\t\t\t\t\t<span class=\"elementor-icon-list-text\">Products<\/span>\n\t\t\t\t\t\t\t\t\t\t\t<\/a>\n\t\t\t\t\t\t\t\t\t<\/li>\n\t\t\t\t\t\t\t\t<li class=\"elementor-icon-list-item elementor-inline-item\">\n\t\t\t\t\t\t\t\t\t\t\t<a href=\"https:\/\/diteico.com\/en\/productos\/actuadores-neumaticos\/\">\n\n\t\t\t\t\t\t\t\t\t\t\t\t<span class=\"elementor-icon-list-icon\">\n\t\t\t\t\t\t\t<i aria-hidden=\"true\" class=\"fas fa-angle-right\"><\/i>\t\t\t\t\t\t<\/span>\n\t\t\t\t\t\t\t\t\t\t<span class=\"elementor-icon-list-text\">pneumatic actuators<\/span>\n\t\t\t\t\t\t\t\t\t\t\t<\/a>\n\t\t\t\t\t\t\t\t\t<\/li>\n\t\t\t\t\t\t\t\t<li class=\"elementor-icon-list-item elementor-inline-item\">\n\t\t\t\t\t\t\t\t\t\t\t<a href=\"https:\/\/diteico.com\/en\/productos\/accesorios-neumaticos\/\">\n\n\t\t\t\t\t\t\t\t\t\t\t\t<span class=\"elementor-icon-list-icon\">\n\t\t\t\t\t\t\t<i aria-hidden=\"true\" class=\"fas fa-angle-right\"><\/i>\t\t\t\t\t\t<\/span>\n\t\t\t\t\t\t\t\t\t\t<span class=\"elementor-icon-list-text\">accessories<\/span>\n\t\t\t\t\t\t\t\t\t\t\t<\/a>\n\t\t\t\t\t\t\t\t\t<\/li>\n\t\t\t\t\t\t\t\t<li class=\"elementor-icon-list-item elementor-inline-item\">\n\t\t\t\t\t\t\t\t\t\t\t<span class=\"elementor-icon-list-icon\">\n\t\t\t\t\t\t\t<i aria-hidden=\"true\" class=\"fas fa-angle-right\"><\/i>\t\t\t\t\t\t<\/span>\n\t\t\t\t\t\t\t\t\t\t<span class=\"elementor-icon-list-text\">Booster<\/span>\n\t\t\t\t\t\t\t\t\t<\/li>\n\t\t\t\t\t\t<\/ul>\n\t\t\t\t\t\t<\/div>\n\t\t\t\t<\/div>\n\t\t\t\t\t<\/div>\n\t\t<\/div>\n\t\t\t\t\t<\/div>\n\t\t<\/section>\n\t\t\t\t<section class=\"elementor-section elementor-top-section elementor-element elementor-element-2034f870 elementor-section-boxed elementor-section-height-default elementor-section-height-default\" data-id=\"2034f870\" data-element_type=\"section\" data-e-type=\"section\" data-settings=\"{&quot;jet_parallax_layout_list&quot;:[]}\">\n\t\t\t\t\t\t<div class=\"elementor-container elementor-column-gap-default\">\n\t\t\t\t\t<div class=\"elementor-column elementor-col-100 elementor-top-column elementor-element elementor-element-69697cc1\" data-id=\"69697cc1\" data-element_type=\"column\" data-e-type=\"column\">\n\t\t\t<div class=\"elementor-widget-wrap elementor-element-populated\">\n\t\t\t\t\t\t<section class=\"elementor-section elementor-inner-section elementor-element elementor-element-6d442261 elementor-section-height-min-height elementor-section-boxed elementor-section-height-default\" data-id=\"6d442261\" data-element_type=\"section\" data-e-type=\"section\" data-settings=\"{&quot;jet_parallax_layout_list&quot;:[]}\">\n\t\t\t\t\t\t<div class=\"elementor-container elementor-column-gap-default\">\n\t\t\t\t\t<div class=\"elementor-column elementor-col-100 elementor-inner-column elementor-element elementor-element-363478a5\" data-id=\"363478a5\" data-element_type=\"column\" data-e-type=\"column\">\n\t\t\t<div class=\"elementor-widget-wrap elementor-element-populated\">\n\t\t\t\t\t\t<div class=\"elementor-element elementor-element-a1e104 hover-titulo-productos elementor-widget elementor-widget-heading\" data-id=\"a1e104\" data-element_type=\"widget\" data-e-type=\"widget\" data-widget_type=\"heading.default\">\n\t\t\t\t<div class=\"elementor-widget-container\">\n\t\t\t\t\t<h1 class=\"elementor-heading-title elementor-size-default\"><a href=\"#\">Booster<\/a><\/h1>\t\t\t\t<\/div>\n\t\t\t\t<\/div>\n\t\t\t\t\t<\/div>\n\t\t<\/div>\n\t\t\t\t\t<\/div>\n\t\t<\/section>\n\t\t\t\t\t<\/div>\n\t\t<\/div>\n\t\t\t\t\t<\/div>\n\t\t<\/section>\n\t\t\t\t<section class=\"elementor-section elementor-top-section elementor-element elementor-element-3a156d1d elementor-section-boxed elementor-section-height-default elementor-section-height-default\" data-id=\"3a156d1d\" data-element_type=\"section\" data-e-type=\"section\" data-settings=\"{&quot;jet_parallax_layout_list&quot;:[]}\">\n\t\t\t\t\t\t<div class=\"elementor-container elementor-column-gap-default\">\n\t\t\t\t\t<div class=\"elementor-column elementor-col-100 elementor-top-column elementor-element elementor-element-63f72c3e\" data-id=\"63f72c3e\" data-element_type=\"column\" data-e-type=\"column\">\n\t\t\t<div class=\"elementor-widget-wrap elementor-element-populated\">\n\t\t\t\t\t\t<section class=\"elementor-section elementor-inner-section elementor-element elementor-element-58f03a5 elementor-section-boxed elementor-section-height-default elementor-section-height-default\" data-id=\"58f03a5\" data-element_type=\"section\" data-e-type=\"section\" data-settings=\"{&quot;jet_parallax_layout_list&quot;:[]}\">\n\t\t\t\t\t\t<div class=\"elementor-container elementor-column-gap-default\">\n\t\t\t\t\t<div class=\"elementor-column elementor-col-25 elementor-inner-column elementor-element elementor-element-7ed82bb4\" data-id=\"7ed82bb4\" data-element_type=\"column\" data-e-type=\"column\">\n\t\t\t<div class=\"elementor-widget-wrap elementor-element-populated\">\n\t\t\t\t\t\t<div class=\"elementor-element elementor-element-25ae54df elementor-widget elementor-widget-heading\" data-id=\"25ae54df\" data-element_type=\"widget\" data-e-type=\"widget\" data-widget_type=\"heading.default\">\n\t\t\t\t<div class=\"elementor-widget-container\">\n\t\t\t\t\t<h2 class=\"elementor-heading-title elementor-size-default\">YT-300<\/h2>\t\t\t\t<\/div>\n\t\t\t\t<\/div>\n\t\t\t\t<div class=\"elementor-element elementor-element-743a297d elementor-widget elementor-widget-text-editor\" data-id=\"743a297d\" data-element_type=\"widget\" data-e-type=\"widget\" data-widget_type=\"text-editor.default\">\n\t\t\t\t<div class=\"elementor-widget-container\">\n\t\t\t\t\t\t\t\t\t<p><strong>YT-300 booster<\/strong><br \/>SKU: 172502<\/p>\t\t\t\t\t\t\t\t<\/div>\n\t\t\t\t<\/div>\n\t\t\t\t\t<\/div>\n\t\t<\/div>\n\t\t\t\t<div class=\"elementor-column elementor-col-50 elementor-inner-column elementor-element elementor-element-f17bfeb\" data-id=\"f17bfeb\" data-element_type=\"column\" data-e-type=\"column\">\n\t\t\t<div class=\"elementor-widget-wrap elementor-element-populated\">\n\t\t\t\t\t\t<div class=\"elementor-element elementor-element-60099e8e elementor-widget elementor-widget-image\" data-id=\"60099e8e\" data-element_type=\"widget\" data-e-type=\"widget\" data-widget_type=\"image.default\">\n\t\t\t\t<div class=\"elementor-widget-container\">\n\t\t\t\t\t\t\t\t\t\t\t\t\t\t\t<img fetchpriority=\"high\" decoding=\"async\" width=\"1024\" height=\"918\" src=\"https:\/\/diteico.com\/wp-content\/uploads\/YT-300-1024x918.jpg\" class=\"attachment-large size-large wp-image-3602\" alt=\"\" srcset=\"https:\/\/diteico.com\/wp-content\/uploads\/YT-300-1024x918.jpg 1024w, https:\/\/diteico.com\/wp-content\/uploads\/YT-300-300x269.jpg 300w, https:\/\/diteico.com\/wp-content\/uploads\/YT-300-768x689.jpg 768w, https:\/\/diteico.com\/wp-content\/uploads\/YT-300-1536x1377.jpg 1536w, https:\/\/diteico.com\/wp-content\/uploads\/YT-300-482x432.jpg 482w, https:\/\/diteico.com\/wp-content\/uploads\/YT-300.jpg 2043w\" sizes=\"(max-width: 1024px) 100vw, 1024px\" \/>\t\t\t\t\t\t\t\t\t\t\t\t\t\t\t<\/div>\n\t\t\t\t<\/div>\n\t\t\t\t\t<\/div>\n\t\t<\/div>\n\t\t\t\t<div class=\"elementor-column elementor-col-25 elementor-inner-column elementor-element elementor-element-4f0ec119\" data-id=\"4f0ec119\" data-element_type=\"column\" data-e-type=\"column\">\n\t\t\t<div class=\"elementor-widget-wrap\">\n\t\t\t\t\t\t\t<\/div>\n\t\t<\/div>\n\t\t\t\t\t<\/div>\n\t\t<\/section>\n\t\t\t\t\t<\/div>\n\t\t<\/div>\n\t\t\t\t\t<\/div>\n\t\t<\/section>\n\t\t\t\t<section class=\"elementor-section elementor-top-section elementor-element elementor-element-a5f4cff elementor-hidden-desktop elementor-hidden-tablet elementor-hidden-mobile elementor-section-boxed elementor-section-height-default elementor-section-height-default\" data-id=\"a5f4cff\" data-element_type=\"section\" data-e-type=\"section\" data-settings=\"{&quot;jet_parallax_layout_list&quot;:[]}\">\n\t\t\t\t\t\t<div class=\"elementor-container elementor-column-gap-default\">\n\t\t\t\t\t<div class=\"elementor-column elementor-col-100 elementor-top-column elementor-element elementor-element-5c5ea4f\" data-id=\"5c5ea4f\" data-element_type=\"column\" data-e-type=\"column\">\n\t\t\t<div class=\"elementor-widget-wrap elementor-element-populated\">\n\t\t\t\t\t\t<div class=\"elementor-element elementor-element-a750f76 elementor-widget elementor-widget-heading\" data-id=\"a750f76\" data-element_type=\"widget\" data-e-type=\"widget\" data-widget_type=\"heading.default\">\n\t\t\t\t<div class=\"elementor-widget-container\">\n\t\t\t\t\t<h2 class=\"elementor-heading-title elementor-size-default\">Range of pressure boosters<\/h2>\t\t\t\t<\/div>\n\t\t\t\t<\/div>\n\t\t\t\t<div class=\"elementor-element elementor-element-424861f elementor-widget elementor-widget-heading\" data-id=\"424861f\" data-element_type=\"widget\" data-e-type=\"widget\" data-widget_type=\"heading.default\">\n\t\t\t\t<div class=\"elementor-widget-container\">\n\t\t\t\t\t<h3 class=\"elementor-heading-title elementor-size-default\">Model YT-300<\/h3>\t\t\t\t<\/div>\n\t\t\t\t<\/div>\n\t\t\t\t<div class=\"elementor-element elementor-element-5665457 elementor-widget elementor-widget-heading\" data-id=\"5665457\" data-element_type=\"widget\" data-e-type=\"widget\" data-widget_type=\"heading.default\">\n\t\t\t\t<div class=\"elementor-widget-container\">\n\t\t\t\t\t<h4 class=\"elementor-heading-title elementor-size-default\">SKU: 172502<\/h4>\t\t\t\t<\/div>\n\t\t\t\t<\/div>\n\t\t\t\t<div class=\"elementor-element elementor-element-30a803d elementor-widget elementor-widget-button\" data-id=\"30a803d\" data-element_type=\"widget\" data-e-type=\"widget\" data-widget_type=\"button.default\">\n\t\t\t\t<div class=\"elementor-widget-container\">\n\t\t\t\t\t\t\t\t\t<div class=\"elementor-button-wrapper\">\n\t\t\t\t\t<a class=\"elementor-button elementor-button-link elementor-size-sm\" href=\"https:\/\/www.google.com\/search?q=instalar+aumentador+de+presion\" c=\"\" target=\"_blank\" rel=\"noopener\">\n\t\t\t\t\t\t<span class=\"elementor-button-content-wrapper\">\n\t\t\t\t\t\t\t\t\t<span class=\"elementor-button-text\">How to install booster<\/span>\n\t\t\t\t\t<\/span>\n\t\t\t\t\t<\/a>\n\t\t\t\t<\/div>\n\t\t\t\t\t\t\t\t<\/div>\n\t\t\t\t<\/div>\n\t\t\t\t<div class=\"elementor-element elementor-element-15eb5ea elementor-widget elementor-widget-text-editor\" data-id=\"15eb5ea\" data-element_type=\"widget\" data-e-type=\"widget\" data-widget_type=\"text-editor.default\">\n\t\t\t\t<div class=\"elementor-widget-container\">\n\t\t\t\t\t\t\t\t\tPressure rise is a key concept in many aspects of life and modern technology. Whether in the industrial, medical or even in our daily activities, the increase in pressure can play a crucial role. In this text, we will explore the concept of &quot;booster&quot; and its benefits in different fields. First of all, it is important to understand what exactly a booster is. In simple terms, it is a device or system that is used to increase the pressure of a fluid, such as water or air. Pressure boosters are used in a variety of applications, from manufacturing to medicine and scientific research. One of the most prominent benefits of boosters is their ability to improve efficiency in many industrial processes. For example, in the manufacturing industry, pressure boosting is used to improve the capacity of cutting, welding, and forming machines. By increasing the pressure of the fluid used in these machines, optimum performance and higher productivity are achieved. This in turn reduces production times and operating costs, which benefits both manufacturers and end consumers. In the medical field, boosters are vital in many surgical and therapeutic procedures. For example, in laparoscopic surgery, boosters are used to create an optimal working environment within the abdomen, making it easier to perform complex procedures with greater precision and safety. In addition, in continuous positive airway pressure (CPAP) therapy, pressure boosters help keep the airways of sleep apnea patients open, thereby improving their quality of life and general well-being. Another area where boosters are very useful is scientific research. In high-energy physics and materials engineering, for example, boosters are used to generate extreme conditions that allow the study of complex phenomena and the creation of innovative materials. Boosters are also used in space research to simulate the pressure conditions equipment and astronauts are exposed to in space. In addition to these specific benefits, boosters also contribute to resource conservation and sustainability. By improving the efficiency of industrial processes, waste is reduced and the use of raw materials is optimized. In addition, the use of boosters in applications such as hydroelectric power and water desalination helps to make more efficient use of natural resources and reduce dependence on non-renewable energy sources. In short, boosters play a critical role in a wide range of industries and applications. Its ability to increase fluid pressure has numerous benefits, such as improving efficiency in industrial processes, facilitating medical procedures\t\t\t\t\t\t\t\t<\/div>\n\t\t\t\t<\/div>\n\t\t\t\t<div class=\"elementor-element elementor-element-5a964c9 elementor-widget elementor-widget-image\" data-id=\"5a964c9\" data-element_type=\"widget\" data-e-type=\"widget\" data-widget_type=\"image.default\">\n\t\t\t\t<div class=\"elementor-widget-container\">\n\t\t\t\t\t\t\t\t\t\t\t\t\t\t\t<img decoding=\"async\" width=\"1024\" height=\"918\" src=\"https:\/\/diteico.com\/wp-content\/uploads\/2017\/07\/YT-300-1024x918.jpg\" class=\"attachment-large size-large wp-image-682\" alt=\"Booster\" srcset=\"https:\/\/diteico.com\/wp-content\/uploads\/2017\/07\/YT-300-1024x918.jpg 1024w, https:\/\/diteico.com\/wp-content\/uploads\/2017\/07\/YT-300-482x432.jpg 482w, https:\/\/diteico.com\/wp-content\/uploads\/2017\/07\/YT-300-300x269.jpg 300w, https:\/\/diteico.com\/wp-content\/uploads\/2017\/07\/YT-300-768x689.jpg 768w, https:\/\/diteico.com\/wp-content\/uploads\/2017\/07\/YT-300.jpg 2043w\" sizes=\"(max-width: 1024px) 100vw, 1024px\" \/>\t\t\t\t\t\t\t\t\t\t\t\t\t\t\t<\/div>\n\t\t\t\t<\/div>\n\t\t\t\t\t<\/div>\n\t\t<\/div>\n\t\t\t\t\t<\/div>\n\t\t<\/section>\n\t\t\t\t<\/div>","protected":false},"excerpt":{"rendered":"<p>Products pneumatic actuators accessories Pressure Booster YT-300 Pressure Booster YT-300 Pressure BoosterSKU: 172502 Range of Pressure Boosters Model YT-300 SKU: 172502 How to Install Booster Pressure boost is a key concept in many aspects of modern life and technology. Whether in the industrial, medical field... <a title=\"Booster\" class=\"read-more\" href=\"https:\/\/diteico.com\/en\/productos\/accesorios-neumaticos\/aumentador-de-presion\/\" aria-label=\"Read more about Pressure booster\">Read more<\/a><\/p>","protected":false},"author":3,"featured_media":0,"parent":3526,"menu_order":0,"comment_status":"closed","ping_status":"closed","template":"elementor_header_footer","meta":{"_acf_changed":false,"footnotes":""},"class_list":["post-3600","page","type-page","status-publish"],"acf":[],"yoast_head":"<!-- This site is optimized with the Yoast SEO plugin v27.0 - https:\/\/yoast.com\/product\/yoast-seo-wordpress\/ -->\n<title>Aumentador de presi\u00f3n - Diteico S.L.<\/title>\n<meta name=\"description\" content=\"Distribuidor Oficial en Espa\u00f1a de Actuadores El\u00e9ctricos, Actuadores Neum\u00e1ticos, Reductores, Acomplamientos y Accesorios de las marcas J+J y CH-air.\" \/>\n<meta name=\"robots\" content=\"index, follow, max-snippet:-1, max-image-preview:large, max-video-preview:-1\" \/>\n<link rel=\"canonical\" href=\"https:\/\/diteico.com\/en\/productos\/accesorios-neumaticos\/aumentador-de-presion\/\" \/>\n<meta property=\"og:locale\" content=\"en_GB\" \/>\n<meta property=\"og:type\" content=\"article\" \/>\n<meta property=\"og:title\" content=\"Aumentador de presi\u00f3n - Diteico S.L.\" \/>\n<meta property=\"og:description\" content=\"Distribuidor Oficial en Espa\u00f1a de Actuadores El\u00e9ctricos, Actuadores Neum\u00e1ticos, Reductores, Acomplamientos y Accesorios de las marcas J+J y CH-air.\" \/>\n<meta property=\"og:url\" content=\"https:\/\/diteico.com\/en\/productos\/accesorios-neumaticos\/aumentador-de-presion\/\" \/>\n<meta property=\"og:site_name\" content=\"Diteico S.L.\" \/>\n<meta property=\"article:modified_time\" content=\"2023-05-15T17:20:01+00:00\" \/>\n<meta property=\"og:image\" content=\"https:\/\/diteico.com\/wp-content\/uploads\/YT-300-1024x918.jpg\" \/>\n<meta name=\"twitter:card\" content=\"summary_large_image\" \/>\n<meta name=\"twitter:label1\" content=\"Estimated reading time\" \/>\n\t<meta name=\"twitter:data1\" content=\"3 minutes\" \/>\n<script type=\"application\/ld+json\" class=\"yoast-schema-graph\">{\"@context\":\"https:\/\/schema.org\",\"@graph\":[{\"@type\":\"WebPage\",\"@id\":\"https:\/\/diteico.com\/productos\/accesorios-neumaticos\/aumentador-de-presion\/\",\"url\":\"https:\/\/diteico.com\/productos\/accesorios-neumaticos\/aumentador-de-presion\/\",\"name\":\"Aumentador de presi\u00f3n - Diteico S.L.\",\"isPartOf\":{\"@id\":\"https:\/\/diteico.com\/#website\"},\"primaryImageOfPage\":{\"@id\":\"https:\/\/diteico.com\/productos\/accesorios-neumaticos\/aumentador-de-presion\/#primaryimage\"},\"image\":{\"@id\":\"https:\/\/diteico.com\/productos\/accesorios-neumaticos\/aumentador-de-presion\/#primaryimage\"},\"thumbnailUrl\":\"https:\/\/diteico.com\/wp-content\/uploads\/YT-300-1024x918.jpg\",\"datePublished\":\"2021-10-25T15:07:46+00:00\",\"dateModified\":\"2023-05-15T17:20:01+00:00\",\"description\":\"Distribuidor Oficial en Espa\u00f1a de Actuadores El\u00e9ctricos, Actuadores Neum\u00e1ticos, Reductores, Acomplamientos y Accesorios de las marcas J+J y CH-air.\",\"breadcrumb\":{\"@id\":\"https:\/\/diteico.com\/productos\/accesorios-neumaticos\/aumentador-de-presion\/#breadcrumb\"},\"inLanguage\":\"en-GB\",\"potentialAction\":[{\"@type\":\"ReadAction\",\"target\":[\"https:\/\/diteico.com\/productos\/accesorios-neumaticos\/aumentador-de-presion\/\"]}]},{\"@type\":\"ImageObject\",\"inLanguage\":\"en-GB\",\"@id\":\"https:\/\/diteico.com\/productos\/accesorios-neumaticos\/aumentador-de-presion\/#primaryimage\",\"url\":\"https:\/\/diteico.com\/wp-content\/uploads\/YT-300-1024x918.jpg\",\"contentUrl\":\"https:\/\/diteico.com\/wp-content\/uploads\/YT-300-1024x918.jpg\"},{\"@type\":\"BreadcrumbList\",\"@id\":\"https:\/\/diteico.com\/productos\/accesorios-neumaticos\/aumentador-de-presion\/#breadcrumb\",\"itemListElement\":[{\"@type\":\"ListItem\",\"position\":1,\"name\":\"Portada\",\"item\":\"https:\/\/diteico.com\/\"},{\"@type\":\"ListItem\",\"position\":2,\"name\":\"Productos\",\"item\":\"https:\/\/diteico.com\/productos\/\"},{\"@type\":\"ListItem\",\"position\":3,\"name\":\"Accesorios Neum\u00e1ticos\",\"item\":\"https:\/\/diteico.com\/productos\/accesorios-neumaticos\/\"},{\"@type\":\"ListItem\",\"position\":4,\"name\":\"Aumentador de presi\u00f3n\"}]},{\"@type\":\"WebSite\",\"@id\":\"https:\/\/diteico.com\/#website\",\"url\":\"https:\/\/diteico.com\/\",\"name\":\"Diteico S.L.\",\"description\":\"Actuadores El\u00e9ctricos, Actuadores Pneum\u00e1ticos, Reductores, Acomplamientos y Accesorios.\",\"potentialAction\":[{\"@type\":\"SearchAction\",\"target\":{\"@type\":\"EntryPoint\",\"urlTemplate\":\"https:\/\/diteico.com\/?s={search_term_string}\"},\"query-input\":{\"@type\":\"PropertyValueSpecification\",\"valueRequired\":true,\"valueName\":\"search_term_string\"}}],\"inLanguage\":\"en-GB\"}]}<\/script>\n<!-- \/ Yoast SEO plugin. -->","yoast_head_json":{"title":"Pressure booster - Diteico SL","description":"Official Distributor in Spain of Electric Actuators, Pneumatic Actuators, Reducers, Couplings and Accessories of the J + J and CH-air brands.","robots":{"index":"index","follow":"follow","max-snippet":"max-snippet:-1","max-image-preview":"max-image-preview:large","max-video-preview":"max-video-preview:-1"},"canonical":"https:\/\/diteico.com\/en\/productos\/accesorios-neumaticos\/aumentador-de-presion\/","og_locale":"en_GB","og_type":"article","og_title":"Aumentador de presi\u00f3n - Diteico S.L.","og_description":"Distribuidor Oficial en Espa\u00f1a de Actuadores El\u00e9ctricos, Actuadores Neum\u00e1ticos, Reductores, Acomplamientos y Accesorios de las marcas J+J y CH-air.","og_url":"https:\/\/diteico.com\/en\/productos\/accesorios-neumaticos\/aumentador-de-presion\/","og_site_name":"Diteico S.L.","article_modified_time":"2023-05-15T17:20:01+00:00","og_image":[{"url":"https:\/\/diteico.com\/wp-content\/uploads\/YT-300-1024x918.jpg","type":"","width":"","height":""}],"twitter_card":"summary_large_image","twitter_misc":{"Estimated reading time":"3 minutes"},"schema":{"@context":"https:\/\/schema.org","@graph":[{"@type":"WebPage","@id":"https:\/\/diteico.com\/productos\/accesorios-neumaticos\/aumentador-de-presion\/","url":"https:\/\/diteico.com\/productos\/accesorios-neumaticos\/aumentador-de-presion\/","name":"Pressure booster - Diteico SL","isPartOf":{"@id":"https:\/\/diteico.com\/#website"},"primaryImageOfPage":{"@id":"https:\/\/diteico.com\/productos\/accesorios-neumaticos\/aumentador-de-presion\/#primaryimage"},"image":{"@id":"https:\/\/diteico.com\/productos\/accesorios-neumaticos\/aumentador-de-presion\/#primaryimage"},"thumbnailUrl":"https:\/\/diteico.com\/wp-content\/uploads\/YT-300-1024x918.jpg","datePublished":"2021-10-25T15:07:46+00:00","dateModified":"2023-05-15T17:20:01+00:00","description":"Official Distributor in Spain of Electric Actuators, Pneumatic Actuators, Reducers, Couplings and Accessories of the J + J and CH-air brands.","breadcrumb":{"@id":"https:\/\/diteico.com\/productos\/accesorios-neumaticos\/aumentador-de-presion\/#breadcrumb"},"inLanguage":"en-GB","potentialAction":[{"@type":"ReadAction","target":["https:\/\/diteico.com\/productos\/accesorios-neumaticos\/aumentador-de-presion\/"]}]},{"@type":"ImageObject","inLanguage":"en-GB","@id":"https:\/\/diteico.com\/productos\/accesorios-neumaticos\/aumentador-de-presion\/#primaryimage","url":"https:\/\/diteico.com\/wp-content\/uploads\/YT-300-1024x918.jpg","contentUrl":"https:\/\/diteico.com\/wp-content\/uploads\/YT-300-1024x918.jpg"},{"@type":"BreadcrumbList","@id":"https:\/\/diteico.com\/productos\/accesorios-neumaticos\/aumentador-de-presion\/#breadcrumb","itemListElement":[{"@type":"ListItem","position":1,"name":"Portada","item":"https:\/\/diteico.com\/"},{"@type":"ListItem","position":2,"name":"Productos","item":"https:\/\/diteico.com\/productos\/"},{"@type":"ListItem","position":3,"name":"Accesorios Neum\u00e1ticos","item":"https:\/\/diteico.com\/productos\/accesorios-neumaticos\/"},{"@type":"ListItem","position":4,"name":"Aumentador de presi\u00f3n"}]},{"@type":"WebSite","@id":"https:\/\/diteico.com\/#website","url":"https:\/\/diteico.com\/","name":"Diteico SL","description":"Electric Actuators, Pneumatic Actuators, Reducers, Couplings and Accessories.","potentialAction":[{"@type":"SearchAction","target":{"@type":"EntryPoint","urlTemplate":"https:\/\/diteico.com\/?s={search_term_string}"},"query-input":{"@type":"PropertyValueSpecification","valueRequired":true,"valueName":"search_term_string"}}],"inLanguage":"en-GB"}]}},"_links":{"self":[{"href":"https:\/\/diteico.com\/en\/wp-json\/wp\/v2\/pages\/3600","targetHints":{"allow":["GET"]}}],"collection":[{"href":"https:\/\/diteico.com\/en\/wp-json\/wp\/v2\/pages"}],"about":[{"href":"https:\/\/diteico.com\/en\/wp-json\/wp\/v2\/types\/page"}],"author":[{"embeddable":true,"href":"https:\/\/diteico.com\/en\/wp-json\/wp\/v2\/users\/3"}],"replies":[{"embeddable":true,"href":"https:\/\/diteico.com\/en\/wp-json\/wp\/v2\/comments?post=3600"}],"version-history":[{"count":14,"href":"https:\/\/diteico.com\/en\/wp-json\/wp\/v2\/pages\/3600\/revisions"}],"predecessor-version":[{"id":6463,"href":"https:\/\/diteico.com\/en\/wp-json\/wp\/v2\/pages\/3600\/revisions\/6463"}],"up":[{"embeddable":true,"href":"https:\/\/diteico.com\/en\/wp-json\/wp\/v2\/pages\/3526"}],"wp:attachment":[{"href":"https:\/\/diteico.com\/en\/wp-json\/wp\/v2\/media?parent=3600"}],"curies":[{"name":"wp","href":"https:\/\/api.w.org\/{rel}","templated":true}]}}