{"id":3416,"date":"2021-10-25T10:30:05","date_gmt":"2021-10-25T08:30:05","guid":{"rendered":"https:\/\/diteico.com\/?page_id=3416"},"modified":"2023-11-29T18:07:06","modified_gmt":"2023-11-29T16:07:06","slug":"politica-de-cookies","status":"publish","type":"page","link":"https:\/\/diteico.com\/fr\/politica-de-cookies\/","title":{"rendered":"Politique de cookies"},"content":{"rendered":"<div data-elementor-type=\"wp-page\" data-elementor-id=\"3416\" class=\"elementor elementor-3416\" data-elementor-post-type=\"page\">\n\t\t\t\t\t\t<section class=\"elementor-section elementor-top-section elementor-element elementor-element-aa6cb12 elementor-section-boxed elementor-section-height-default elementor-section-height-default\" data-id=\"aa6cb12\" data-element_type=\"section\" data-e-type=\"section\" data-settings=\"{&quot;jet_parallax_layout_list&quot;:[]}\">\n\t\t\t\t\t\t<div class=\"elementor-container elementor-column-gap-default\">\n\t\t\t\t\t<div class=\"elementor-column elementor-col-100 elementor-top-column elementor-element elementor-element-1be7e64\" data-id=\"1be7e64\" data-element_type=\"column\" data-e-type=\"column\">\n\t\t\t<div class=\"elementor-widget-wrap elementor-element-populated\">\n\t\t\t\t\t\t<div class=\"elementor-element elementor-element-7966719 elementor-widget elementor-widget-text-editor\" data-id=\"7966719\" data-element_type=\"widget\" data-e-type=\"widget\" data-widget_type=\"text-editor.default\">\n\t\t\t\t<div class=\"elementor-widget-container\">\n\t\t\t\t\t\t\t\t\t<p>DITEICO, SL, propri\u00e9taire de ce site Web <a href=\"https:\/\/diteico.com\/fr\/\">www.diteico.com<\/a>, utilise ses propres cookies et ceux de tiers \u00e0 diff\u00e9rentes fins. DITEICO, SL a recours \u00e0 l&#039;utilisation de cookies afin de respecter les exigences l\u00e9gales pr\u00e9vues par la loi 34\/2002 du 11 juillet sur les services de la soci\u00e9t\u00e9 de l&#039;information et du commerce \u00e9lectronique (LSSI).<\/p><p>Le but de cette Politique de Cookies est de vous informer de mani\u00e8re claire, pr\u00e9cise et compl\u00e8te sur les cookies que nous utilisons, les informations que nous collectons par leur interm\u00e9diaire et \u00e0 quelles fins ces informations sont utilis\u00e9es comme \u00e9tabli \u00e0 l&#039;article 22.2 de la LSSI.<\/p><p><strong>QUE SONT LES COOKIES ET QUELLE EST LEUR BUT ?<\/strong><\/p><p>Un \u00ab cookie \u00bb est un fichier qui est enregistr\u00e9 sur l&#039;ordinateur, la tablette, le smartphone ou tout autre appareil de l&#039;utilisateur, afin de collecter et de stocker des informations sur l&#039;utilisation, par ce dernier, du Site Internet (article 22.2 LSSI).<\/p><p><strong>QUI EST RESPONSABLE?<\/strong><\/p><p>Les cookies utilis\u00e9s sur le site Web sont trait\u00e9s par DITEICO, SL ou par des tiers avec leurs finalit\u00e9s et leur dur\u00e9e de conservation, \u00e9tablies dans la quatri\u00e8me section de cette politique en mati\u00e8re de cookies.<\/p><p><strong>QUELS SONT LES TYPES DE COOKIES ?<\/strong><\/p><p>Vous trouverez ci-dessous une classification des cookies existants et pouvant \u00eatre utilis\u00e9s sur notre site Web, en tenant compte du fait qu&#039;un m\u00eame cookie peut \u00eatre inclus dans plusieurs cat\u00e9gories.<br \/>Selon l&#039;entit\u00e9 qui les g\u00e8re<\/p><p><span style=\"text-decoration: underline;\">Cookies propres\u00a0:<\/span> Ceux qui sont envoy\u00e9s \u00e0 votre ordinateur depuis nos propres ordinateurs ou domaines et \u00e0 partir desquels nous fournissons le service que vous demandez.<\/p><p><span style=\"text-decoration: underline;\">Cookies tiers\u00a0:<\/span> Ceux qui sont envoy\u00e9s \u00e0 votre ordinateur depuis un ordinateur ou un domaine qui n&#039;est pas g\u00e9r\u00e9 par nous, mais par une autre entit\u00e9 collaboratrice.<\/p><p>Selon la p\u00e9riode pendant laquelle ils restent actifs<\/p><p><span style=\"text-decoration: underline;\">Cookies de session\u00a0:<\/span> sont ceux con\u00e7us pour collecter et stocker des donn\u00e9es pendant que le<br \/>l&#039;utilisateur acc\u00e8de \u00e0 une page Web. Ils sont g\u00e9n\u00e9ralement utilis\u00e9s pour stocker des informations qu&#039;il est int\u00e9ressant de conserver uniquement pour la fourniture du service demand\u00e9 par l&#039;utilisateur \u00e0 une seule occasion (par exemple, une liste de produits achet\u00e9s) et qui disparaissent \u00e0 la fin de la session.<\/p><p><span style=\"text-decoration: underline;\">Cookies persistants\u00a0:<\/span> sont ceux dans lesquels les donn\u00e9es sont encore stock\u00e9es dans le terminal et peuvent \u00eatre consult\u00e9es et trait\u00e9es pendant une p\u00e9riode d\u00e9finie par le responsable du cookie, qui peut aller de quelques minutes \u00e0 plusieurs ann\u00e9es.<\/p><p><strong>Selon le but<\/strong><\/p><p><span style=\"text-decoration: underline;\">Cookies techniques :<\/span> sont ceux qui permettent la navigation sur le Site, y compris ceux utilis\u00e9s pour g\u00e9rer le Site et permettre ses fonctions et services (par exemple : contr\u00f4ler le trafic et la communication des donn\u00e9es, identifier la session, acc\u00e9der aux parties \u00e0 acc\u00e8s restreint, m\u00e9moriser les \u00e9l\u00e9ments qui composent une commande, effectuer suivre le processus d&#039;achat d&#039;une commande, g\u00e9rer le paiement, etc.). Ces cookies seront dispens\u00e9s du respect des obligations \u00e9tablies \u00e0 l&#039;article 22.2 de la LSSI lorsqu&#039;ils permettent de fournir le service demand\u00e9 par l&#039;utilisateur. Toutefois, si ces cookies sont utilis\u00e9s \u00e0 des fins non exon\u00e9r\u00e9es, ils seront soumis \u00e0 ces obligations.<\/p><p><span style=\"text-decoration: underline;\">Cookies de personnalisation :<\/span> sont ceux qui vous permettent de m\u00e9moriser des informations afin que vous puissiez acc\u00e9der au site Web avec certaines caract\u00e9ristiques qui peuvent diff\u00e9rencier votre exp\u00e9rience de celle des autres utilisateurs (par exemple : la langue, le nombre de r\u00e9sultats \u00e0 afficher lorsque l&#039;utilisateur effectue une recherche, l&#039;apparence ou le contenu du service en fonction du type de navigateur par lequel l&#039;utilisateur acc\u00e8de au service ou de la r\u00e9gion \u00e0 partir de laquelle l&#039;utilisateur acc\u00e8de au service, etc.). Si c&#039;est l&#039;utilisateur lui-m\u00eame qui choisit ces caract\u00e9ristiques (par exemple, en s\u00e9lectionnant la langue du site en cliquant sur l&#039;ic\u00f4ne drapeau correspondante), les cookies seront exempt\u00e9s des obligations de l&#039;article 22.2 de la LSSI car ils sont consid\u00e9r\u00e9s comme un service express\u00e9ment demand\u00e9. par l&#039;utilisateur, \u00e0 condition que les cookies soient conformes \u00e0 la finalit\u00e9 choisie.<\/p><p><span style=\"text-decoration: underline;\">Cookies d&#039;analyse ou de mesure :<\/span> Ce sont ceux qui permettent \u00e0 leur responsable de surveiller et d&#039;analyser le comportement des utilisateurs, y compris la quantification des impacts des publicit\u00e9s. Les informations collect\u00e9es via ce type de cookies sont utilis\u00e9es pour mesurer l&#039;activit\u00e9 du site Web afin d&#039;introduire des am\u00e9liorations bas\u00e9es sur l&#039;analyse des donn\u00e9es d&#039;utilisation des utilisateurs.<br \/>Cookies de publicit\u00e9 comportementale\u00a0: sont ceux qui stockent des informations sur le comportement des utilisateurs obtenues gr\u00e2ce \u00e0 l&#039;observation continue de leurs habitudes de navigation, ce qui permet de d\u00e9velopper un profil sp\u00e9cifique pour afficher des publicit\u00e9s bas\u00e9es sur celui-ci.<\/p><p><strong>QUELS COOKIES UTILISONS-NOUS SUR NOTRE SITE INTERNET ?<\/strong><\/p><p>DITEICO, SL utilise les cookies suivants :<\/p><table class=\"default\"><tbody><tr><th style=\"text-align: center;\"><strong>Type de cookies<\/strong><\/th><th style=\"text-align: center;\"><strong>Nom du cookie<\/strong><\/th><th style=\"text-align: center;\"><strong>La description<\/strong><\/th><th style=\"text-align: center;\"><strong>Propri\u00e9t\u00e9<\/strong><\/th><th style=\"text-align: center;\"><strong>Dur\u00e9e<\/strong><\/th><\/tr><tr><td style=\"text-align: center;\">Analytique<\/td><td style=\"text-align: center;\">Google Analytics<\/td><td style=\"text-align: center;\">Statistiques de trafic Web<\/td><td style=\"text-align: center;\">Google<\/td><td style=\"text-align: center;\">2 ans<\/td><\/tr><\/tbody><\/table><p><strong>COMBIEN DE TEMPS CONSERVERONS-NOUS LES INFORMATIONS ?<\/strong><\/p><p>Conform\u00e9ment \u00e0 l&#039;art. 13.2 du r\u00e8glement (UE) 2016\/679, nous conserverons les informations collect\u00e9es par le biais des cookies pendant le temps n\u00e9cessaire \u00e0 la r\u00e9alisation des finalit\u00e9s indiqu\u00e9es dans chaque cookie.<br \/>Concernant les cookies tiers, les dur\u00e9es de conservation peuvent \u00eatre consult\u00e9es dans leurs emplacements respectifs. <a href=\"https:\/\/diteico.com\/fr\/politica-de-privacidad\/\">Les politiques de confidentialit\u00e9<\/a> et les cookies qui apparaissent dans le tableau pr\u00e9c\u00e9dent.<\/p><p><strong>COMMENT CONFIGURER OU D\u00c9SACTIVER LES COOKIES ?<\/strong><\/p><p>La l\u00e9gitimit\u00e9 de DITEICO, SL pour l&#039;utilisation de cookies repose sur le consentement expr\u00e8s demand\u00e9, conform\u00e9ment \u00e0 l&#039;article 6.1.a) du r\u00e8glement (UE) 2016\/679.<\/p><p>Le consentement que vous nous avez donn\u00e9 est applicable aux cookies de ce site Web <a href=\"https:\/\/diteico.com\/fr\/\">www.diteico.com<\/a> et les sites Internet des tiers avec lesquels nous collaborons, pr\u00e9cis\u00e9s dans la rubrique \u00ab quels cookies utilisons-nous sur notre site Internet ? de cette politique.<\/p><p>N&#039;oubliez pas qu&#039;\u00e0 tout moment vous pouvez modifier ou retirer votre consentement via la banni\u00e8re situ\u00e9e en bas de notre site Web (G\u00e9rer votre consentement).<\/p><p>Vous pouvez restreindre, bloquer ou supprimer les cookies install\u00e9s sur votre ordinateur en configurant les options de votre navigateur Internet :<\/p><p>Google Chrome: <a href=\"https:\/\/support.google.com\/accounts\/answer\/61416?co=GENIE.Platform=Desktop&amp;hl=es#\" target=\"_blank\" rel=\"noopener\">https:\/\/support.google.com\/accounts\/answer\/61416?co=GENIE.Platform=Desktop&amp;hl=es#<\/a><br \/>Mozilla Firefox\u00a0: <a href=\"https:\/\/support.mozilla.org\/es\/kb\/habilitar-y-deshabilitar-cookies-sitios-web-rastrear-preferencias\" target=\"_blank\" rel=\"noopener\">https:\/\/support.mozilla.org\/es\/kb\/habilitar-y-deshabilitar-cookies-sitios-web-rastrear-preferencias<\/a><br \/>Internet Explorer: <a href=\"https:\/\/support.microsoft.com\/es-es\/topic\/eliminar-y-administrar-cookies-168dab11-0753-043d-7c16-ede5947fc64d\" target=\"_blank\" rel=\"noopener\">https:\/\/support.microsoft.com\/es-es\/topic\/eliminar-y-administrar-cookies-168dab11-0753-043d-7c16-ede5947fc64d<\/a><br \/>Safari: <a href=\"https:\/\/support.apple.com\/es-es\/guide\/safari\/sfri11471\/mac\" target=\"_blank\" rel=\"noopener\">https:\/\/support.apple.com\/es-es\/guide\/safari\/sfri11471\/mac<\/a><\/p><p><strong>INFORMATION COMPL\u00c9MENTAIRE<\/strong><\/p><p>Pour toutes les questions li\u00e9es \u00e0 la vie priv\u00e9e et \u00e0 la protection des donn\u00e9es, vous pouvez consulter notre <a href=\"https:\/\/diteico.com\/fr\/politica-de-privacidad\/\">Politique de confidentialit\u00e9<\/a>.<\/p><p>Cette Politique de Cookies est conforme aux lignes directrices \u00e9tablies par le Comit\u00e9 Europ\u00e9en de Protection des Donn\u00e9es adapt\u00e9es au Guide des Cookies de l&#039;AEPD, elle sera sujette \u00e0 modification chaque fois que n\u00e9cessaire afin de l&#039;adapter \u00e0 tout moment \u00e0 la l\u00e9gislation en vigueur ou \u00e0 toute variation sur le type de cookies utilis\u00e9s sur le Site Internet. Par cons\u00e9quent, nous vous recommandons de consulter cette politique chaque fois que vous acc\u00e9dez \u00e0 notre site Web afin de rester inform\u00e9 de comment et pourquoi nous utilisons des cookies.<\/p>\t\t\t\t\t\t\t\t<\/div>\n\t\t\t\t<\/div>\n\t\t\t\t\t<\/div>\n\t\t<\/div>\n\t\t\t\t\t<\/div>\n\t\t<\/section>\n\t\t\t\t<\/div>","protected":false},"excerpt":{"rendered":"<p>DITEICO, SL, propri\u00e9taire de ce site Web www.diteico.com, utilise ses propres cookies et ceux de tiers \u00e0 diff\u00e9rentes fins. DITEICO, SL a recours \u00e0 l&#039;utilisation de cookies afin de respecter les exigences l\u00e9gales pr\u00e9vues par la loi 34\/2002 du 11 juillet sur les services de la soci\u00e9t\u00e9 de l&#039;information et du commerce \u00e9lectronique (LSSI). \u2026 <a title=\"Politique de cookies\" class=\"read-more\" href=\"https:\/\/diteico.com\/fr\/politica-de-cookies\/\" aria-label=\"En savoir plus sur Pol\u00edtica de Cookies\">lyre plus<\/a><\/p>","protected":false},"author":3,"featured_media":0,"parent":0,"menu_order":999,"comment_status":"closed","ping_status":"closed","template":"","meta":{"_acf_changed":false,"footnotes":""},"class_list":["post-3416","page","type-page","status-publish"],"acf":[],"yoast_head":"<!-- This site is optimized with the Yoast SEO plugin v27.0 - https:\/\/yoast.com\/product\/yoast-seo-wordpress\/ -->\n<title>Pol\u00edtica de Cookies - Diteico S.L.<\/title>\n<meta name=\"description\" content=\"Distribuidor Oficial en Espa\u00f1a de Actuadores El\u00e9ctricos, Actuadores Neum\u00e1ticos, Reductores, Acomplamientos y Accesorios de las marcas J+J y CH-air.\" \/>\n<meta name=\"robots\" content=\"index, follow, max-snippet:-1, max-image-preview:large, max-video-preview:-1\" \/>\n<link rel=\"canonical\" href=\"https:\/\/diteico.com\/fr\/politica-de-cookies\/\" \/>\n<meta property=\"og:locale\" content=\"fr_FR\" \/>\n<meta property=\"og:type\" content=\"article\" \/>\n<meta property=\"og:title\" content=\"Pol\u00edtica de Cookies - Diteico S.L.\" \/>\n<meta property=\"og:description\" content=\"Distribuidor Oficial en Espa\u00f1a de Actuadores El\u00e9ctricos, Actuadores Neum\u00e1ticos, Reductores, Acomplamientos y Accesorios de las marcas J+J y CH-air.\" \/>\n<meta property=\"og:url\" content=\"https:\/\/diteico.com\/fr\/politica-de-cookies\/\" \/>\n<meta property=\"og:site_name\" content=\"Diteico S.L.\" \/>\n<meta property=\"article:modified_time\" content=\"2023-11-29T16:07:06+00:00\" \/>\n<meta name=\"twitter:card\" content=\"summary_large_image\" \/>\n<meta name=\"twitter:label1\" content=\"Dur\u00e9e de lecture estim\u00e9e\" \/>\n\t<meta name=\"twitter:data1\" content=\"5 minutes\" \/>\n<script type=\"application\/ld+json\" class=\"yoast-schema-graph\">{\"@context\":\"https:\/\/schema.org\",\"@graph\":[{\"@type\":\"WebPage\",\"@id\":\"https:\/\/diteico.com\/politica-de-cookies\/\",\"url\":\"https:\/\/diteico.com\/politica-de-cookies\/\",\"name\":\"Pol\u00edtica de Cookies - Diteico S.L.\",\"isPartOf\":{\"@id\":\"https:\/\/diteico.com\/#website\"},\"datePublished\":\"2021-10-25T08:30:05+00:00\",\"dateModified\":\"2023-11-29T16:07:06+00:00\",\"description\":\"Distribuidor Oficial en Espa\u00f1a de Actuadores El\u00e9ctricos, Actuadores Neum\u00e1ticos, Reductores, Acomplamientos y Accesorios de las marcas J+J y CH-air.\",\"breadcrumb\":{\"@id\":\"https:\/\/diteico.com\/politica-de-cookies\/#breadcrumb\"},\"inLanguage\":\"fr-FR\",\"potentialAction\":[{\"@type\":\"ReadAction\",\"target\":[\"https:\/\/diteico.com\/politica-de-cookies\/\"]}]},{\"@type\":\"BreadcrumbList\",\"@id\":\"https:\/\/diteico.com\/politica-de-cookies\/#breadcrumb\",\"itemListElement\":[{\"@type\":\"ListItem\",\"position\":1,\"name\":\"Portada\",\"item\":\"https:\/\/diteico.com\/\"},{\"@type\":\"ListItem\",\"position\":2,\"name\":\"Pol\u00edtica de Cookies\"}]},{\"@type\":\"WebSite\",\"@id\":\"https:\/\/diteico.com\/#website\",\"url\":\"https:\/\/diteico.com\/\",\"name\":\"Diteico S.L.\",\"description\":\"Actuadores El\u00e9ctricos, Actuadores Pneum\u00e1ticos, Reductores, Acomplamientos y Accesorios.\",\"potentialAction\":[{\"@type\":\"SearchAction\",\"target\":{\"@type\":\"EntryPoint\",\"urlTemplate\":\"https:\/\/diteico.com\/?s={search_term_string}\"},\"query-input\":{\"@type\":\"PropertyValueSpecification\",\"valueRequired\":true,\"valueName\":\"search_term_string\"}}],\"inLanguage\":\"fr-FR\"}]}<\/script>\n<!-- \/ Yoast SEO plugin. -->","yoast_head_json":{"title":"Politique de cookies - Diteico SL","description":"Distributeur officiel en Espagne d&#039;actionneurs \u00e9lectriques, d&#039;actionneurs pneumatiques, de r\u00e9ducteurs, de raccords et d&#039;accessoires des marques J + J et CH-air.","robots":{"index":"index","follow":"follow","max-snippet":"max-snippet:-1","max-image-preview":"max-image-preview:large","max-video-preview":"max-video-preview:-1"},"canonical":"https:\/\/diteico.com\/fr\/politica-de-cookies\/","og_locale":"fr_FR","og_type":"article","og_title":"Pol\u00edtica de Cookies - Diteico S.L.","og_description":"Distribuidor Oficial en Espa\u00f1a de Actuadores El\u00e9ctricos, Actuadores Neum\u00e1ticos, Reductores, Acomplamientos y Accesorios de las marcas J+J y CH-air.","og_url":"https:\/\/diteico.com\/fr\/politica-de-cookies\/","og_site_name":"Diteico S.L.","article_modified_time":"2023-11-29T16:07:06+00:00","twitter_card":"summary_large_image","twitter_misc":{"Dur\u00e9e de lecture estim\u00e9e":"5 minutes"},"schema":{"@context":"https:\/\/schema.org","@graph":[{"@type":"WebPage","@id":"https:\/\/diteico.com\/politica-de-cookies\/","url":"https:\/\/diteico.com\/politica-de-cookies\/","name":"Politique de cookies - Diteico SL","isPartOf":{"@id":"https:\/\/diteico.com\/#website"},"datePublished":"2021-10-25T08:30:05+00:00","dateModified":"2023-11-29T16:07:06+00:00","description":"Distributeur officiel en Espagne d&#039;actionneurs \u00e9lectriques, d&#039;actionneurs pneumatiques, de r\u00e9ducteurs, de raccords et d&#039;accessoires des marques J + J et CH-air.","breadcrumb":{"@id":"https:\/\/diteico.com\/politica-de-cookies\/#breadcrumb"},"inLanguage":"fr-FR","potentialAction":[{"@type":"ReadAction","target":["https:\/\/diteico.com\/politica-de-cookies\/"]}]},{"@type":"BreadcrumbList","@id":"https:\/\/diteico.com\/politica-de-cookies\/#breadcrumb","itemListElement":[{"@type":"ListItem","position":1,"name":"Portada","item":"https:\/\/diteico.com\/"},{"@type":"ListItem","position":2,"name":"Pol\u00edtica de Cookies"}]},{"@type":"WebSite","@id":"https:\/\/diteico.com\/#website","url":"https:\/\/diteico.com\/","name":"Diteico SL","description":"Actionneurs \u00e9lectriques, actionneurs pneumatiques, r\u00e9ducteurs, accouplements et accessoires.","potentialAction":[{"@type":"SearchAction","target":{"@type":"EntryPoint","urlTemplate":"https:\/\/diteico.com\/?s={search_term_string}"},"query-input":{"@type":"PropertyValueSpecification","valueRequired":true,"valueName":"search_term_string"}}],"inLanguage":"fr-FR"}]}},"_links":{"self":[{"href":"https:\/\/diteico.com\/fr\/wp-json\/wp\/v2\/pages\/3416","targetHints":{"allow":["GET"]}}],"collection":[{"href":"https:\/\/diteico.com\/fr\/wp-json\/wp\/v2\/pages"}],"about":[{"href":"https:\/\/diteico.com\/fr\/wp-json\/wp\/v2\/types\/page"}],"author":[{"embeddable":true,"href":"https:\/\/diteico.com\/fr\/wp-json\/wp\/v2\/users\/3"}],"replies":[{"embeddable":true,"href":"https:\/\/diteico.com\/fr\/wp-json\/wp\/v2\/comments?post=3416"}],"version-history":[{"count":20,"href":"https:\/\/diteico.com\/fr\/wp-json\/wp\/v2\/pages\/3416\/revisions"}],"predecessor-version":[{"id":6785,"href":"https:\/\/diteico.com\/fr\/wp-json\/wp\/v2\/pages\/3416\/revisions\/6785"}],"wp:attachment":[{"href":"https:\/\/diteico.com\/fr\/wp-json\/wp\/v2\/media?parent=3416"}],"curies":[{"name":"wp","href":"https:\/\/api.w.org\/{rel}","templated":true}]}}