{"id":3600,"date":"2021-10-25T17:07:46","date_gmt":"2021-10-25T15:07:46","guid":{"rendered":"https:\/\/diteico.com\/?page_id=3600"},"modified":"2023-05-15T19:20:01","modified_gmt":"2023-05-15T17:20:01","slug":"aumentador-de-presion","status":"publish","type":"page","link":"https:\/\/diteico.com\/fr\/productos\/accesorios-neumaticos\/aumentador-de-presion\/","title":{"rendered":"Amplificateur"},"content":{"rendered":"<div data-elementor-type=\"wp-page\" data-elementor-id=\"3600\" class=\"elementor elementor-3600\" data-elementor-post-type=\"page\">\n\t\t\t\t\t\t<section class=\"elementor-section elementor-inner-section elementor-element elementor-element-4e1879f elementor-section-height-min-height elementor-section-boxed elementor-section-height-default\" data-id=\"4e1879f\" data-element_type=\"section\" data-e-type=\"section\" data-settings=\"{&quot;jet_parallax_layout_list&quot;:[]}\">\n\t\t\t\t\t\t<div class=\"elementor-container elementor-column-gap-default\">\n\t\t\t\t\t<div class=\"elementor-column elementor-col-100 elementor-inner-column elementor-element elementor-element-4691cb6f\" data-id=\"4691cb6f\" data-element_type=\"column\" data-e-type=\"column\">\n\t\t\t<div class=\"elementor-widget-wrap elementor-element-populated\">\n\t\t\t\t\t\t<div class=\"elementor-element elementor-element-579ab6bb elementor-icon-list--layout-inline elementor-align-end elementor-list-item-link-full_width elementor-widget elementor-widget-icon-list\" data-id=\"579ab6bb\" data-element_type=\"widget\" data-e-type=\"widget\" data-widget_type=\"icon-list.default\">\n\t\t\t\t<div class=\"elementor-widget-container\">\n\t\t\t\t\t\t\t<ul class=\"elementor-icon-list-items elementor-inline-items\">\n\t\t\t\t\t\t\t<li class=\"elementor-icon-list-item elementor-inline-item\">\n\t\t\t\t\t\t\t\t\t\t\t<a href=\"https:\/\/diteico.com\/fr\/productos\/\">\n\n\t\t\t\t\t\t\t\t\t\t\t<span class=\"elementor-icon-list-text\">produits<\/span>\n\t\t\t\t\t\t\t\t\t\t\t<\/a>\n\t\t\t\t\t\t\t\t\t<\/li>\n\t\t\t\t\t\t\t\t<li class=\"elementor-icon-list-item elementor-inline-item\">\n\t\t\t\t\t\t\t\t\t\t\t<a href=\"https:\/\/diteico.com\/fr\/productos\/actuadores-neumaticos\/\">\n\n\t\t\t\t\t\t\t\t\t\t\t\t<span class=\"elementor-icon-list-icon\">\n\t\t\t\t\t\t\t<i aria-hidden=\"true\" class=\"fas fa-angle-right\"><\/i>\t\t\t\t\t\t<\/span>\n\t\t\t\t\t\t\t\t\t\t<span class=\"elementor-icon-list-text\">actionneurs pneumatiques<\/span>\n\t\t\t\t\t\t\t\t\t\t\t<\/a>\n\t\t\t\t\t\t\t\t\t<\/li>\n\t\t\t\t\t\t\t\t<li class=\"elementor-icon-list-item elementor-inline-item\">\n\t\t\t\t\t\t\t\t\t\t\t<a href=\"https:\/\/diteico.com\/fr\/productos\/accesorios-neumaticos\/\">\n\n\t\t\t\t\t\t\t\t\t\t\t\t<span class=\"elementor-icon-list-icon\">\n\t\t\t\t\t\t\t<i aria-hidden=\"true\" class=\"fas fa-angle-right\"><\/i>\t\t\t\t\t\t<\/span>\n\t\t\t\t\t\t\t\t\t\t<span class=\"elementor-icon-list-text\">accessoires<\/span>\n\t\t\t\t\t\t\t\t\t\t\t<\/a>\n\t\t\t\t\t\t\t\t\t<\/li>\n\t\t\t\t\t\t\t\t<li class=\"elementor-icon-list-item elementor-inline-item\">\n\t\t\t\t\t\t\t\t\t\t\t<span class=\"elementor-icon-list-icon\">\n\t\t\t\t\t\t\t<i aria-hidden=\"true\" class=\"fas fa-angle-right\"><\/i>\t\t\t\t\t\t<\/span>\n\t\t\t\t\t\t\t\t\t\t<span class=\"elementor-icon-list-text\">Amplificateur<\/span>\n\t\t\t\t\t\t\t\t\t<\/li>\n\t\t\t\t\t\t<\/ul>\n\t\t\t\t\t\t<\/div>\n\t\t\t\t<\/div>\n\t\t\t\t\t<\/div>\n\t\t<\/div>\n\t\t\t\t\t<\/div>\n\t\t<\/section>\n\t\t\t\t<section class=\"elementor-section elementor-top-section elementor-element elementor-element-2034f870 elementor-section-boxed elementor-section-height-default elementor-section-height-default\" data-id=\"2034f870\" data-element_type=\"section\" data-e-type=\"section\" data-settings=\"{&quot;jet_parallax_layout_list&quot;:[]}\">\n\t\t\t\t\t\t<div class=\"elementor-container elementor-column-gap-default\">\n\t\t\t\t\t<div class=\"elementor-column elementor-col-100 elementor-top-column elementor-element elementor-element-69697cc1\" data-id=\"69697cc1\" data-element_type=\"column\" data-e-type=\"column\">\n\t\t\t<div class=\"elementor-widget-wrap elementor-element-populated\">\n\t\t\t\t\t\t<section class=\"elementor-section elementor-inner-section elementor-element elementor-element-6d442261 elementor-section-height-min-height elementor-section-boxed elementor-section-height-default\" data-id=\"6d442261\" data-element_type=\"section\" data-e-type=\"section\" data-settings=\"{&quot;jet_parallax_layout_list&quot;:[]}\">\n\t\t\t\t\t\t<div class=\"elementor-container elementor-column-gap-default\">\n\t\t\t\t\t<div class=\"elementor-column elementor-col-100 elementor-inner-column elementor-element elementor-element-363478a5\" data-id=\"363478a5\" data-element_type=\"column\" data-e-type=\"column\">\n\t\t\t<div class=\"elementor-widget-wrap elementor-element-populated\">\n\t\t\t\t\t\t<div class=\"elementor-element elementor-element-a1e104 hover-titulo-productos elementor-widget elementor-widget-heading\" data-id=\"a1e104\" data-element_type=\"widget\" data-e-type=\"widget\" data-widget_type=\"heading.default\">\n\t\t\t\t<div class=\"elementor-widget-container\">\n\t\t\t\t\t<h1 class=\"elementor-heading-title elementor-size-default\"><a href=\"#\">Amplificateur<\/a><\/h1>\t\t\t\t<\/div>\n\t\t\t\t<\/div>\n\t\t\t\t\t<\/div>\n\t\t<\/div>\n\t\t\t\t\t<\/div>\n\t\t<\/section>\n\t\t\t\t\t<\/div>\n\t\t<\/div>\n\t\t\t\t\t<\/div>\n\t\t<\/section>\n\t\t\t\t<section class=\"elementor-section elementor-top-section elementor-element elementor-element-3a156d1d elementor-section-boxed elementor-section-height-default elementor-section-height-default\" data-id=\"3a156d1d\" data-element_type=\"section\" data-e-type=\"section\" data-settings=\"{&quot;jet_parallax_layout_list&quot;:[]}\">\n\t\t\t\t\t\t<div class=\"elementor-container elementor-column-gap-default\">\n\t\t\t\t\t<div class=\"elementor-column elementor-col-100 elementor-top-column elementor-element elementor-element-63f72c3e\" data-id=\"63f72c3e\" data-element_type=\"column\" data-e-type=\"column\">\n\t\t\t<div class=\"elementor-widget-wrap elementor-element-populated\">\n\t\t\t\t\t\t<section class=\"elementor-section elementor-inner-section elementor-element elementor-element-58f03a5 elementor-section-boxed elementor-section-height-default elementor-section-height-default\" data-id=\"58f03a5\" data-element_type=\"section\" data-e-type=\"section\" data-settings=\"{&quot;jet_parallax_layout_list&quot;:[]}\">\n\t\t\t\t\t\t<div class=\"elementor-container elementor-column-gap-default\">\n\t\t\t\t\t<div class=\"elementor-column elementor-col-25 elementor-inner-column elementor-element elementor-element-7ed82bb4\" data-id=\"7ed82bb4\" data-element_type=\"column\" data-e-type=\"column\">\n\t\t\t<div class=\"elementor-widget-wrap elementor-element-populated\">\n\t\t\t\t\t\t<div class=\"elementor-element elementor-element-25ae54df elementor-widget elementor-widget-heading\" data-id=\"25ae54df\" data-element_type=\"widget\" data-e-type=\"widget\" data-widget_type=\"heading.default\">\n\t\t\t\t<div class=\"elementor-widget-container\">\n\t\t\t\t\t<h2 class=\"elementor-heading-title elementor-size-default\">YT-300<\/h2>\t\t\t\t<\/div>\n\t\t\t\t<\/div>\n\t\t\t\t<div class=\"elementor-element elementor-element-743a297d elementor-widget elementor-widget-text-editor\" data-id=\"743a297d\" data-element_type=\"widget\" data-e-type=\"widget\" data-widget_type=\"text-editor.default\">\n\t\t\t\t<div class=\"elementor-widget-container\">\n\t\t\t\t\t\t\t\t\t<p><strong>Booster YT-300<\/strong><br \/>UGS : 172502<\/p>\t\t\t\t\t\t\t\t<\/div>\n\t\t\t\t<\/div>\n\t\t\t\t\t<\/div>\n\t\t<\/div>\n\t\t\t\t<div class=\"elementor-column elementor-col-50 elementor-inner-column elementor-element elementor-element-f17bfeb\" data-id=\"f17bfeb\" data-element_type=\"column\" data-e-type=\"column\">\n\t\t\t<div class=\"elementor-widget-wrap elementor-element-populated\">\n\t\t\t\t\t\t<div class=\"elementor-element elementor-element-60099e8e elementor-widget elementor-widget-image\" data-id=\"60099e8e\" data-element_type=\"widget\" data-e-type=\"widget\" data-widget_type=\"image.default\">\n\t\t\t\t<div class=\"elementor-widget-container\">\n\t\t\t\t\t\t\t\t\t\t\t\t\t\t\t<img fetchpriority=\"high\" decoding=\"async\" width=\"1024\" height=\"918\" src=\"https:\/\/diteico.com\/wp-content\/uploads\/YT-300-1024x918.jpg\" class=\"attachment-large size-large wp-image-3602\" alt=\"\" srcset=\"https:\/\/diteico.com\/wp-content\/uploads\/YT-300-1024x918.jpg 1024w, https:\/\/diteico.com\/wp-content\/uploads\/YT-300-300x269.jpg 300w, https:\/\/diteico.com\/wp-content\/uploads\/YT-300-768x689.jpg 768w, https:\/\/diteico.com\/wp-content\/uploads\/YT-300-1536x1377.jpg 1536w, https:\/\/diteico.com\/wp-content\/uploads\/YT-300-482x432.jpg 482w, https:\/\/diteico.com\/wp-content\/uploads\/YT-300.jpg 2043w\" sizes=\"(max-width: 1024px) 100vw, 1024px\" \/>\t\t\t\t\t\t\t\t\t\t\t\t\t\t\t<\/div>\n\t\t\t\t<\/div>\n\t\t\t\t\t<\/div>\n\t\t<\/div>\n\t\t\t\t<div class=\"elementor-column elementor-col-25 elementor-inner-column elementor-element elementor-element-4f0ec119\" data-id=\"4f0ec119\" data-element_type=\"column\" data-e-type=\"column\">\n\t\t\t<div class=\"elementor-widget-wrap\">\n\t\t\t\t\t\t\t<\/div>\n\t\t<\/div>\n\t\t\t\t\t<\/div>\n\t\t<\/section>\n\t\t\t\t\t<\/div>\n\t\t<\/div>\n\t\t\t\t\t<\/div>\n\t\t<\/section>\n\t\t\t\t<section class=\"elementor-section elementor-top-section elementor-element elementor-element-a5f4cff elementor-hidden-desktop elementor-hidden-tablet elementor-hidden-mobile elementor-section-boxed elementor-section-height-default elementor-section-height-default\" data-id=\"a5f4cff\" data-element_type=\"section\" data-e-type=\"section\" data-settings=\"{&quot;jet_parallax_layout_list&quot;:[]}\">\n\t\t\t\t\t\t<div class=\"elementor-container elementor-column-gap-default\">\n\t\t\t\t\t<div class=\"elementor-column elementor-col-100 elementor-top-column elementor-element elementor-element-5c5ea4f\" data-id=\"5c5ea4f\" data-element_type=\"column\" data-e-type=\"column\">\n\t\t\t<div class=\"elementor-widget-wrap elementor-element-populated\">\n\t\t\t\t\t\t<div class=\"elementor-element elementor-element-a750f76 elementor-widget elementor-widget-heading\" data-id=\"a750f76\" data-element_type=\"widget\" data-e-type=\"widget\" data-widget_type=\"heading.default\">\n\t\t\t\t<div class=\"elementor-widget-container\">\n\t\t\t\t\t<h2 class=\"elementor-heading-title elementor-size-default\">Gamme de surpresseurs<\/h2>\t\t\t\t<\/div>\n\t\t\t\t<\/div>\n\t\t\t\t<div class=\"elementor-element elementor-element-424861f elementor-widget elementor-widget-heading\" data-id=\"424861f\" data-element_type=\"widget\" data-e-type=\"widget\" data-widget_type=\"heading.default\">\n\t\t\t\t<div class=\"elementor-widget-container\">\n\t\t\t\t\t<h3 class=\"elementor-heading-title elementor-size-default\">Mod\u00e8le YT-300<\/h3>\t\t\t\t<\/div>\n\t\t\t\t<\/div>\n\t\t\t\t<div class=\"elementor-element elementor-element-5665457 elementor-widget elementor-widget-heading\" data-id=\"5665457\" data-element_type=\"widget\" data-e-type=\"widget\" data-widget_type=\"heading.default\">\n\t\t\t\t<div class=\"elementor-widget-container\">\n\t\t\t\t\t<h4 class=\"elementor-heading-title elementor-size-default\">UGS : 172502<\/h4>\t\t\t\t<\/div>\n\t\t\t\t<\/div>\n\t\t\t\t<div class=\"elementor-element elementor-element-30a803d elementor-widget elementor-widget-button\" data-id=\"30a803d\" data-element_type=\"widget\" data-e-type=\"widget\" data-widget_type=\"button.default\">\n\t\t\t\t<div class=\"elementor-widget-container\">\n\t\t\t\t\t\t\t\t\t<div class=\"elementor-button-wrapper\">\n\t\t\t\t\t<a class=\"elementor-button elementor-button-link elementor-size-sm\" href=\"https:\/\/www.google.com\/search?q=instalar+aumentador+de+presion\" c=\"\" target=\"_blank\" rel=\"noopener\">\n\t\t\t\t\t\t<span class=\"elementor-button-content-wrapper\">\n\t\t\t\t\t\t\t\t\t<span class=\"elementor-button-text\">Comment installer le booster<\/span>\n\t\t\t\t\t<\/span>\n\t\t\t\t\t<\/a>\n\t\t\t\t<\/div>\n\t\t\t\t\t\t\t\t<\/div>\n\t\t\t\t<\/div>\n\t\t\t\t<div class=\"elementor-element elementor-element-15eb5ea elementor-widget elementor-widget-text-editor\" data-id=\"15eb5ea\" data-element_type=\"widget\" data-e-type=\"widget\" data-widget_type=\"text-editor.default\">\n\t\t\t\t<div class=\"elementor-widget-container\">\n\t\t\t\t\t\t\t\t\tL&#039;augmentation de la pression est un concept cl\u00e9 dans de nombreux aspects de la vie et de la technologie moderne. Que ce soit dans le domaine industriel, m\u00e9dical ou m\u00eame dans nos activit\u00e9s quotidiennes, l&#039;augmentation de la pression peut jouer un r\u00f4le crucial. Dans ce texte, nous allons explorer le concept de &quot;booster&quot; et ses b\u00e9n\u00e9fices dans diff\u00e9rents domaines. Tout d&#039;abord, il est important de comprendre ce qu&#039;est exactement un booster. En termes simples, il s&#039;agit d&#039;un appareil ou d&#039;un syst\u00e8me utilis\u00e9 pour augmenter la pression d&#039;un fluide, tel que l&#039;eau ou l&#039;air. Les surpresseurs sont utilis\u00e9s dans une vari\u00e9t\u00e9 d&#039;applications, de la fabrication \u00e0 la m\u00e9decine et \u00e0 la recherche scientifique. L&#039;un des avantages les plus importants des boosters est leur capacit\u00e9 \u00e0 am\u00e9liorer l&#039;efficacit\u00e9 de nombreux processus industriels. Par exemple, dans l&#039;industrie manufacturi\u00e8re, la surpression est utilis\u00e9e pour am\u00e9liorer la capacit\u00e9 des machines de d\u00e9coupe, de soudage et de formage. En augmentant la pression du fluide utilis\u00e9 dans ces machines, des performances optimales et une productivit\u00e9 plus \u00e9lev\u00e9e sont atteintes. Cela r\u00e9duit \u00e0 son tour les temps de production et les co\u00fbts d&#039;exploitation, ce qui profite \u00e0 la fois aux fabricants et aux consommateurs finaux. Dans le domaine m\u00e9dical, les rappels sont indispensables dans de nombreuses proc\u00e9dures chirurgicales et th\u00e9rapeutiques. Par exemple, en chirurgie laparoscopique, les boosters sont utilis\u00e9s pour cr\u00e9er un environnement de travail optimal dans l&#039;abdomen, ce qui facilite la r\u00e9alisation de proc\u00e9dures complexes avec plus de pr\u00e9cision et de s\u00e9curit\u00e9. De plus, dans le traitement par pression positive continue (CPAP), les surpresseurs aident \u00e0 maintenir ouvertes les voies respiratoires des patients souffrant d&#039;apn\u00e9e du sommeil, am\u00e9liorant ainsi leur qualit\u00e9 de vie et leur bien-\u00eatre g\u00e9n\u00e9ral. Un autre domaine o\u00f9 les boosters sont tr\u00e8s utiles est la recherche scientifique. En physique des hautes \u00e9nergies et en g\u00e9nie des mat\u00e9riaux, par exemple, les boosters sont utilis\u00e9s pour g\u00e9n\u00e9rer des conditions extr\u00eames qui permettent l&#039;\u00e9tude de ph\u00e9nom\u00e8nes complexes et la cr\u00e9ation de mat\u00e9riaux innovants. Les propulseurs sont \u00e9galement utilis\u00e9s dans la recherche spatiale pour simuler les conditions de pression auxquelles les \u00e9quipements et les astronautes sont expos\u00e9s dans l&#039;espace. En plus de ces avantages sp\u00e9cifiques, les boosters contribuent \u00e9galement \u00e0 la conservation et \u00e0 la durabilit\u00e9 des ressources. En am\u00e9liorant l&#039;efficacit\u00e9 des processus industriels, les d\u00e9chets sont r\u00e9duits et l&#039;utilisation des mati\u00e8res premi\u00e8res est optimis\u00e9e. De plus, l&#039;utilisation de surpresseurs dans des applications telles que l&#039;\u00e9nergie hydro\u00e9lectrique et le dessalement de l&#039;eau permet d&#039;utiliser plus efficacement les ressources naturelles et de r\u00e9duire la d\u00e9pendance aux sources d&#039;\u00e9nergie non renouvelables. En bref, les boosters jouent un r\u00f4le essentiel dans un large \u00e9ventail d&#039;industries et d&#039;applications. Sa capacit\u00e9 \u00e0 augmenter la pression des fluides pr\u00e9sente de nombreux avantages, tels que l&#039;am\u00e9lioration de l&#039;efficacit\u00e9 des processus industriels, la facilitation des proc\u00e9dures m\u00e9dicales\t\t\t\t\t\t\t\t<\/div>\n\t\t\t\t<\/div>\n\t\t\t\t<div class=\"elementor-element elementor-element-5a964c9 elementor-widget elementor-widget-image\" data-id=\"5a964c9\" data-element_type=\"widget\" data-e-type=\"widget\" data-widget_type=\"image.default\">\n\t\t\t\t<div class=\"elementor-widget-container\">\n\t\t\t\t\t\t\t\t\t\t\t\t\t\t\t<img decoding=\"async\" width=\"1024\" height=\"918\" src=\"https:\/\/diteico.com\/wp-content\/uploads\/2017\/07\/YT-300-1024x918.jpg\" class=\"attachment-large size-large wp-image-682\" alt=\"Amplificateur\" srcset=\"https:\/\/diteico.com\/wp-content\/uploads\/2017\/07\/YT-300-1024x918.jpg 1024w, https:\/\/diteico.com\/wp-content\/uploads\/2017\/07\/YT-300-482x432.jpg 482w, https:\/\/diteico.com\/wp-content\/uploads\/2017\/07\/YT-300-300x269.jpg 300w, https:\/\/diteico.com\/wp-content\/uploads\/2017\/07\/YT-300-768x689.jpg 768w, https:\/\/diteico.com\/wp-content\/uploads\/2017\/07\/YT-300.jpg 2043w\" sizes=\"(max-width: 1024px) 100vw, 1024px\" \/>\t\t\t\t\t\t\t\t\t\t\t\t\t\t\t<\/div>\n\t\t\t\t<\/div>\n\t\t\t\t\t<\/div>\n\t\t<\/div>\n\t\t\t\t\t<\/div>\n\t\t<\/section>\n\t\t\t\t<\/div>","protected":false},"excerpt":{"rendered":"<p>Produits accessoires actionneurs pneumatiques Surpresseur Surpresseur YT-300 Surpresseur YT-300SKU: 172502 Gamme de surpresseurs Mod\u00e8le YT-300 SKU: 172502 Comment installer le surpresseur La surpression est un concept cl\u00e9 dans de nombreux aspects de la vie et de la technologie moderne. Que ce soit dans le domaine industriel, m\u00e9dical... <a title=\"Amplificateur\" class=\"read-more\" href=\"https:\/\/diteico.com\/fr\/productos\/accesorios-neumaticos\/aumentador-de-presion\/\" aria-label=\"En savoir plus sur Aumentador de presi\u00f3n\">lyre plus<\/a><\/p>","protected":false},"author":3,"featured_media":0,"parent":3526,"menu_order":0,"comment_status":"closed","ping_status":"closed","template":"elementor_header_footer","meta":{"_acf_changed":false,"footnotes":""},"class_list":["post-3600","page","type-page","status-publish"],"acf":[],"yoast_head":"<!-- This site is optimized with the Yoast SEO plugin v27.0 - https:\/\/yoast.com\/product\/yoast-seo-wordpress\/ -->\n<title>Aumentador de presi\u00f3n - Diteico S.L.<\/title>\n<meta name=\"description\" content=\"Distribuidor Oficial en Espa\u00f1a de Actuadores El\u00e9ctricos, Actuadores Neum\u00e1ticos, Reductores, Acomplamientos y Accesorios de las marcas J+J y CH-air.\" \/>\n<meta name=\"robots\" content=\"index, follow, max-snippet:-1, max-image-preview:large, max-video-preview:-1\" \/>\n<link rel=\"canonical\" href=\"https:\/\/diteico.com\/fr\/productos\/accesorios-neumaticos\/aumentador-de-presion\/\" \/>\n<meta property=\"og:locale\" content=\"fr_FR\" \/>\n<meta property=\"og:type\" content=\"article\" \/>\n<meta property=\"og:title\" content=\"Aumentador de presi\u00f3n - Diteico S.L.\" \/>\n<meta property=\"og:description\" content=\"Distribuidor Oficial en Espa\u00f1a de Actuadores El\u00e9ctricos, Actuadores Neum\u00e1ticos, Reductores, Acomplamientos y Accesorios de las marcas J+J y CH-air.\" \/>\n<meta property=\"og:url\" content=\"https:\/\/diteico.com\/fr\/productos\/accesorios-neumaticos\/aumentador-de-presion\/\" \/>\n<meta property=\"og:site_name\" content=\"Diteico S.L.\" \/>\n<meta property=\"article:modified_time\" content=\"2023-05-15T17:20:01+00:00\" \/>\n<meta property=\"og:image\" content=\"https:\/\/diteico.com\/wp-content\/uploads\/YT-300-1024x918.jpg\" \/>\n<meta name=\"twitter:card\" content=\"summary_large_image\" \/>\n<meta name=\"twitter:label1\" content=\"Dur\u00e9e de lecture estim\u00e9e\" \/>\n\t<meta name=\"twitter:data1\" content=\"3 minutes\" \/>\n<script type=\"application\/ld+json\" class=\"yoast-schema-graph\">{\"@context\":\"https:\/\/schema.org\",\"@graph\":[{\"@type\":\"WebPage\",\"@id\":\"https:\/\/diteico.com\/productos\/accesorios-neumaticos\/aumentador-de-presion\/\",\"url\":\"https:\/\/diteico.com\/productos\/accesorios-neumaticos\/aumentador-de-presion\/\",\"name\":\"Aumentador de presi\u00f3n - Diteico S.L.\",\"isPartOf\":{\"@id\":\"https:\/\/diteico.com\/#website\"},\"primaryImageOfPage\":{\"@id\":\"https:\/\/diteico.com\/productos\/accesorios-neumaticos\/aumentador-de-presion\/#primaryimage\"},\"image\":{\"@id\":\"https:\/\/diteico.com\/productos\/accesorios-neumaticos\/aumentador-de-presion\/#primaryimage\"},\"thumbnailUrl\":\"https:\/\/diteico.com\/wp-content\/uploads\/YT-300-1024x918.jpg\",\"datePublished\":\"2021-10-25T15:07:46+00:00\",\"dateModified\":\"2023-05-15T17:20:01+00:00\",\"description\":\"Distribuidor Oficial en Espa\u00f1a de Actuadores El\u00e9ctricos, Actuadores Neum\u00e1ticos, Reductores, Acomplamientos y Accesorios de las marcas J+J y CH-air.\",\"breadcrumb\":{\"@id\":\"https:\/\/diteico.com\/productos\/accesorios-neumaticos\/aumentador-de-presion\/#breadcrumb\"},\"inLanguage\":\"fr-FR\",\"potentialAction\":[{\"@type\":\"ReadAction\",\"target\":[\"https:\/\/diteico.com\/productos\/accesorios-neumaticos\/aumentador-de-presion\/\"]}]},{\"@type\":\"ImageObject\",\"inLanguage\":\"fr-FR\",\"@id\":\"https:\/\/diteico.com\/productos\/accesorios-neumaticos\/aumentador-de-presion\/#primaryimage\",\"url\":\"https:\/\/diteico.com\/wp-content\/uploads\/YT-300-1024x918.jpg\",\"contentUrl\":\"https:\/\/diteico.com\/wp-content\/uploads\/YT-300-1024x918.jpg\"},{\"@type\":\"BreadcrumbList\",\"@id\":\"https:\/\/diteico.com\/productos\/accesorios-neumaticos\/aumentador-de-presion\/#breadcrumb\",\"itemListElement\":[{\"@type\":\"ListItem\",\"position\":1,\"name\":\"Portada\",\"item\":\"https:\/\/diteico.com\/\"},{\"@type\":\"ListItem\",\"position\":2,\"name\":\"Productos\",\"item\":\"https:\/\/diteico.com\/productos\/\"},{\"@type\":\"ListItem\",\"position\":3,\"name\":\"Accesorios Neum\u00e1ticos\",\"item\":\"https:\/\/diteico.com\/productos\/accesorios-neumaticos\/\"},{\"@type\":\"ListItem\",\"position\":4,\"name\":\"Aumentador de presi\u00f3n\"}]},{\"@type\":\"WebSite\",\"@id\":\"https:\/\/diteico.com\/#website\",\"url\":\"https:\/\/diteico.com\/\",\"name\":\"Diteico S.L.\",\"description\":\"Actuadores El\u00e9ctricos, Actuadores Pneum\u00e1ticos, Reductores, Acomplamientos y Accesorios.\",\"potentialAction\":[{\"@type\":\"SearchAction\",\"target\":{\"@type\":\"EntryPoint\",\"urlTemplate\":\"https:\/\/diteico.com\/?s={search_term_string}\"},\"query-input\":{\"@type\":\"PropertyValueSpecification\",\"valueRequired\":true,\"valueName\":\"search_term_string\"}}],\"inLanguage\":\"fr-FR\"}]}<\/script>\n<!-- \/ Yoast SEO plugin. -->","yoast_head_json":{"title":"Surpresseur - Diteico SL","description":"Distributeur officiel en Espagne d&#039;actionneurs \u00e9lectriques, d&#039;actionneurs pneumatiques, de r\u00e9ducteurs, de raccords et d&#039;accessoires des marques J + J et CH-air.","robots":{"index":"index","follow":"follow","max-snippet":"max-snippet:-1","max-image-preview":"max-image-preview:large","max-video-preview":"max-video-preview:-1"},"canonical":"https:\/\/diteico.com\/fr\/productos\/accesorios-neumaticos\/aumentador-de-presion\/","og_locale":"fr_FR","og_type":"article","og_title":"Aumentador de presi\u00f3n - Diteico S.L.","og_description":"Distribuidor Oficial en Espa\u00f1a de Actuadores El\u00e9ctricos, Actuadores Neum\u00e1ticos, Reductores, Acomplamientos y Accesorios de las marcas J+J y CH-air.","og_url":"https:\/\/diteico.com\/fr\/productos\/accesorios-neumaticos\/aumentador-de-presion\/","og_site_name":"Diteico S.L.","article_modified_time":"2023-05-15T17:20:01+00:00","og_image":[{"url":"https:\/\/diteico.com\/wp-content\/uploads\/YT-300-1024x918.jpg","type":"","width":"","height":""}],"twitter_card":"summary_large_image","twitter_misc":{"Dur\u00e9e de lecture estim\u00e9e":"3 minutes"},"schema":{"@context":"https:\/\/schema.org","@graph":[{"@type":"WebPage","@id":"https:\/\/diteico.com\/productos\/accesorios-neumaticos\/aumentador-de-presion\/","url":"https:\/\/diteico.com\/productos\/accesorios-neumaticos\/aumentador-de-presion\/","name":"Surpresseur - Diteico SL","isPartOf":{"@id":"https:\/\/diteico.com\/#website"},"primaryImageOfPage":{"@id":"https:\/\/diteico.com\/productos\/accesorios-neumaticos\/aumentador-de-presion\/#primaryimage"},"image":{"@id":"https:\/\/diteico.com\/productos\/accesorios-neumaticos\/aumentador-de-presion\/#primaryimage"},"thumbnailUrl":"https:\/\/diteico.com\/wp-content\/uploads\/YT-300-1024x918.jpg","datePublished":"2021-10-25T15:07:46+00:00","dateModified":"2023-05-15T17:20:01+00:00","description":"Distributeur officiel en Espagne d&#039;actionneurs \u00e9lectriques, d&#039;actionneurs pneumatiques, de r\u00e9ducteurs, de raccords et d&#039;accessoires des marques J + J et CH-air.","breadcrumb":{"@id":"https:\/\/diteico.com\/productos\/accesorios-neumaticos\/aumentador-de-presion\/#breadcrumb"},"inLanguage":"fr-FR","potentialAction":[{"@type":"ReadAction","target":["https:\/\/diteico.com\/productos\/accesorios-neumaticos\/aumentador-de-presion\/"]}]},{"@type":"ImageObject","inLanguage":"fr-FR","@id":"https:\/\/diteico.com\/productos\/accesorios-neumaticos\/aumentador-de-presion\/#primaryimage","url":"https:\/\/diteico.com\/wp-content\/uploads\/YT-300-1024x918.jpg","contentUrl":"https:\/\/diteico.com\/wp-content\/uploads\/YT-300-1024x918.jpg"},{"@type":"BreadcrumbList","@id":"https:\/\/diteico.com\/productos\/accesorios-neumaticos\/aumentador-de-presion\/#breadcrumb","itemListElement":[{"@type":"ListItem","position":1,"name":"Portada","item":"https:\/\/diteico.com\/"},{"@type":"ListItem","position":2,"name":"Productos","item":"https:\/\/diteico.com\/productos\/"},{"@type":"ListItem","position":3,"name":"Accesorios Neum\u00e1ticos","item":"https:\/\/diteico.com\/productos\/accesorios-neumaticos\/"},{"@type":"ListItem","position":4,"name":"Aumentador de presi\u00f3n"}]},{"@type":"WebSite","@id":"https:\/\/diteico.com\/#website","url":"https:\/\/diteico.com\/","name":"Diteico SL","description":"Actionneurs \u00e9lectriques, actionneurs pneumatiques, r\u00e9ducteurs, accouplements et accessoires.","potentialAction":[{"@type":"SearchAction","target":{"@type":"EntryPoint","urlTemplate":"https:\/\/diteico.com\/?s={search_term_string}"},"query-input":{"@type":"PropertyValueSpecification","valueRequired":true,"valueName":"search_term_string"}}],"inLanguage":"fr-FR"}]}},"_links":{"self":[{"href":"https:\/\/diteico.com\/fr\/wp-json\/wp\/v2\/pages\/3600","targetHints":{"allow":["GET"]}}],"collection":[{"href":"https:\/\/diteico.com\/fr\/wp-json\/wp\/v2\/pages"}],"about":[{"href":"https:\/\/diteico.com\/fr\/wp-json\/wp\/v2\/types\/page"}],"author":[{"embeddable":true,"href":"https:\/\/diteico.com\/fr\/wp-json\/wp\/v2\/users\/3"}],"replies":[{"embeddable":true,"href":"https:\/\/diteico.com\/fr\/wp-json\/wp\/v2\/comments?post=3600"}],"version-history":[{"count":14,"href":"https:\/\/diteico.com\/fr\/wp-json\/wp\/v2\/pages\/3600\/revisions"}],"predecessor-version":[{"id":6463,"href":"https:\/\/diteico.com\/fr\/wp-json\/wp\/v2\/pages\/3600\/revisions\/6463"}],"up":[{"embeddable":true,"href":"https:\/\/diteico.com\/fr\/wp-json\/wp\/v2\/pages\/3526"}],"wp:attachment":[{"href":"https:\/\/diteico.com\/fr\/wp-json\/wp\/v2\/media?parent=3600"}],"curies":[{"name":"wp","href":"https:\/\/api.w.org\/{rel}","templated":true}]}}