{"id":4021,"date":"2021-11-30T16:41:21","date_gmt":"2021-11-30T14:41:21","guid":{"rendered":"https:\/\/diteico.com\/?page_id=4021"},"modified":"2023-03-15T12:54:33","modified_gmt":"2023-03-15T10:54:33","slug":"politica-de-privacidad","status":"publish","type":"page","link":"https:\/\/diteico.com\/fr\/politica-de-privacidad\/","title":{"rendered":"Politique de confidentialit\u00e9"},"content":{"rendered":"\t\t<div data-elementor-type=\"wp-page\" data-elementor-id=\"4021\" class=\"elementor elementor-4021\" data-elementor-post-type=\"page\">\n\t\t\t\t\t\t<section class=\"elementor-section elementor-top-section elementor-element elementor-element-625ed30 elementor-section-boxed elementor-section-height-default elementor-section-height-default\" data-id=\"625ed30\" data-element_type=\"section\" data-e-type=\"section\" data-settings=\"{&quot;jet_parallax_layout_list&quot;:[]}\">\n\t\t\t\t\t\t<div class=\"elementor-container elementor-column-gap-default\">\n\t\t\t\t\t<div class=\"elementor-column elementor-col-100 elementor-top-column elementor-element elementor-element-38e4548\" data-id=\"38e4548\" data-element_type=\"column\" data-e-type=\"column\">\n\t\t\t<div class=\"elementor-widget-wrap elementor-element-populated\">\n\t\t\t\t\t\t<div class=\"elementor-element elementor-element-072afab elementor-widget elementor-widget-text-editor\" data-id=\"072afab\" data-element_type=\"widget\" data-e-type=\"widget\" data-widget_type=\"text-editor.default\">\n\t\t\t\t<div class=\"elementor-widget-container\">\n\t\t\t\t\t\t\t\t\t<p><strong>INFORMACI\u00d3N B\u00c1SICA SOBRE PROTECCI\u00d3N DE DATOS<\/strong><\/p><p><span style=\"text-decoration: underline;\">Responsable<\/span><\/p><p>Diteico, S.L.<\/p><p><span style=\"text-decoration: underline;\">Finalidad<\/span><\/p><p>Utilizamos sus datos para la atenci\u00f3n de solicitudes de diversa \u00edndole por parte del Usuario.<\/p><p><span style=\"text-decoration: underline;\">Legitimaci\u00f3n<\/span><\/p><p>La legitimaci\u00f3n para el tratamiento de sus datos reside en la prestaci\u00f3n de su consentimiento a Diteico, S.L.<\/p><p><span style=\"text-decoration: underline;\">Destinatarios<\/span><\/p><p>Sus datos ser\u00e1n tratados por otras empresas del Grupo y terceros colaboradores que trabajan con nosotros.<\/p><p><span style=\"text-decoration: underline;\">Derechos<\/span><\/p><p>Tiene derecho a acceder, rectificar, suprimir, oponerse, limitar y solicitar la portabilidad de sus datos personales.<\/p><p><span style=\"text-decoration: underline;\">Informaci\u00f3n adicional<\/span><\/p><p>Puede consultar informaci\u00f3n adicional y detallada sobre c\u00f3mo gestionamos sus datos personales y los derechos de los que dispone, consultando el texto completo de la Pol\u00edtica de Privacidad que sigue a<br \/>continuaci\u00f3n, as\u00ed como la Pol\u00edtica de Cookies.<\/p><p><strong>INFORMACI\u00d3N ADICIONAL SOBRE PROTECCI\u00d3N DE DATOS<\/strong><\/p><p>Diteico, S.L.(en adelante, \u201cla Compa\u00f1\u00eda\u201d) se compromete, en calidad de Responsable del tratamiento de sus datos personales, a adoptar las medidas t\u00e9cnicas y organizativas necesarias a fin de garantizar que el tratamiento de sus datos es conforme con las disposiciones del Reglamento (UE) 2016\/679 (en adelante, \u201cRGPD\u201d) y la Ley Org\u00e1nica 3\/2018.<\/p><p>La Compa\u00f1\u00eda trata sus datos personales de manera l\u00edcita y leal, asegurando que \u00e9stos reciben la protecci\u00f3n adecuada y que no son objeto de utilizaci\u00f3n indebida. Asimismo, la voluntad de la Compa\u00f1\u00eda es la de ser transparente en el \u00e1mbito de la gesti\u00f3n de los datos personales de sus clientes y usuarios, poniendo a disposici\u00f3n de los anteriores toda la informaci\u00f3n necesaria acerca de la recopilaci\u00f3n y tratamiento de sus datos.<\/p><p>El objetivo de la Pol\u00edtica de Privacidad es informarle sobre qui\u00e9n tratar\u00e1 sus datos personales, por qu\u00e9 recogemos estos datos, durante cu\u00e1nto tiempo conservaremos los datos recogidos, a qui\u00e9n los cederemos y cu\u00e1les son sus derechos en el presente \u00e1mbito.<\/p><p>Al facilitarnos su informaci\u00f3n personal y utilizar nuestro Sitio Web, entendemos que ha le\u00eddo y comprendido la informaci\u00f3n en materia de protecci\u00f3n de datos de car\u00e1cter personal expuesta en la presente Pol\u00edtica de Privacidad y en la <a href=\"\/politica-de-cookies\">Pol\u00edtica de Cookies<\/a>.<\/p><p><strong>\u00bfQUI\u00c9N ES EL RESPONSABLE DEL TRATAMIENTO DE SUS DATOS?<\/strong><\/p><p>El Responsable del tratamiento de sus datos personales es:<\/p><p>Denominaci\u00f3n social: Diteico, S.L.<br \/>N.I.F: B58554395<br \/>Tel\u00e9fono: 93 871 33 04<br \/>Direcci\u00f3n postal: Pol. Ind. Sud. C\/ de l\u2019Orfe\u00f3 Catal\u00e0, 9. 08440, Cardedeu (Barcelona).<br \/>Correo electr\u00f3nico: info@diteico.com<\/p><p><strong>\u00bfCON QU\u00c9 FINALIDAD TRATAMOS SUS DATOS PERSONALES?<\/strong><\/p><p>Dependiendo de los productos solicitados por los clientes y usuarios, la Compa\u00f1\u00eda necesitar\u00e1 tratar con unos datos u otros que en general ser\u00e1n los siguientes:<\/p><p>Datos identificativos y de contacto: nombre, apellidos, correo electr\u00f3nico, entre otros;<\/p><p>Datos recogidos autom\u00e1ticamente: al interactuar con nuestro Sitio Web ciertos datos de navegaci\u00f3n se recopilan autom\u00e1ticamente. Esta informaci\u00f3n se recaba a trav\u00e9s de cookies, cuya regulaci\u00f3n queda detallada en la <a href=\"\/politica-de-cookies\">Pol\u00edtica de Cookies<\/a> de la Compa\u00f1\u00eda;<\/p><p>La informaci\u00f3n que podemos recoger autom\u00e1ticamente hace referencia a su utilizaci\u00f3n de nuestro Sitio Web y a los dispositivos que utiliza para acceder e interactuar con \u00e9ste. Algunos de los datos que recopilamos son: la direcci\u00f3n IP del dispositivo que est\u00e1 usando, el programa de navegaci\u00f3n que utiliza, su sistema operativo, la fecha y hora del acceso al Sitio Web, la direcci\u00f3n de Internet de la web por la que accedi\u00f3 a nuestro Sitio Web, datos de geolocalizaci\u00f3n, informaci\u00f3n sobre las p\u00e1ginas visitadas por el usuario dentro del Sitio Web y el tiempo de navegaci\u00f3n en cada p\u00e1gina;<\/p><p>Los datos personales recopilados son tratados para las siguientes finalidades:<\/p><p>An\u00e1lisis de la calidad: realizar encuestas sobre la satisfacci\u00f3n de los clientes y usuarios en relaci\u00f3n con la calidad de los productos ofrecidos por la Compa\u00f1\u00eda;<\/p><p>Atenci\u00f3n a clientes y usuarios: canalizar y atender sus solicitudes, consultas y reclamaciones para su gesti\u00f3n y resoluci\u00f3n;<\/p><p>Mejorar la experiencia del usuario en el Sitio Web: realizar estudios anal\u00edticos y estad\u00edsticos sobre c\u00f3mo los usuarios navegan por el Sitio Web de la Compa\u00f1\u00eda.<\/p><p><strong>\u00bfCU\u00c1L ES LA LEGITIMACI\u00d3N PARA EL TRATAMIENTO DE SUS DATOS?<\/strong><\/p><p>La base legal que nos permite tratar sus datos personales depende de la finalidad para la que los tratemos, tal y como se detalla a continuaci\u00f3n:<\/p><p>An\u00e1lisis de la calidad. La legitimaci\u00f3n del tratamiento de sus datos reside en el inter\u00e9s leg\u00edtimo de la Compa\u00f1\u00eda para analizar el grado de satisfacci\u00f3n de los clientes y usuarios, a los efectos de poder ofrecerles productos de la mejor calidad;<\/p><p>Atenci\u00f3n a usuarios y clientes. La legitimaci\u00f3n del tratamiento de sus datos reside en el inter\u00e9s leg\u00edtimo de la Compa\u00f1\u00eda para atender a sus solicitudes y reclamaciones para poder atenderle adecuadamente y resolver sus peticiones. En caso de consultas relacionadas con el ejercicio de sus derechos reconocidos legalmente en materia de protecci\u00f3n de datos, la Compa\u00f1\u00eda requiere el tratamiento de sus datos para cumplir con las obligaciones legales que la vinculan en el presente \u00e1mbito;<\/p><p>Mejorar la experiencia del usuario en el Sitio Web. La legitimaci\u00f3n del tratamiento de sus datos reside en el inter\u00e9s leg\u00edtimo de la Compa\u00f1\u00eda para conocer el grado de satisfacci\u00f3n de los usuarios y adoptar las medidas correctoras oportunas para mejorar la calidad de nuestros servicios.<\/p><p><strong>\u00bfDURANTE CU\u00c1NTO TIEMPO CONSERVAREMOS SUS DATOS?<\/strong><\/p><p>Sus datos personales ser\u00e1n debidamente conservados durante el tiempo imprescindible para poder ser utilizados seg\u00fan la finalidad por la que fueron recabados.<\/p><p>Los datos personales se almacenar\u00e1n, aplicando las medidas de seguridad id\u00f3neas para garantizar su exactitud e integridad, mientras que su tratamiento resulte necesario para el fin por el cual fueron recogidos o mientras usted no ejerza su derecho de supresi\u00f3n o limitaci\u00f3n del tratamiento.<\/p><p>En dichos supuestos, mantendremos bloqueada su informaci\u00f3n personal, sin darle ning\u00fan tratamiento, durante los plazos previstos legalmente para atender eventuales responsabilidades y poder acreditar el cumplimiento de nuestras obligaciones legales y contractuales. Posteriormente, la Compa\u00f1\u00eda eliminar\u00e1 definitivamente sus datos personales.<\/p><p><strong>\u00bfCON QUI\u00c9N PODEMOS COMPARTIR SUS DATOS?<\/strong><\/p><p>Sus datos personales ser\u00e1n tratados por miembros de la Compa\u00f1\u00eda que act\u00faan en nombre de la organizaci\u00f3n y en relaci\u00f3n con los cu\u00e1les se han perfeccionado los correspondientes contratos, en los que se recogen obligaciones espec\u00edficas de confidencialidad y de gesti\u00f3n diligente de datos personales conforme la legislaci\u00f3n en el presente \u00e1mbito.<\/p><p>En determinados casos, a fin de poder cumplir con las finalidades expuestas en la presente Pol\u00edtica de Privacidad, la Compa\u00f1\u00eda necesita compartir sus datos personales con otras compa\u00f1\u00edas del Grupo y con los siguientes terceros:<\/p><p>entidades financieras;<br \/>proveedores de servicios tecnol\u00f3gicos y anal\u00edtica;<br \/>proveedores de servicios relacionados con atenci\u00f3n al cliente;<br \/>autoridades y organismos p\u00fablicos para: atender a una orden, citaci\u00f3n o investigaci\u00f3n judicial, o por cualquier otra causa requerida por ley; atender a posibles responsabilidades derivadas del tratamiento de los datos personales; prevenir usos ilegales de nuestro Sitio Web o violaciones de las pol\u00edticas de nuestro Sitio Web; hacer frente a reclamaciones de terceros; contribuir a la prevenci\u00f3n e investigaci\u00f3n de supuestos de fraude, entre otros.<\/p><p>Estos terceros colaboradores \u00fanicamente tienen acceso a la informaci\u00f3n personal necesaria para llevar a cabo los correspondientes servicios y se les exige que no la utilicen para otra finalidad distinta a la solicitada. La Compa\u00f1\u00eda tambi\u00e9n exige a estos terceros el mismo grado de protecci\u00f3n y confidencialidad que nosotros aplicamos en la gesti\u00f3n de su informaci\u00f3n personal. Asimismo, todos ellos est\u00e1n sujetos a las obligaciones previstas en sus respectivos contratos de tratamiento de datos perfeccionados con la Compa\u00f1\u00eda.<\/p><p><strong>\u00bfCU\u00c1LES SON SUS DERECHOS?<\/strong><\/p><p>Est\u00e1 legitimado para ejercitar los siguientes derechos en relaci\u00f3n con el tratamiento de sus datos personales:<\/p><p>Acceso (art. 15 RGPD): permite obtener determinada informaci\u00f3n sobre las finalidades para las que se est\u00e1n tratando sus datos, los destinatarios a los que se comunican o las categor\u00edas de datos que est\u00e1n siendo tratados, entre otras.<\/p><p>Rectificaci\u00f3n (art. 16 RGPD): permite dirigirse al Responsable del tratamiento para modificar aquellos datos personales que fuesen inexactos y para completar los que fuesen incompletos.<\/p><p>Supresi\u00f3n (art. 17 RGPD): permite solicitar la supresi\u00f3n, sin dilaci\u00f3n indebida, de sus datos personales que est\u00e9n siendo tratados por el Responsable.<\/p><p>Limitaci\u00f3n del tratamiento (art. 18 RGPD): permite obtener del Responsable la limitaci\u00f3n del tratamiento de sus datos.<\/p><p>Portabilidad (art. 20 RGPD): le permite recibir sus datos personales o que los mismos sean enviados a un tercero, en un formato estructurado, de uso com\u00fan y lectura mec\u00e1nica.<\/p><p>Oposici\u00f3n (art. 21 RGPD): le permite oponerse al tratamiento de sus datos realizado por el Responsable. No obstante, s\u00f3lo puede ejercer este derecho frente a tratamientos amparados por la base leg\u00edtima de un inter\u00e9s p\u00fablico o un inter\u00e9s leg\u00edtimo del Responsable.<\/p><p>Oposici\u00f3n al tratamiento automatizado (art. 22 RGPD): le permite no ser objeto de decisiones basadas \u00fanicamente en el tratamiento automatizado de sus datos, incluida la elaboraci\u00f3n de perfiles, que produzcan efectos jur\u00eddicos en usted o le afecte significativamente de modo similar.<\/p><p><strong>\u00bfC\u00f3mo puedo ejercer mis derechos?<\/strong><\/p><p>Para poder ejercer sus derechos en materia de protecci\u00f3n de datos, la Compa\u00f1\u00eda pone a su disposici\u00f3n los siguientes medios:<\/p><p>Mediante solicitud escrita y firmada dirigida a la Compa\u00f1\u00eda [Pol. Ind. Sud. C\/de l\u2019Orfe\u00f3 Catal\u00e0,7. 08440, Cardedeu (Barcelona)], indicando el motivo de su solicitud y el derecho que desea ejercitar, debiendo adjuntar fotocopia del DNI o documento equivalente que acredite la identidad del solicitante;<\/p><p>Enviando formulario cumplimentado y firmado, debiendo adjuntar fotocopia del DNI o documento equivalente que acredite la identidad del solicitante, a la direcci\u00f3n de correo electr\u00f3nico: info@diteico.com<\/p><p>A continuaci\u00f3n, se facilitan los formularios para poder ejercer los distintos derechos:<\/p><p>Derecho de acceso: <a href=\"https:\/\/www.aepd.es\/sites\/default\/files\/2019-09\/formulario-derecho-de-acceso.pdf\" target=\"_blank\" rel=\"noopener\">https:\/\/www.aepd.es\/sites\/default\/files\/2019-09\/formulario-derecho-de-acceso.pdf<\/a><br \/>Derecho de rectificaci\u00f3n: <a href=\"https:\/\/www.aepd.es\/sites\/default\/files\/2019-09\/formulario-derecho-de-rectificacion.pdf\" target=\"_blank\" rel=\"noopener\">https:\/\/www.aepd.es\/sites\/default\/files\/2019-09\/formulario-derecho-de-rectificacion.pdf<\/a><br \/>Derecho de supresi\u00f3n: <a href=\"https:\/\/www.aepd.es\/sites\/default\/files\/2019-09\/formulario-derecho-de-supresion.pdf\" target=\"_blank\" rel=\"noopener\">https:\/\/www.aepd.es\/sites\/default\/files\/2019-09\/formulario-derecho-de-supresion.pdf<\/a><br \/>Derecho de limitaci\u00f3n del tratamiento: <a href=\"https:\/\/www.aepd.es\/sites\/default\/files\/2019-09\/formulario-derecho-de-limitacion.pdf\" target=\"_blank\" rel=\"noopener\">https:\/\/www.aepd.es\/sites\/default\/files\/2019-09\/formulario-derecho-de-limitacion.pdf<\/a><br \/>Derecho a la portabilidad: https:\/\/www.aepd.es\/sites\/default\/files\/2019-09\/formulario-derecho-de-portabilidad.pdf<br \/>Derecho de oposici\u00f3n: <a href=\"https:\/\/www.aepd.es\/sites\/default\/files\/2019-09\/formulario-derecho-de-oposicion.pdf\" target=\"_blank\" rel=\"noopener\">https:\/\/www.aepd.es\/sites\/default\/files\/2019-09\/formulario-derecho-de-oposicion.pdf<\/a><br \/>Derecho de oposici\u00f3n al tratamiento automatizado: <a href=\"https:\/\/www.aepd.es\/sites\/default\/files\/2019-09\/formulario-derecho-de-oposicion-decisiones-automatizadas.pdf\" target=\"_blank\" rel=\"noopener\">https:\/\/www.aepd.es\/sites\/default\/files\/2019-09\/formulario-derecho-de-oposicion-decisiones-automatizadas.pdf<\/a><\/p><p>Asimismo, tiene derecho a dirigirse a la correspondiente autoridad de control competente en materia de protecci\u00f3n de datos, para cualquier reclamaci\u00f3n derivada del tratamiento de sus datos personales: la Agencia Espa\u00f1ola de Protecci\u00f3n de Datos (Formulario Presentaci\u00f3n de Reclamaciones).<\/p><p><strong>CAMBIOS EN LA POL\u00cdTICA DE PRIVACIDAD<\/strong><\/p><p>La presente Pol\u00edtica de Privacidad est\u00e1 sujeta a revisi\u00f3n continua por parte de la Compa\u00f1\u00eda, modific\u00e1ndose siempre que resulte necesario a fin de adaptarla a la actualidad legislativa de cada momento o a cualquier variaci\u00f3n en nuestro Sitio Web.<br \/>En caso de que la actualizaci\u00f3n de la Pol\u00edtica implique un cambio sustancial en el tratamiento de sus datos personales, le notificaremos dicha modificaci\u00f3n a trav\u00e9s de nuestro Sitio Web (mediante un banner, un pop-up o una notificaci\u00f3n push) a los efectos de que pueda revisarla y valorarla.<br \/>Por ello, le recomendamos revisar peri\u00f3dicamente la Pol\u00edtica de Privacidad para mantenerse informado sobre cualquier novedad relacionada con el tratamiento de sus datos personales.<\/p>\t\t\t\t\t\t\t\t<\/div>\n\t\t\t\t<\/div>\n\t\t\t\t\t<\/div>\n\t\t<\/div>\n\t\t\t\t\t<\/div>\n\t\t<\/section>\n\t\t\t\t<\/div>\n\t\t","protected":false},"excerpt":{"rendered":"<p>INFORMATIONS DE BASE SUR LA PROTECTION DES DONN\u00c9ES Responsable Diteico, SL Objectif Nous utilisons vos donn\u00e9es pour r\u00e9pondre aux demandes de diff\u00e9rentes natures de l&#039;Utilisateur. L\u00e9gitimation La l\u00e9gitimit\u00e9 du traitement de vos donn\u00e9es r\u00e9side dans la fourniture de votre consentement \u00e0 Diteico, SL Destinataires Vos donn\u00e9es seront trait\u00e9es par d&#039;autres soci\u00e9t\u00e9s du Groupe et\u2026 <a title=\"Politique de confidentialit\u00e9\" class=\"read-more\" href=\"https:\/\/diteico.com\/fr\/politica-de-privacidad\/\" aria-label=\"En savoir plus sur Pol\u00edtica de Privacidad\">lyre plus<\/a><\/p>","protected":false},"author":3,"featured_media":0,"parent":0,"menu_order":999,"comment_status":"closed","ping_status":"closed","template":"","meta":{"_acf_changed":false,"footnotes":""},"class_list":["post-4021","page","type-page","status-publish"],"acf":[],"yoast_head":"<!-- This site is optimized with the Yoast SEO plugin v27.0 - https:\/\/yoast.com\/product\/yoast-seo-wordpress\/ -->\n<title>Pol\u00edtica de Privacidad - Diteico S.L.<\/title>\n<meta name=\"description\" content=\"Distribuidor Oficial en Espa\u00f1a de Actuadores El\u00e9ctricos, Actuadores Neum\u00e1ticos, Reductores, Acomplamientos y Accesorios de las marcas J+J y CH-air.\" \/>\n<meta name=\"robots\" content=\"index, follow, max-snippet:-1, max-image-preview:large, max-video-preview:-1\" \/>\n<link rel=\"canonical\" href=\"https:\/\/diteico.com\/fr\/politica-de-privacidad\/\" \/>\n<meta property=\"og:locale\" content=\"fr_FR\" \/>\n<meta property=\"og:type\" content=\"article\" \/>\n<meta property=\"og:title\" content=\"Pol\u00edtica de Privacidad - Diteico S.L.\" \/>\n<meta property=\"og:description\" content=\"Distribuidor Oficial en Espa\u00f1a de Actuadores El\u00e9ctricos, Actuadores Neum\u00e1ticos, Reductores, Acomplamientos y Accesorios de las marcas J+J y CH-air.\" \/>\n<meta property=\"og:url\" content=\"https:\/\/diteico.com\/fr\/politica-de-privacidad\/\" \/>\n<meta property=\"og:site_name\" content=\"Diteico S.L.\" \/>\n<meta property=\"article:modified_time\" content=\"2023-03-15T10:54:33+00:00\" \/>\n<meta name=\"twitter:card\" content=\"summary_large_image\" \/>\n<meta name=\"twitter:label1\" content=\"Dur\u00e9e de lecture estim\u00e9e\" \/>\n\t<meta name=\"twitter:data1\" content=\"8 minutes\" \/>\n<script type=\"application\/ld+json\" class=\"yoast-schema-graph\">{\"@context\":\"https:\/\/schema.org\",\"@graph\":[{\"@type\":\"WebPage\",\"@id\":\"https:\/\/diteico.com\/politica-de-privacidad\/\",\"url\":\"https:\/\/diteico.com\/politica-de-privacidad\/\",\"name\":\"Pol\u00edtica de Privacidad - Diteico S.L.\",\"isPartOf\":{\"@id\":\"https:\/\/diteico.com\/#website\"},\"datePublished\":\"2021-11-30T14:41:21+00:00\",\"dateModified\":\"2023-03-15T10:54:33+00:00\",\"description\":\"Distribuidor Oficial en Espa\u00f1a de Actuadores El\u00e9ctricos, Actuadores Neum\u00e1ticos, Reductores, Acomplamientos y Accesorios de las marcas J+J y CH-air.\",\"breadcrumb\":{\"@id\":\"https:\/\/diteico.com\/politica-de-privacidad\/#breadcrumb\"},\"inLanguage\":\"fr-FR\",\"potentialAction\":[{\"@type\":\"ReadAction\",\"target\":[\"https:\/\/diteico.com\/politica-de-privacidad\/\"]}]},{\"@type\":\"BreadcrumbList\",\"@id\":\"https:\/\/diteico.com\/politica-de-privacidad\/#breadcrumb\",\"itemListElement\":[{\"@type\":\"ListItem\",\"position\":1,\"name\":\"Portada\",\"item\":\"https:\/\/diteico.com\/\"},{\"@type\":\"ListItem\",\"position\":2,\"name\":\"Pol\u00edtica de Privacidad\"}]},{\"@type\":\"WebSite\",\"@id\":\"https:\/\/diteico.com\/#website\",\"url\":\"https:\/\/diteico.com\/\",\"name\":\"Diteico S.L.\",\"description\":\"Actuadores El\u00e9ctricos, Actuadores Pneum\u00e1ticos, Reductores, Acomplamientos y Accesorios.\",\"potentialAction\":[{\"@type\":\"SearchAction\",\"target\":{\"@type\":\"EntryPoint\",\"urlTemplate\":\"https:\/\/diteico.com\/?s={search_term_string}\"},\"query-input\":{\"@type\":\"PropertyValueSpecification\",\"valueRequired\":true,\"valueName\":\"search_term_string\"}}],\"inLanguage\":\"fr-FR\"}]}<\/script>\n<!-- \/ Yoast SEO plugin. -->","yoast_head_json":{"title":"Politique de confidentialit\u00e9 - Diteico SL","description":"Distributeur officiel en Espagne d&#039;actionneurs \u00e9lectriques, d&#039;actionneurs pneumatiques, de r\u00e9ducteurs, de raccords et d&#039;accessoires des marques J + J et CH-air.","robots":{"index":"index","follow":"follow","max-snippet":"max-snippet:-1","max-image-preview":"max-image-preview:large","max-video-preview":"max-video-preview:-1"},"canonical":"https:\/\/diteico.com\/fr\/politica-de-privacidad\/","og_locale":"fr_FR","og_type":"article","og_title":"Pol\u00edtica de Privacidad - Diteico S.L.","og_description":"Distribuidor Oficial en Espa\u00f1a de Actuadores El\u00e9ctricos, Actuadores Neum\u00e1ticos, Reductores, Acomplamientos y Accesorios de las marcas J+J y CH-air.","og_url":"https:\/\/diteico.com\/fr\/politica-de-privacidad\/","og_site_name":"Diteico S.L.","article_modified_time":"2023-03-15T10:54:33+00:00","twitter_card":"summary_large_image","twitter_misc":{"Dur\u00e9e de lecture estim\u00e9e":"8 minutes"},"schema":{"@context":"https:\/\/schema.org","@graph":[{"@type":"WebPage","@id":"https:\/\/diteico.com\/politica-de-privacidad\/","url":"https:\/\/diteico.com\/politica-de-privacidad\/","name":"Politique de confidentialit\u00e9 - Diteico SL","isPartOf":{"@id":"https:\/\/diteico.com\/#website"},"datePublished":"2021-11-30T14:41:21+00:00","dateModified":"2023-03-15T10:54:33+00:00","description":"Distributeur officiel en Espagne d&#039;actionneurs \u00e9lectriques, d&#039;actionneurs pneumatiques, de r\u00e9ducteurs, de raccords et d&#039;accessoires des marques J + J et CH-air.","breadcrumb":{"@id":"https:\/\/diteico.com\/politica-de-privacidad\/#breadcrumb"},"inLanguage":"fr-FR","potentialAction":[{"@type":"ReadAction","target":["https:\/\/diteico.com\/politica-de-privacidad\/"]}]},{"@type":"BreadcrumbList","@id":"https:\/\/diteico.com\/politica-de-privacidad\/#breadcrumb","itemListElement":[{"@type":"ListItem","position":1,"name":"Portada","item":"https:\/\/diteico.com\/"},{"@type":"ListItem","position":2,"name":"Pol\u00edtica de Privacidad"}]},{"@type":"WebSite","@id":"https:\/\/diteico.com\/#website","url":"https:\/\/diteico.com\/","name":"Diteico SL","description":"Actionneurs \u00e9lectriques, actionneurs pneumatiques, r\u00e9ducteurs, accouplements et accessoires.","potentialAction":[{"@type":"SearchAction","target":{"@type":"EntryPoint","urlTemplate":"https:\/\/diteico.com\/?s={search_term_string}"},"query-input":{"@type":"PropertyValueSpecification","valueRequired":true,"valueName":"search_term_string"}}],"inLanguage":"fr-FR"}]}},"_links":{"self":[{"href":"https:\/\/diteico.com\/fr\/wp-json\/wp\/v2\/pages\/4021","targetHints":{"allow":["GET"]}}],"collection":[{"href":"https:\/\/diteico.com\/fr\/wp-json\/wp\/v2\/pages"}],"about":[{"href":"https:\/\/diteico.com\/fr\/wp-json\/wp\/v2\/types\/page"}],"author":[{"embeddable":true,"href":"https:\/\/diteico.com\/fr\/wp-json\/wp\/v2\/users\/3"}],"replies":[{"embeddable":true,"href":"https:\/\/diteico.com\/fr\/wp-json\/wp\/v2\/comments?post=4021"}],"version-history":[{"count":11,"href":"https:\/\/diteico.com\/fr\/wp-json\/wp\/v2\/pages\/4021\/revisions"}],"predecessor-version":[{"id":4656,"href":"https:\/\/diteico.com\/fr\/wp-json\/wp\/v2\/pages\/4021\/revisions\/4656"}],"wp:attachment":[{"href":"https:\/\/diteico.com\/fr\/wp-json\/wp\/v2\/media?parent=4021"}],"curies":[{"name":"wp","href":"https:\/\/api.w.org\/{rel}","templated":true}]}}