{"id":421,"date":"2017-07-28T12:29:13","date_gmt":"2017-07-28T10:29:13","guid":{"rendered":"http:\/\/diteico.com\/producto\/j2-h-10\/"},"modified":"2022-06-13T13:19:14","modified_gmt":"2022-06-13T11:19:14","slug":"j2-h-10","status":"publish","type":"product","link":"https:\/\/diteico.com\/fr\/serie\/j2-h-10\/","title":{"rendered":"J2 H-10"},"content":{"rendered":"","protected":false},"excerpt":{"rendered":"<p align=\"justify\">Cet actionneur, r\u00e9alis\u00e9 majoritairement en plastique (corps et embase en PA Anticorrosif), est l\u00e9ger et petit. Tr\u00e8s appropri\u00e9 pour les petites vannes, car son couple n&#039;est pas sup\u00e9rieur \u00e0 <strong>12Nm<\/strong>.<br \/>\nC&#039;est le plus petit de nos actionneurs qui fonctionne \u00e0 une tension de <strong>85 \u2013 240 VCC\/VCA<\/strong>.<br \/>\nSa connexion au r\u00e9seau se fait \u00e0 travers ses connecteurs DIN, \u00e0 la fois pour la tension et pour les confirmations de position.<br \/>\nOngle <strong>r\u00e9sistance chauffante<\/strong> Il est inclus en standard comme protection anti-condensation.<br \/>\nLa <strong>indicateur de position<\/strong> c&#039;est un levier en forme de T, situ\u00e9 sur le couvercle.<br \/>\nL&#039;actionneur peut \u00eatre plac\u00e9 en mode manuel ou automatique, \u00e0 l&#039;aide du <strong>levier s\u00e9lecteur<\/strong>, situ\u00e9 sur un c\u00f4t\u00e9 de la base de l&#039;actionneur.<br \/>\nCe mod\u00e8le est mont\u00e9 sur la vanne \u00e0 l&#039;aide d&#039;une bride en plastique multi F-ISO5211 avec filetage m\u00e9tallique.<br \/>\nL&#039;actionneur est prot\u00e9g\u00e9 contre tout dommage m\u00e9canique caus\u00e9 par un couple excessif, gr\u00e2ce \u00e0 son <strong>syst\u00e8me \u00e9lectronique limiteur de couple<\/strong>.<\/p>","protected":false},"featured_media":3813,"template":"","meta":{"_acf_changed":false},"product_brand":[],"product_cat":[28,31],"product_tag":[],"class_list":{"0":"post-421","1":"product","2":"type-product","3":"status-publish","4":"has-post-thumbnail","6":"product_cat-actuadores-electricos-multivoltaje","7":"product_cat-serie-j2","8":"sales-flash-overlay","9":"woocommerce-text-align-center","10":"woocommerce-image-align-center","11":"do-quantity-buttons","12":"wc-has-gallery","14":"first","15":"instock","16":"product-type-simple"},"acf":[],"yoast_head":"<!-- This site is optimized with the Yoast SEO plugin v27.0 - https:\/\/yoast.com\/product\/yoast-seo-wordpress\/ -->\n<title>Actuador El\u00e9ctrico Multivoltaje J2-H10 - Diteico - Distribuidor en Espa\u00f1a<\/title>\n<meta name=\"description\" content=\"Distribuidor Oficial en Espa\u00f1a de Actuadores El\u00e9ctricos, Actuadores Neum\u00e1ticos, Reductores, Acomplamientos y Accesorios de las marcas J+J y CH-air.\" \/>\n<meta name=\"robots\" content=\"index, follow, max-snippet:-1, max-image-preview:large, max-video-preview:-1\" \/>\n<link rel=\"canonical\" href=\"https:\/\/diteico.com\/fr\/serie\/j2-h-10\/\" \/>\n<meta property=\"og:locale\" content=\"fr_FR\" \/>\n<meta property=\"og:type\" content=\"article\" \/>\n<meta property=\"og:title\" content=\"Actuador El\u00e9ctrico Multivoltaje J2-H10 - Diteico - Distribuidor en Espa\u00f1a\" \/>\n<meta property=\"og:description\" content=\"Distribuidor Oficial en Espa\u00f1a de Actuadores El\u00e9ctricos, Actuadores Neum\u00e1ticos, Reductores, Acomplamientos y Accesorios de las marcas J+J y CH-air.\" \/>\n<meta property=\"og:url\" content=\"https:\/\/diteico.com\/fr\/serie\/j2-h-10\/\" \/>\n<meta property=\"og:site_name\" content=\"Diteico S.L.\" \/>\n<meta property=\"article:modified_time\" content=\"2022-06-13T11:19:14+00:00\" \/>\n<meta property=\"og:image\" content=\"https:\/\/diteico.com\/wp-content\/uploads\/SERIE-J2-H10-1.jpg\" \/>\n\t<meta property=\"og:image:width\" content=\"365\" \/>\n\t<meta property=\"og:image:height\" content=\"325\" \/>\n\t<meta property=\"og:image:type\" content=\"image\/jpeg\" \/>\n<meta name=\"twitter:card\" content=\"summary_large_image\" \/>\n<script type=\"application\/ld+json\" class=\"yoast-schema-graph\">{\"@context\":\"https:\/\/schema.org\",\"@graph\":[{\"@type\":\"WebPage\",\"@id\":\"https:\/\/diteico.com\/ca\/serie\/j2-h-10\/\",\"url\":\"https:\/\/diteico.com\/ca\/serie\/j2-h-10\/\",\"name\":\"Actuador El\u00e9ctrico Multivoltaje J2-H10 - Diteico - Distribuidor en Espa\u00f1a\",\"isPartOf\":{\"@id\":\"https:\/\/diteico.com\/#website\"},\"primaryImageOfPage\":{\"@id\":\"https:\/\/diteico.com\/ca\/serie\/j2-h-10\/#primaryimage\"},\"image\":{\"@id\":\"https:\/\/diteico.com\/ca\/serie\/j2-h-10\/#primaryimage\"},\"thumbnailUrl\":\"https:\/\/diteico.com\/wp-content\/uploads\/SERIE-J2-H10-1.jpg\",\"datePublished\":\"2017-07-28T10:29:13+00:00\",\"dateModified\":\"2022-06-13T11:19:14+00:00\",\"description\":\"Distribuidor Oficial en Espa\u00f1a de Actuadores El\u00e9ctricos, Actuadores Neum\u00e1ticos, Reductores, Acomplamientos y Accesorios de las marcas J+J y CH-air.\",\"breadcrumb\":{\"@id\":\"https:\/\/diteico.com\/ca\/serie\/j2-h-10\/#breadcrumb\"},\"inLanguage\":\"fr-FR\",\"potentialAction\":[{\"@type\":\"ReadAction\",\"target\":[\"https:\/\/diteico.com\/ca\/serie\/j2-h-10\/\"]}]},{\"@type\":\"ImageObject\",\"inLanguage\":\"fr-FR\",\"@id\":\"https:\/\/diteico.com\/ca\/serie\/j2-h-10\/#primaryimage\",\"url\":\"https:\/\/diteico.com\/wp-content\/uploads\/SERIE-J2-H10-1.jpg\",\"contentUrl\":\"https:\/\/diteico.com\/wp-content\/uploads\/SERIE-J2-H10-1.jpg\",\"width\":365,\"height\":325},{\"@type\":\"BreadcrumbList\",\"@id\":\"https:\/\/diteico.com\/ca\/serie\/j2-h-10\/#breadcrumb\",\"itemListElement\":[{\"@type\":\"ListItem\",\"position\":1,\"name\":\"Portada\",\"item\":\"https:\/\/diteico.com\/\"},{\"@type\":\"ListItem\",\"position\":2,\"name\":\"Tienda\",\"item\":\"https:\/\/diteico.com\/tienda\/\"},{\"@type\":\"ListItem\",\"position\":3,\"name\":\"J2 H-10\"}]},{\"@type\":\"WebSite\",\"@id\":\"https:\/\/diteico.com\/#website\",\"url\":\"https:\/\/diteico.com\/\",\"name\":\"Diteico S.L.\",\"description\":\"Actuadores El\u00e9ctricos, Actuadores Pneum\u00e1ticos, Reductores, Acomplamientos y Accesorios.\",\"potentialAction\":[{\"@type\":\"SearchAction\",\"target\":{\"@type\":\"EntryPoint\",\"urlTemplate\":\"https:\/\/diteico.com\/?s={search_term_string}\"},\"query-input\":{\"@type\":\"PropertyValueSpecification\",\"valueRequired\":true,\"valueName\":\"search_term_string\"}}],\"inLanguage\":\"fr-FR\"}]}<\/script>\n<!-- \/ Yoast SEO plugin. -->","yoast_head_json":{"title":"Actionneur \u00e9lectrique multitension J2-H10 - Diteico - Distributeur en Espagne","description":"Distributeur officiel en Espagne d&#039;actionneurs \u00e9lectriques, d&#039;actionneurs pneumatiques, de r\u00e9ducteurs, de raccords et d&#039;accessoires des marques J + J et CH-air.","robots":{"index":"index","follow":"follow","max-snippet":"max-snippet:-1","max-image-preview":"max-image-preview:large","max-video-preview":"max-video-preview:-1"},"canonical":"https:\/\/diteico.com\/fr\/serie\/j2-h-10\/","og_locale":"fr_FR","og_type":"article","og_title":"Actuador El\u00e9ctrico Multivoltaje J2-H10 - Diteico - Distribuidor en Espa\u00f1a","og_description":"Distribuidor Oficial en Espa\u00f1a de Actuadores El\u00e9ctricos, Actuadores Neum\u00e1ticos, Reductores, Acomplamientos y Accesorios de las marcas J+J y CH-air.","og_url":"https:\/\/diteico.com\/fr\/serie\/j2-h-10\/","og_site_name":"Diteico S.L.","article_modified_time":"2022-06-13T11:19:14+00:00","og_image":[{"width":365,"height":325,"url":"https:\/\/diteico.com\/wp-content\/uploads\/SERIE-J2-H10-1.jpg","type":"image\/jpeg"}],"twitter_card":"summary_large_image","schema":{"@context":"https:\/\/schema.org","@graph":[{"@type":"WebPage","@id":"https:\/\/diteico.com\/ca\/serie\/j2-h-10\/","url":"https:\/\/diteico.com\/ca\/serie\/j2-h-10\/","name":"Actionneur \u00e9lectrique multitension J2-H10 - Diteico - Distributeur en Espagne","isPartOf":{"@id":"https:\/\/diteico.com\/#website"},"primaryImageOfPage":{"@id":"https:\/\/diteico.com\/ca\/serie\/j2-h-10\/#primaryimage"},"image":{"@id":"https:\/\/diteico.com\/ca\/serie\/j2-h-10\/#primaryimage"},"thumbnailUrl":"https:\/\/diteico.com\/wp-content\/uploads\/SERIE-J2-H10-1.jpg","datePublished":"2017-07-28T10:29:13+00:00","dateModified":"2022-06-13T11:19:14+00:00","description":"Distributeur officiel en Espagne d&#039;actionneurs \u00e9lectriques, d&#039;actionneurs pneumatiques, de r\u00e9ducteurs, de raccords et d&#039;accessoires des marques J + J et CH-air.","breadcrumb":{"@id":"https:\/\/diteico.com\/ca\/serie\/j2-h-10\/#breadcrumb"},"inLanguage":"fr-FR","potentialAction":[{"@type":"ReadAction","target":["https:\/\/diteico.com\/ca\/serie\/j2-h-10\/"]}]},{"@type":"ImageObject","inLanguage":"fr-FR","@id":"https:\/\/diteico.com\/ca\/serie\/j2-h-10\/#primaryimage","url":"https:\/\/diteico.com\/wp-content\/uploads\/SERIE-J2-H10-1.jpg","contentUrl":"https:\/\/diteico.com\/wp-content\/uploads\/SERIE-J2-H10-1.jpg","width":365,"height":325},{"@type":"BreadcrumbList","@id":"https:\/\/diteico.com\/ca\/serie\/j2-h-10\/#breadcrumb","itemListElement":[{"@type":"ListItem","position":1,"name":"Portada","item":"https:\/\/diteico.com\/"},{"@type":"ListItem","position":2,"name":"Tienda","item":"https:\/\/diteico.com\/tienda\/"},{"@type":"ListItem","position":3,"name":"J2 H-10"}]},{"@type":"WebSite","@id":"https:\/\/diteico.com\/#website","url":"https:\/\/diteico.com\/","name":"Diteico SL","description":"Actionneurs \u00e9lectriques, actionneurs pneumatiques, r\u00e9ducteurs, accouplements et accessoires.","potentialAction":[{"@type":"SearchAction","target":{"@type":"EntryPoint","urlTemplate":"https:\/\/diteico.com\/?s={search_term_string}"},"query-input":{"@type":"PropertyValueSpecification","valueRequired":true,"valueName":"search_term_string"}}],"inLanguage":"fr-FR"}]}},"_links":{"self":[{"href":"https:\/\/diteico.com\/fr\/wp-json\/wp\/v2\/product\/421","targetHints":{"allow":["GET"]}}],"collection":[{"href":"https:\/\/diteico.com\/fr\/wp-json\/wp\/v2\/product"}],"about":[{"href":"https:\/\/diteico.com\/fr\/wp-json\/wp\/v2\/types\/product"}],"version-history":[{"count":4,"href":"https:\/\/diteico.com\/fr\/wp-json\/wp\/v2\/product\/421\/revisions"}],"predecessor-version":[{"id":3814,"href":"https:\/\/diteico.com\/fr\/wp-json\/wp\/v2\/product\/421\/revisions\/3814"}],"wp:featuredmedia":[{"embeddable":true,"href":"https:\/\/diteico.com\/fr\/wp-json\/wp\/v2\/media\/3813"}],"wp:attachment":[{"href":"https:\/\/diteico.com\/fr\/wp-json\/wp\/v2\/media?parent=421"}],"wp:term":[{"taxonomy":"product_brand","embeddable":true,"href":"https:\/\/diteico.com\/fr\/wp-json\/wp\/v2\/product_brand?post=421"},{"taxonomy":"product_cat","embeddable":true,"href":"https:\/\/diteico.com\/fr\/wp-json\/wp\/v2\/product_cat?post=421"},{"taxonomy":"product_tag","embeddable":true,"href":"https:\/\/diteico.com\/fr\/wp-json\/wp\/v2\/product_tag?post=421"}],"curies":[{"name":"wp","href":"https:\/\/api.w.org\/{rel}","templated":true}]}}