{"id":479,"date":"2017-07-28T16:03:46","date_gmt":"2017-07-28T14:03:46","guid":{"rendered":"http:\/\/diteico.com\/producto\/serie-cb\/"},"modified":"2017-08-30T16:49:25","modified_gmt":"2017-08-30T14:49:25","slug":"serie-ca","status":"publish","type":"product","link":"https:\/\/diteico.com\/fr\/serie\/serie-ca\/","title":{"rendered":"AC s\u00e9rie"},"content":{"rendered":"","protected":false},"excerpt":{"rendered":"<p>Le bo\u00eetier fin de course sert \u00e0 indiquer la position de la vanne, ouverte ou ferm\u00e9e. La s\u00e9rie CA a un corps en polypropyl\u00e8ne + fibre de verre grise 15% avec un choix de finition bleue ou orange. Les sp\u00e9cifications techniques de la s\u00e9rie CA sont d\u00e9taill\u00e9es ci-dessous.<\/p>","protected":false},"featured_media":613,"template":"","meta":{"_acf_changed":false},"product_brand":[],"product_cat":[46,121,71],"product_tag":[25],"class_list":{"0":"post-479","1":"product","2":"type-product","3":"status-publish","4":"has-post-thumbnail","6":"product_cat-actuadores-neumaticos","7":"product_cat-atex","8":"product_cat-cajas-de-senalizacion-finales-de-carrera-actuadores-neumaticos","9":"product_tag-caja-aluminio-eexia","10":"sales-flash-overlay","11":"woocommerce-text-align-center","12":"woocommerce-image-align-center","13":"do-quantity-buttons","14":"wc-has-gallery","16":"first","17":"instock","18":"product-type-simple"},"acf":[],"yoast_head":"<!-- This site is optimized with the Yoast SEO plugin v27.0 - https:\/\/yoast.com\/product\/yoast-seo-wordpress\/ -->\n<title>Caja Final de Carrera Serie CA - Diteico SL - Distribuidor en Espa\u00f1a<\/title>\n<meta name=\"description\" content=\"Distribuidor Oficial en Espa\u00f1a de Actuadores El\u00e9ctricos, Actuadores Neum\u00e1ticos, Reductores, Acomplamientos y Accesorios de las marcas J+J y CH-air.\" \/>\n<meta name=\"robots\" content=\"index, follow, max-snippet:-1, max-image-preview:large, max-video-preview:-1\" \/>\n<link rel=\"canonical\" href=\"https:\/\/diteico.com\/fr\/serie\/serie-ca\/\" \/>\n<meta property=\"og:locale\" content=\"fr_FR\" \/>\n<meta property=\"og:type\" content=\"article\" \/>\n<meta property=\"og:title\" content=\"Caja Final de Carrera Serie CA - Diteico SL - Distribuidor en Espa\u00f1a\" \/>\n<meta property=\"og:description\" content=\"Distribuidor Oficial en Espa\u00f1a de Actuadores El\u00e9ctricos, Actuadores Neum\u00e1ticos, Reductores, Acomplamientos y Accesorios de las marcas J+J y CH-air.\" \/>\n<meta property=\"og:url\" content=\"https:\/\/diteico.com\/fr\/serie\/serie-ca\/\" \/>\n<meta property=\"og:site_name\" content=\"Diteico S.L.\" \/>\n<meta property=\"article:modified_time\" content=\"2017-08-30T14:49:25+00:00\" \/>\n<meta property=\"og:image\" content=\"https:\/\/diteico.com\/wp-content\/uploads\/2017\/07\/atex-ca-frontal-scaled.jpg\" \/>\n\t<meta property=\"og:image:width\" content=\"2560\" \/>\n\t<meta property=\"og:image:height\" content=\"1701\" \/>\n\t<meta property=\"og:image:type\" content=\"image\/jpeg\" \/>\n<meta name=\"twitter:card\" content=\"summary_large_image\" \/>\n<script type=\"application\/ld+json\" class=\"yoast-schema-graph\">{\"@context\":\"https:\/\/schema.org\",\"@graph\":[{\"@type\":\"WebPage\",\"@id\":\"https:\/\/diteico.com\/en\/serie\/serie-ca\/\",\"url\":\"https:\/\/diteico.com\/en\/serie\/serie-ca\/\",\"name\":\"Caja Final de Carrera Serie CA - Diteico SL - Distribuidor en Espa\u00f1a\",\"isPartOf\":{\"@id\":\"https:\/\/diteico.com\/#website\"},\"primaryImageOfPage\":{\"@id\":\"https:\/\/diteico.com\/en\/serie\/serie-ca\/#primaryimage\"},\"image\":{\"@id\":\"https:\/\/diteico.com\/en\/serie\/serie-ca\/#primaryimage\"},\"thumbnailUrl\":\"https:\/\/diteico.com\/wp-content\/uploads\/2017\/07\/atex-ca-frontal-scaled.jpg\",\"datePublished\":\"2017-07-28T14:03:46+00:00\",\"dateModified\":\"2017-08-30T14:49:25+00:00\",\"description\":\"Distribuidor Oficial en Espa\u00f1a de Actuadores El\u00e9ctricos, Actuadores Neum\u00e1ticos, Reductores, Acomplamientos y Accesorios de las marcas J+J y CH-air.\",\"breadcrumb\":{\"@id\":\"https:\/\/diteico.com\/en\/serie\/serie-ca\/#breadcrumb\"},\"inLanguage\":\"fr-FR\",\"potentialAction\":[{\"@type\":\"ReadAction\",\"target\":[\"https:\/\/diteico.com\/en\/serie\/serie-ca\/\"]}]},{\"@type\":\"ImageObject\",\"inLanguage\":\"fr-FR\",\"@id\":\"https:\/\/diteico.com\/en\/serie\/serie-ca\/#primaryimage\",\"url\":\"https:\/\/diteico.com\/wp-content\/uploads\/2017\/07\/atex-ca-frontal-scaled.jpg\",\"contentUrl\":\"https:\/\/diteico.com\/wp-content\/uploads\/2017\/07\/atex-ca-frontal-scaled.jpg\",\"width\":2560,\"height\":1701,\"caption\":\"J+J Actuadores Pneum\u00e1ticos Cajas de se\u00f1alizaci\u00f3n finales de carrera Serie CA frontal\"},{\"@type\":\"BreadcrumbList\",\"@id\":\"https:\/\/diteico.com\/en\/serie\/serie-ca\/#breadcrumb\",\"itemListElement\":[{\"@type\":\"ListItem\",\"position\":1,\"name\":\"Portada\",\"item\":\"https:\/\/diteico.com\/\"},{\"@type\":\"ListItem\",\"position\":2,\"name\":\"Tienda\",\"item\":\"https:\/\/diteico.com\/tienda\/\"},{\"@type\":\"ListItem\",\"position\":3,\"name\":\"Serie CA\"}]},{\"@type\":\"WebSite\",\"@id\":\"https:\/\/diteico.com\/#website\",\"url\":\"https:\/\/diteico.com\/\",\"name\":\"Diteico S.L.\",\"description\":\"Actuadores El\u00e9ctricos, Actuadores Pneum\u00e1ticos, Reductores, Acomplamientos y Accesorios.\",\"potentialAction\":[{\"@type\":\"SearchAction\",\"target\":{\"@type\":\"EntryPoint\",\"urlTemplate\":\"https:\/\/diteico.com\/?s={search_term_string}\"},\"query-input\":{\"@type\":\"PropertyValueSpecification\",\"valueRequired\":true,\"valueName\":\"search_term_string\"}}],\"inLanguage\":\"fr-FR\"}]}<\/script>\n<!-- \/ Yoast SEO plugin. -->","yoast_head_json":{"title":"Bo\u00eetier de fin de course s\u00e9rie CA - Diteico SL - Distributeur en Espagne","description":"Distributeur officiel en Espagne d&#039;actionneurs \u00e9lectriques, d&#039;actionneurs pneumatiques, de r\u00e9ducteurs, de raccords et d&#039;accessoires des marques J + J et CH-air.","robots":{"index":"index","follow":"follow","max-snippet":"max-snippet:-1","max-image-preview":"max-image-preview:large","max-video-preview":"max-video-preview:-1"},"canonical":"https:\/\/diteico.com\/fr\/serie\/serie-ca\/","og_locale":"fr_FR","og_type":"article","og_title":"Caja Final de Carrera Serie CA - Diteico SL - Distribuidor en Espa\u00f1a","og_description":"Distribuidor Oficial en Espa\u00f1a de Actuadores El\u00e9ctricos, Actuadores Neum\u00e1ticos, Reductores, Acomplamientos y Accesorios de las marcas J+J y CH-air.","og_url":"https:\/\/diteico.com\/fr\/serie\/serie-ca\/","og_site_name":"Diteico S.L.","article_modified_time":"2017-08-30T14:49:25+00:00","og_image":[{"width":2560,"height":1701,"url":"https:\/\/diteico.com\/wp-content\/uploads\/2017\/07\/atex-ca-frontal-scaled.jpg","type":"image\/jpeg"}],"twitter_card":"summary_large_image","schema":{"@context":"https:\/\/schema.org","@graph":[{"@type":"WebPage","@id":"https:\/\/diteico.com\/en\/serie\/serie-ca\/","url":"https:\/\/diteico.com\/en\/serie\/serie-ca\/","name":"Bo\u00eetier de fin de course s\u00e9rie CA - Diteico SL - Distributeur en Espagne","isPartOf":{"@id":"https:\/\/diteico.com\/#website"},"primaryImageOfPage":{"@id":"https:\/\/diteico.com\/en\/serie\/serie-ca\/#primaryimage"},"image":{"@id":"https:\/\/diteico.com\/en\/serie\/serie-ca\/#primaryimage"},"thumbnailUrl":"https:\/\/diteico.com\/wp-content\/uploads\/2017\/07\/atex-ca-frontal-scaled.jpg","datePublished":"2017-07-28T14:03:46+00:00","dateModified":"2017-08-30T14:49:25+00:00","description":"Distributeur officiel en Espagne d&#039;actionneurs \u00e9lectriques, d&#039;actionneurs pneumatiques, de r\u00e9ducteurs, de raccords et d&#039;accessoires des marques J + J et CH-air.","breadcrumb":{"@id":"https:\/\/diteico.com\/en\/serie\/serie-ca\/#breadcrumb"},"inLanguage":"fr-FR","potentialAction":[{"@type":"ReadAction","target":["https:\/\/diteico.com\/en\/serie\/serie-ca\/"]}]},{"@type":"ImageObject","inLanguage":"fr-FR","@id":"https:\/\/diteico.com\/en\/serie\/serie-ca\/#primaryimage","url":"https:\/\/diteico.com\/wp-content\/uploads\/2017\/07\/atex-ca-frontal-scaled.jpg","contentUrl":"https:\/\/diteico.com\/wp-content\/uploads\/2017\/07\/atex-ca-frontal-scaled.jpg","width":2560,"height":1701,"caption":"J+J Actuadores Pneum\u00e1ticos Cajas de se\u00f1alizaci\u00f3n finales de carrera Serie CA frontal"},{"@type":"BreadcrumbList","@id":"https:\/\/diteico.com\/en\/serie\/serie-ca\/#breadcrumb","itemListElement":[{"@type":"ListItem","position":1,"name":"Portada","item":"https:\/\/diteico.com\/"},{"@type":"ListItem","position":2,"name":"Tienda","item":"https:\/\/diteico.com\/tienda\/"},{"@type":"ListItem","position":3,"name":"Serie CA"}]},{"@type":"WebSite","@id":"https:\/\/diteico.com\/#website","url":"https:\/\/diteico.com\/","name":"Diteico SL","description":"Actionneurs \u00e9lectriques, actionneurs pneumatiques, r\u00e9ducteurs, accouplements et accessoires.","potentialAction":[{"@type":"SearchAction","target":{"@type":"EntryPoint","urlTemplate":"https:\/\/diteico.com\/?s={search_term_string}"},"query-input":{"@type":"PropertyValueSpecification","valueRequired":true,"valueName":"search_term_string"}}],"inLanguage":"fr-FR"}]}},"_links":{"self":[{"href":"https:\/\/diteico.com\/fr\/wp-json\/wp\/v2\/product\/479","targetHints":{"allow":["GET"]}}],"collection":[{"href":"https:\/\/diteico.com\/fr\/wp-json\/wp\/v2\/product"}],"about":[{"href":"https:\/\/diteico.com\/fr\/wp-json\/wp\/v2\/types\/product"}],"version-history":[{"count":1,"href":"https:\/\/diteico.com\/fr\/wp-json\/wp\/v2\/product\/479\/revisions"}],"predecessor-version":[{"id":828,"href":"https:\/\/diteico.com\/fr\/wp-json\/wp\/v2\/product\/479\/revisions\/828"}],"wp:featuredmedia":[{"embeddable":true,"href":"https:\/\/diteico.com\/fr\/wp-json\/wp\/v2\/media\/613"}],"wp:attachment":[{"href":"https:\/\/diteico.com\/fr\/wp-json\/wp\/v2\/media?parent=479"}],"wp:term":[{"taxonomy":"product_brand","embeddable":true,"href":"https:\/\/diteico.com\/fr\/wp-json\/wp\/v2\/product_brand?post=479"},{"taxonomy":"product_cat","embeddable":true,"href":"https:\/\/diteico.com\/fr\/wp-json\/wp\/v2\/product_cat?post=479"},{"taxonomy":"product_tag","embeddable":true,"href":"https:\/\/diteico.com\/fr\/wp-json\/wp\/v2\/product_tag?post=479"}],"curies":[{"name":"wp","href":"https:\/\/api.w.org\/{rel}","templated":true}]}}