{"id":503,"date":"2017-07-28T16:19:55","date_gmt":"2017-07-28T14:19:55","guid":{"rendered":"http:\/\/diteico.com\/producto\/rmd050\/"},"modified":"2017-08-30T15:49:13","modified_gmt":"2017-08-30T13:49:13","slug":"rmd050","status":"publish","type":"product","link":"https:\/\/diteico.com\/fr\/serie\/rmd050\/","title":{"rendered":"RMD050"},"content":{"rendered":"","protected":false},"excerpt":{"rendered":"<p>Le r\u00e9ducteur d\u00e9brayable RMD050.<\/p>","protected":false},"featured_media":677,"template":"","meta":{"_acf_changed":false},"product_brand":[],"product_cat":[46,75],"product_tag":[],"class_list":{"0":"post-503","1":"product","2":"type-product","3":"status-publish","4":"has-post-thumbnail","6":"product_cat-actuadores-neumaticos","7":"product_cat-reductores-desembragables","8":"sales-flash-overlay","9":"woocommerce-text-align-center","10":"woocommerce-image-align-center","11":"do-quantity-buttons","12":"wc-has-gallery","14":"first","15":"instock","16":"product-type-simple"},"acf":[],"yoast_head":"<!-- This site is optimized with the Yoast SEO plugin v27.0 - https:\/\/yoast.com\/product\/yoast-seo-wordpress\/ -->\n<title>Reductor Desembragable RMD050 - Diteico SL - Distribuidor en Espa\u00f1a<\/title>\n<meta name=\"description\" content=\"Distribuidor Oficial en Espa\u00f1a de Actuadores El\u00e9ctricos, Actuadores Neum\u00e1ticos, Reductores, Acomplamientos y Accesorios de las marcas J+J y CH-air.\" \/>\n<meta name=\"robots\" content=\"index, follow, max-snippet:-1, max-image-preview:large, max-video-preview:-1\" \/>\n<link rel=\"canonical\" href=\"https:\/\/diteico.com\/fr\/produit\/rmd050\/\" \/>\n<meta property=\"og:locale\" content=\"fr_FR\" \/>\n<meta property=\"og:type\" content=\"article\" \/>\n<meta property=\"og:title\" content=\"Reductor Desembragable RMD050 - Diteico SL - Distribuidor en Espa\u00f1a\" \/>\n<meta property=\"og:description\" content=\"Distribuidor Oficial en Espa\u00f1a de Actuadores El\u00e9ctricos, Actuadores Neum\u00e1ticos, Reductores, Acomplamientos y Accesorios de las marcas J+J y CH-air.\" \/>\n<meta property=\"og:url\" content=\"https:\/\/diteico.com\/fr\/produit\/rmd050\/\" \/>\n<meta property=\"og:site_name\" content=\"Diteico S.L.\" \/>\n<meta property=\"article:modified_time\" content=\"2017-08-30T13:49:13+00:00\" \/>\n<meta property=\"og:image\" content=\"https:\/\/diteico.com\/wp-content\/uploads\/2017\/07\/reductores-frontal-scaled.jpg\" \/>\n\t<meta property=\"og:image:width\" content=\"2560\" \/>\n\t<meta property=\"og:image:height\" content=\"1701\" \/>\n\t<meta property=\"og:image:type\" content=\"image\/jpeg\" \/>\n<meta name=\"twitter:card\" content=\"summary_large_image\" \/>\n<script type=\"application\/ld+json\" class=\"yoast-schema-graph\">{\"@context\":\"https:\/\/schema.org\",\"@graph\":[{\"@type\":\"WebPage\",\"@id\":\"https:\/\/diteico.com\/serie\/rmd050\/\",\"url\":\"https:\/\/diteico.com\/serie\/rmd050\/\",\"name\":\"Reductor Desembragable RMD050 - Diteico SL - Distribuidor en Espa\u00f1a\",\"isPartOf\":{\"@id\":\"https:\/\/diteico.com\/#website\"},\"primaryImageOfPage\":{\"@id\":\"https:\/\/diteico.com\/serie\/rmd050\/#primaryimage\"},\"image\":{\"@id\":\"https:\/\/diteico.com\/serie\/rmd050\/#primaryimage\"},\"thumbnailUrl\":\"https:\/\/diteico.com\/wp-content\/uploads\/2017\/07\/reductores-frontal-scaled.jpg\",\"datePublished\":\"2017-07-28T14:19:55+00:00\",\"dateModified\":\"2017-08-30T13:49:13+00:00\",\"description\":\"Distribuidor Oficial en Espa\u00f1a de Actuadores El\u00e9ctricos, Actuadores Neum\u00e1ticos, Reductores, Acomplamientos y Accesorios de las marcas J+J y CH-air.\",\"breadcrumb\":{\"@id\":\"https:\/\/diteico.com\/serie\/rmd050\/#breadcrumb\"},\"inLanguage\":\"fr-FR\",\"potentialAction\":[{\"@type\":\"ReadAction\",\"target\":[\"https:\/\/diteico.com\/serie\/rmd050\/\"]}]},{\"@type\":\"ImageObject\",\"inLanguage\":\"fr-FR\",\"@id\":\"https:\/\/diteico.com\/serie\/rmd050\/#primaryimage\",\"url\":\"https:\/\/diteico.com\/wp-content\/uploads\/2017\/07\/reductores-frontal-scaled.jpg\",\"contentUrl\":\"https:\/\/diteico.com\/wp-content\/uploads\/2017\/07\/reductores-frontal-scaled.jpg\",\"width\":2560,\"height\":1701,\"caption\":\"J+J Actuadores Pneum\u00e1ticos Reductores Desembragables RMD254 frontal\"},{\"@type\":\"BreadcrumbList\",\"@id\":\"https:\/\/diteico.com\/serie\/rmd050\/#breadcrumb\",\"itemListElement\":[{\"@type\":\"ListItem\",\"position\":1,\"name\":\"Portada\",\"item\":\"https:\/\/diteico.com\/\"},{\"@type\":\"ListItem\",\"position\":2,\"name\":\"Tienda\",\"item\":\"https:\/\/diteico.com\/tienda\/\"},{\"@type\":\"ListItem\",\"position\":3,\"name\":\"RMD050\"}]},{\"@type\":\"WebSite\",\"@id\":\"https:\/\/diteico.com\/#website\",\"url\":\"https:\/\/diteico.com\/\",\"name\":\"Diteico S.L.\",\"description\":\"Actuadores El\u00e9ctricos, Actuadores Pneum\u00e1ticos, Reductores, Acomplamientos y Accesorios.\",\"potentialAction\":[{\"@type\":\"SearchAction\",\"target\":{\"@type\":\"EntryPoint\",\"urlTemplate\":\"https:\/\/diteico.com\/?s={search_term_string}\"},\"query-input\":{\"@type\":\"PropertyValueSpecification\",\"valueRequired\":true,\"valueName\":\"search_term_string\"}}],\"inLanguage\":\"fr-FR\"}]}<\/script>\n<!-- \/ Yoast SEO plugin. -->","yoast_head_json":{"title":"R\u00e9ducteur rel\u00e2chable RMD050 - Diteico SL - Distributeur en Espagne","description":"Distributeur officiel en Espagne d&#039;actionneurs \u00e9lectriques, d&#039;actionneurs pneumatiques, de r\u00e9ducteurs, de raccords et d&#039;accessoires des marques J + J et CH-air.","robots":{"index":"index","follow":"follow","max-snippet":"max-snippet:-1","max-image-preview":"max-image-preview:large","max-video-preview":"max-video-preview:-1"},"canonical":"https:\/\/diteico.com\/fr\/produit\/rmd050\/","og_locale":"fr_FR","og_type":"article","og_title":"Reductor Desembragable RMD050 - Diteico SL - Distribuidor en Espa\u00f1a","og_description":"Distribuidor Oficial en Espa\u00f1a de Actuadores El\u00e9ctricos, Actuadores Neum\u00e1ticos, Reductores, Acomplamientos y Accesorios de las marcas J+J y CH-air.","og_url":"https:\/\/diteico.com\/fr\/produit\/rmd050\/","og_site_name":"Diteico S.L.","article_modified_time":"2017-08-30T13:49:13+00:00","og_image":[{"width":2560,"height":1701,"url":"https:\/\/diteico.com\/wp-content\/uploads\/2017\/07\/reductores-frontal-scaled.jpg","type":"image\/jpeg"}],"twitter_card":"summary_large_image","schema":{"@context":"https:\/\/schema.org","@graph":[{"@type":"WebPage","@id":"https:\/\/diteico.com\/serie\/rmd050\/","url":"https:\/\/diteico.com\/serie\/rmd050\/","name":"R\u00e9ducteur rel\u00e2chable RMD050 - Diteico SL - Distributeur en Espagne","isPartOf":{"@id":"https:\/\/diteico.com\/#website"},"primaryImageOfPage":{"@id":"https:\/\/diteico.com\/serie\/rmd050\/#primaryimage"},"image":{"@id":"https:\/\/diteico.com\/serie\/rmd050\/#primaryimage"},"thumbnailUrl":"https:\/\/diteico.com\/wp-content\/uploads\/2017\/07\/reductores-frontal-scaled.jpg","datePublished":"2017-07-28T14:19:55+00:00","dateModified":"2017-08-30T13:49:13+00:00","description":"Distributeur officiel en Espagne d&#039;actionneurs \u00e9lectriques, d&#039;actionneurs pneumatiques, de r\u00e9ducteurs, de raccords et d&#039;accessoires des marques J + J et CH-air.","breadcrumb":{"@id":"https:\/\/diteico.com\/serie\/rmd050\/#breadcrumb"},"inLanguage":"fr-FR","potentialAction":[{"@type":"ReadAction","target":["https:\/\/diteico.com\/serie\/rmd050\/"]}]},{"@type":"ImageObject","inLanguage":"fr-FR","@id":"https:\/\/diteico.com\/serie\/rmd050\/#primaryimage","url":"https:\/\/diteico.com\/wp-content\/uploads\/2017\/07\/reductores-frontal-scaled.jpg","contentUrl":"https:\/\/diteico.com\/wp-content\/uploads\/2017\/07\/reductores-frontal-scaled.jpg","width":2560,"height":1701,"caption":"J+J Actuadores Pneum\u00e1ticos Reductores Desembragables RMD254 frontal"},{"@type":"BreadcrumbList","@id":"https:\/\/diteico.com\/serie\/rmd050\/#breadcrumb","itemListElement":[{"@type":"ListItem","position":1,"name":"Portada","item":"https:\/\/diteico.com\/"},{"@type":"ListItem","position":2,"name":"Tienda","item":"https:\/\/diteico.com\/tienda\/"},{"@type":"ListItem","position":3,"name":"RMD050"}]},{"@type":"WebSite","@id":"https:\/\/diteico.com\/#website","url":"https:\/\/diteico.com\/","name":"Diteico SL","description":"Actionneurs \u00e9lectriques, actionneurs pneumatiques, r\u00e9ducteurs, accouplements et accessoires.","potentialAction":[{"@type":"SearchAction","target":{"@type":"EntryPoint","urlTemplate":"https:\/\/diteico.com\/?s={search_term_string}"},"query-input":{"@type":"PropertyValueSpecification","valueRequired":true,"valueName":"search_term_string"}}],"inLanguage":"fr-FR"}]}},"_links":{"self":[{"href":"https:\/\/diteico.com\/fr\/wp-json\/wp\/v2\/product\/503","targetHints":{"allow":["GET"]}}],"collection":[{"href":"https:\/\/diteico.com\/fr\/wp-json\/wp\/v2\/product"}],"about":[{"href":"https:\/\/diteico.com\/fr\/wp-json\/wp\/v2\/types\/product"}],"version-history":[{"count":0,"href":"https:\/\/diteico.com\/fr\/wp-json\/wp\/v2\/product\/503\/revisions"}],"wp:featuredmedia":[{"embeddable":true,"href":"https:\/\/diteico.com\/fr\/wp-json\/wp\/v2\/media\/677"}],"wp:attachment":[{"href":"https:\/\/diteico.com\/fr\/wp-json\/wp\/v2\/media?parent=503"}],"wp:term":[{"taxonomy":"product_brand","embeddable":true,"href":"https:\/\/diteico.com\/fr\/wp-json\/wp\/v2\/product_brand?post=503"},{"taxonomy":"product_cat","embeddable":true,"href":"https:\/\/diteico.com\/fr\/wp-json\/wp\/v2\/product_cat?post=503"},{"taxonomy":"product_tag","embeddable":true,"href":"https:\/\/diteico.com\/fr\/wp-json\/wp\/v2\/product_tag?post=503"}],"curies":[{"name":"wp","href":"https:\/\/api.w.org\/{rel}","templated":true}]}}