{"id":706,"date":"2017-08-07T16:16:15","date_gmt":"2017-08-07T14:16:15","guid":{"rendered":"http:\/\/diteico.com\/producto\/kit-bsr-2015\/"},"modified":"2017-08-31T10:37:54","modified_gmt":"2017-08-31T08:37:54","slug":"kit-bsr-2015","status":"publish","type":"product","link":"https:\/\/diteico.com\/fr\/serie\/kit-bsr-2015\/","title":{"rendered":"KIT BSR 2015"},"content":{"rendered":"","protected":false},"excerpt":{"rendered":"<p>Le syst\u00e8me de s\u00e9curit\u00e9 BSR 2015 est un automatisme qui, int\u00e9gr\u00e9 aux actionneurs J3C, permet, en cas de coupure de courant<br \/>\n\u00e9lectrique, placez la vanne dans la position pr\u00e9f\u00e9r\u00e9e pr\u00e9d\u00e9termin\u00e9e NC ou NO.<br \/>\n\u00c0 l&#039;int\u00e9rieur de l&#039;actionneur se trouve la carte de circuit imprim\u00e9 BSR ainsi que la batterie qui est charg\u00e9e en permanence,<br \/>\nCela permet d&#039;actionner l&#039;actionneur, si n\u00e9cessaire, lorsque l&#039;unit\u00e9 d\u00e9tecte une panne de courant.<br \/>\nIl faut tenir compte du fait qu&#039;il ne s&#039;agit pas d&#039;un actionneur &quot;simple effet&quot;, mais si la vanne est en position elle ne sera pas<br \/>\npr\u00e9f\u00e9rentiel, le syst\u00e8me BSR, au moyen des batteries, activera la vanne jusqu&#039;\u00e0 ce qu&#039;elle soit plac\u00e9e dans la position pr\u00e9d\u00e9termin\u00e9e comme pr\u00e9f\u00e9rentielle, agissant<br \/>\ncomme actionneur &quot;simple effet&quot;.<\/p>","protected":false},"featured_media":1208,"template":"","meta":{"_acf_changed":false},"product_brand":[],"product_cat":[28,68,36],"product_tag":[],"class_list":{"0":"post-706","1":"product","2":"type-product","3":"status-publish","4":"has-post-thumbnail","6":"product_cat-actuadores-electricos-multivoltaje","7":"product_cat-kit-serie-j3cs-s20s85","8":"product_cat-kits-para-actuadores-electricos-multivoltaje","9":"sales-flash-overlay","10":"woocommerce-text-align-center","11":"woocommerce-image-align-center","12":"do-quantity-buttons","13":"wc-has-gallery","15":"first","16":"instock","17":"product-type-simple"},"acf":[],"yoast_head":"<!-- This site is optimized with the Yoast SEO plugin v27.0 - https:\/\/yoast.com\/product\/yoast-seo-wordpress\/ -->\n<title>Accesorio KIT BSR2015 Actuador J3C - Diteico - Distribuidor en Espa\u00f1a<\/title>\n<meta name=\"description\" content=\"Distribuidor Oficial en Espa\u00f1a de Actuadores El\u00e9ctricos, Actuadores Neum\u00e1ticos, Reductores, Acomplamientos y Accesorios de las marcas J+J y CH-air.\" \/>\n<meta name=\"robots\" content=\"index, follow, max-snippet:-1, max-image-preview:large, max-video-preview:-1\" \/>\n<link rel=\"canonical\" href=\"https:\/\/diteico.com\/fr\/serie\/kit-bsr-2015\/\" \/>\n<meta property=\"og:locale\" content=\"fr_FR\" \/>\n<meta property=\"og:type\" content=\"article\" \/>\n<meta property=\"og:title\" content=\"Accesorio KIT BSR2015 Actuador J3C - Diteico - Distribuidor en Espa\u00f1a\" \/>\n<meta property=\"og:description\" content=\"Distribuidor Oficial en Espa\u00f1a de Actuadores El\u00e9ctricos, Actuadores Neum\u00e1ticos, Reductores, Acomplamientos y Accesorios de las marcas J+J y CH-air.\" \/>\n<meta property=\"og:url\" content=\"https:\/\/diteico.com\/fr\/serie\/kit-bsr-2015\/\" \/>\n<meta property=\"og:site_name\" content=\"Diteico S.L.\" \/>\n<meta property=\"article:modified_time\" content=\"2017-08-31T08:37:54+00:00\" \/>\n<meta property=\"og:image\" content=\"https:\/\/diteico.com\/wp-content\/uploads\/2017\/08\/JJ-Actuadores-Ele\u0301ctricos-Multivoltaje-KITS-para-Actuadores-Ele\u0301ctricos-Multivoltaje-KIT-Serie-J3CS-S20S85-KIT-BSR-2015-3-scaled.jpg\" \/>\n\t<meta property=\"og:image:width\" content=\"2560\" \/>\n\t<meta property=\"og:image:height\" content=\"1701\" \/>\n\t<meta property=\"og:image:type\" content=\"image\/jpeg\" \/>\n<meta name=\"twitter:card\" content=\"summary_large_image\" \/>\n<script type=\"application\/ld+json\" class=\"yoast-schema-graph\">{\"@context\":\"https:\/\/schema.org\",\"@graph\":[{\"@type\":\"WebPage\",\"@id\":\"https:\/\/diteico.com\/en\/serie\/kit-bsr-2015\/\",\"url\":\"https:\/\/diteico.com\/en\/serie\/kit-bsr-2015\/\",\"name\":\"Accesorio KIT BSR2015 Actuador J3C - Diteico - Distribuidor en Espa\u00f1a\",\"isPartOf\":{\"@id\":\"https:\/\/diteico.com\/#website\"},\"primaryImageOfPage\":{\"@id\":\"https:\/\/diteico.com\/en\/serie\/kit-bsr-2015\/#primaryimage\"},\"image\":{\"@id\":\"https:\/\/diteico.com\/en\/serie\/kit-bsr-2015\/#primaryimage\"},\"thumbnailUrl\":\"https:\/\/diteico.com\/wp-content\/uploads\/2017\/08\/JJ-Actuadores-Ele\u0301ctricos-Multivoltaje-KITS-para-Actuadores-Ele\u0301ctricos-Multivoltaje-KIT-Serie-J3CS-S20S85-KIT-BSR-2015-3-scaled.jpg\",\"datePublished\":\"2017-08-07T14:16:15+00:00\",\"dateModified\":\"2017-08-31T08:37:54+00:00\",\"description\":\"Distribuidor Oficial en Espa\u00f1a de Actuadores El\u00e9ctricos, Actuadores Neum\u00e1ticos, Reductores, Acomplamientos y Accesorios de las marcas J+J y CH-air.\",\"breadcrumb\":{\"@id\":\"https:\/\/diteico.com\/en\/serie\/kit-bsr-2015\/#breadcrumb\"},\"inLanguage\":\"fr-FR\",\"potentialAction\":[{\"@type\":\"ReadAction\",\"target\":[\"https:\/\/diteico.com\/en\/serie\/kit-bsr-2015\/\"]}]},{\"@type\":\"ImageObject\",\"inLanguage\":\"fr-FR\",\"@id\":\"https:\/\/diteico.com\/en\/serie\/kit-bsr-2015\/#primaryimage\",\"url\":\"https:\/\/diteico.com\/wp-content\/uploads\/2017\/08\/JJ-Actuadores-Ele\u0301ctricos-Multivoltaje-KITS-para-Actuadores-Ele\u0301ctricos-Multivoltaje-KIT-Serie-J3CS-S20S85-KIT-BSR-2015-3-scaled.jpg\",\"contentUrl\":\"https:\/\/diteico.com\/wp-content\/uploads\/2017\/08\/JJ-Actuadores-Ele\u0301ctricos-Multivoltaje-KITS-para-Actuadores-Ele\u0301ctricos-Multivoltaje-KIT-Serie-J3CS-S20S85-KIT-BSR-2015-3-scaled.jpg\",\"width\":2560,\"height\":1701},{\"@type\":\"BreadcrumbList\",\"@id\":\"https:\/\/diteico.com\/en\/serie\/kit-bsr-2015\/#breadcrumb\",\"itemListElement\":[{\"@type\":\"ListItem\",\"position\":1,\"name\":\"Portada\",\"item\":\"https:\/\/diteico.com\/\"},{\"@type\":\"ListItem\",\"position\":2,\"name\":\"Tienda\",\"item\":\"https:\/\/diteico.com\/tienda\/\"},{\"@type\":\"ListItem\",\"position\":3,\"name\":\"KIT BSR 2015\"}]},{\"@type\":\"WebSite\",\"@id\":\"https:\/\/diteico.com\/#website\",\"url\":\"https:\/\/diteico.com\/\",\"name\":\"Diteico S.L.\",\"description\":\"Actuadores El\u00e9ctricos, Actuadores Pneum\u00e1ticos, Reductores, Acomplamientos y Accesorios.\",\"potentialAction\":[{\"@type\":\"SearchAction\",\"target\":{\"@type\":\"EntryPoint\",\"urlTemplate\":\"https:\/\/diteico.com\/?s={search_term_string}\"},\"query-input\":{\"@type\":\"PropertyValueSpecification\",\"valueRequired\":true,\"valueName\":\"search_term_string\"}}],\"inLanguage\":\"fr-FR\"}]}<\/script>\n<!-- \/ Yoast SEO plugin. -->","yoast_head_json":{"title":"KIT d&#039;accessoires BSR2015 J3C Actionneur - Diteico - Distributeur en Espagne","description":"Distributeur officiel en Espagne d&#039;actionneurs \u00e9lectriques, d&#039;actionneurs pneumatiques, de r\u00e9ducteurs, de raccords et d&#039;accessoires des marques J + J et CH-air.","robots":{"index":"index","follow":"follow","max-snippet":"max-snippet:-1","max-image-preview":"max-image-preview:large","max-video-preview":"max-video-preview:-1"},"canonical":"https:\/\/diteico.com\/fr\/serie\/kit-bsr-2015\/","og_locale":"fr_FR","og_type":"article","og_title":"Accesorio KIT BSR2015 Actuador J3C - Diteico - Distribuidor en Espa\u00f1a","og_description":"Distribuidor Oficial en Espa\u00f1a de Actuadores El\u00e9ctricos, Actuadores Neum\u00e1ticos, Reductores, Acomplamientos y Accesorios de las marcas J+J y CH-air.","og_url":"https:\/\/diteico.com\/fr\/serie\/kit-bsr-2015\/","og_site_name":"Diteico S.L.","article_modified_time":"2017-08-31T08:37:54+00:00","og_image":[{"width":2560,"height":1701,"url":"https:\/\/diteico.com\/wp-content\/uploads\/2017\/08\/JJ-Actuadores-Ele\u0301ctricos-Multivoltaje-KITS-para-Actuadores-Ele\u0301ctricos-Multivoltaje-KIT-Serie-J3CS-S20S85-KIT-BSR-2015-3-scaled.jpg","type":"image\/jpeg"}],"twitter_card":"summary_large_image","schema":{"@context":"https:\/\/schema.org","@graph":[{"@type":"WebPage","@id":"https:\/\/diteico.com\/en\/serie\/kit-bsr-2015\/","url":"https:\/\/diteico.com\/en\/serie\/kit-bsr-2015\/","name":"KIT d&#039;accessoires BSR2015 J3C Actionneur - Diteico - Distributeur en Espagne","isPartOf":{"@id":"https:\/\/diteico.com\/#website"},"primaryImageOfPage":{"@id":"https:\/\/diteico.com\/en\/serie\/kit-bsr-2015\/#primaryimage"},"image":{"@id":"https:\/\/diteico.com\/en\/serie\/kit-bsr-2015\/#primaryimage"},"thumbnailUrl":"https:\/\/diteico.com\/wp-content\/uploads\/2017\/08\/JJ-Actuadores-Ele\u0301ctricos-Multivoltaje-KITS-para-Actuadores-Ele\u0301ctricos-Multivoltaje-KIT-Serie-J3CS-S20S85-KIT-BSR-2015-3-scaled.jpg","datePublished":"2017-08-07T14:16:15+00:00","dateModified":"2017-08-31T08:37:54+00:00","description":"Distributeur officiel en Espagne d&#039;actionneurs \u00e9lectriques, d&#039;actionneurs pneumatiques, de r\u00e9ducteurs, de raccords et d&#039;accessoires des marques J + J et CH-air.","breadcrumb":{"@id":"https:\/\/diteico.com\/en\/serie\/kit-bsr-2015\/#breadcrumb"},"inLanguage":"fr-FR","potentialAction":[{"@type":"ReadAction","target":["https:\/\/diteico.com\/en\/serie\/kit-bsr-2015\/"]}]},{"@type":"ImageObject","inLanguage":"fr-FR","@id":"https:\/\/diteico.com\/en\/serie\/kit-bsr-2015\/#primaryimage","url":"https:\/\/diteico.com\/wp-content\/uploads\/2017\/08\/JJ-Actuadores-Ele\u0301ctricos-Multivoltaje-KITS-para-Actuadores-Ele\u0301ctricos-Multivoltaje-KIT-Serie-J3CS-S20S85-KIT-BSR-2015-3-scaled.jpg","contentUrl":"https:\/\/diteico.com\/wp-content\/uploads\/2017\/08\/JJ-Actuadores-Ele\u0301ctricos-Multivoltaje-KITS-para-Actuadores-Ele\u0301ctricos-Multivoltaje-KIT-Serie-J3CS-S20S85-KIT-BSR-2015-3-scaled.jpg","width":2560,"height":1701},{"@type":"BreadcrumbList","@id":"https:\/\/diteico.com\/en\/serie\/kit-bsr-2015\/#breadcrumb","itemListElement":[{"@type":"ListItem","position":1,"name":"Portada","item":"https:\/\/diteico.com\/"},{"@type":"ListItem","position":2,"name":"Tienda","item":"https:\/\/diteico.com\/tienda\/"},{"@type":"ListItem","position":3,"name":"KIT BSR 2015"}]},{"@type":"WebSite","@id":"https:\/\/diteico.com\/#website","url":"https:\/\/diteico.com\/","name":"Diteico SL","description":"Actionneurs \u00e9lectriques, actionneurs pneumatiques, r\u00e9ducteurs, accouplements et accessoires.","potentialAction":[{"@type":"SearchAction","target":{"@type":"EntryPoint","urlTemplate":"https:\/\/diteico.com\/?s={search_term_string}"},"query-input":{"@type":"PropertyValueSpecification","valueRequired":true,"valueName":"search_term_string"}}],"inLanguage":"fr-FR"}]}},"_links":{"self":[{"href":"https:\/\/diteico.com\/fr\/wp-json\/wp\/v2\/product\/706","targetHints":{"allow":["GET"]}}],"collection":[{"href":"https:\/\/diteico.com\/fr\/wp-json\/wp\/v2\/product"}],"about":[{"href":"https:\/\/diteico.com\/fr\/wp-json\/wp\/v2\/types\/product"}],"version-history":[{"count":0,"href":"https:\/\/diteico.com\/fr\/wp-json\/wp\/v2\/product\/706\/revisions"}],"wp:featuredmedia":[{"embeddable":true,"href":"https:\/\/diteico.com\/fr\/wp-json\/wp\/v2\/media\/1208"}],"wp:attachment":[{"href":"https:\/\/diteico.com\/fr\/wp-json\/wp\/v2\/media?parent=706"}],"wp:term":[{"taxonomy":"product_brand","embeddable":true,"href":"https:\/\/diteico.com\/fr\/wp-json\/wp\/v2\/product_brand?post=706"},{"taxonomy":"product_cat","embeddable":true,"href":"https:\/\/diteico.com\/fr\/wp-json\/wp\/v2\/product_cat?post=706"},{"taxonomy":"product_tag","embeddable":true,"href":"https:\/\/diteico.com\/fr\/wp-json\/wp\/v2\/product_tag?post=706"}],"curies":[{"name":"wp","href":"https:\/\/api.w.org\/{rel}","templated":true}]}}